{"id":1943,"date":"2024-07-10T08:17:48","date_gmt":"2024-07-10T06:17:48","guid":{"rendered":"https:\/\/famed-test.de\/?page_id=1943"},"modified":"2025-11-24T13:09:08","modified_gmt":"2025-11-24T12:09:08","slug":"impressum","status":"publish","type":"page","link":"https:\/\/famed-test.de\/tr\/impressum\/","title":{"rendered":"K\u00fcnye"},"content":{"rendered":"<div data-elementor-type=\"wp-page\" data-elementor-id=\"1943\" class=\"elementor elementor-1943\" data-elementor-post-type=\"page\">\n\t\t\t\t<div class=\"elementor-element elementor-element-3803afa8 e-flex e-con-boxed e-con e-parent\" data-id=\"3803afa8\" data-element_type=\"container\" data-e-type=\"container\" data-settings=\"{&quot;background_background&quot;:&quot;classic&quot;,&quot;shape_divider_bottom&quot;:&quot;tilt&quot;}\">\n\t\t\t\t\t<div class=\"e-con-inner\">\n\t\t\t\t<div class=\"elementor-shape elementor-shape-bottom\" aria-hidden=\"true\" data-negative=\"false\">\n\t\t\t<svg xmlns=\"http:\/\/www.w3.org\/2000\/svg\" viewbox=\"0 0 1000 100\" preserveaspectratio=\"none\">\n\t<path class=\"elementor-shape-fill\" d=\"M0,6V0h1000v100L0,6z\"\/>\n<\/svg>\t\t<\/div>\n\t\t\t\t<div class=\"elementor-element elementor-element-79c7d4b9 elementor-widget elementor-widget-heading\" data-id=\"79c7d4b9\" data-element_type=\"widget\" data-e-type=\"widget\" data-widget_type=\"heading.default\">\n\t\t\t\t<div class=\"elementor-widget-container\">\n\t\t\t\t\t<h2 class=\"elementor-heading-title elementor-size-default\">K\u00fcnye<\/h2>\t\t\t\t<\/div>\n\t\t\t\t<\/div>\n\t\t\t\t\t<\/div>\n\t\t\t\t<\/div>\n\t\t<div class=\"elementor-element elementor-element-76ad28c7 e-flex e-con-boxed e-con e-parent\" data-id=\"76ad28c7\" data-element_type=\"container\" data-e-type=\"container\">\n\t\t\t\t\t<div class=\"e-con-inner\">\n\t\t\t\t<div class=\"elementor-element elementor-element-1872e8c2 elementor-widget elementor-widget-spacer\" data-id=\"1872e8c2\" data-element_type=\"widget\" data-e-type=\"widget\" data-widget_type=\"spacer.default\">\n\t\t\t\t<div class=\"elementor-widget-container\">\n\t\t\t\t\t\t\t<div class=\"elementor-spacer\">\n\t\t\t<div class=\"elementor-spacer-inner\"><\/div>\n\t\t<\/div>\n\t\t\t\t\t\t<\/div>\n\t\t\t\t<\/div>\n\t\t\t\t\t<\/div>\n\t\t\t\t<\/div>\n\t\t<div class=\"elementor-element elementor-element-d64edb6 e-flex e-con-boxed e-con e-parent\" data-id=\"d64edb6\" data-element_type=\"container\" data-e-type=\"container\">\n\t\t\t\t\t<div class=\"e-con-inner\">\n\t\t\t\t<div class=\"elementor-element elementor-element-9d4173d elementor-widget elementor-widget-text-editor\" data-id=\"9d4173d\" data-element_type=\"widget\" data-e-type=\"widget\" data-widget_type=\"text-editor.default\">\n\t\t\t\t<div class=\"elementor-widget-container\">\n\t\t\t\t\t\t\t\t\t<h3>digiFORT Sa\u011fl\u0131k ve Bak\u0131m A.\u015e.<\/h3><p>Genel M\u00fcd\u00fcr: Holger Strehlau<br \/>Wilhelmsh\u00f6her Allee 287<br \/>34131 Kassel<\/p><p>\u0130nternet: famed-test.de | digifort-experts.de\u00a0<\/p><p>\u0130\u00e7erikten sorumlu: Holger Strehlau<br \/>Merkez: Kassel HRB 18934<br \/>Kay\u0131t Mahkemesi: Kassel<\/p><h5>Yasal Uyar\u0131<\/h5><p>Bu ana sayfaya veya alt sayfalar\u0131na ba\u015fka internet sitelerinden ba\u011flant\u0131 verilmesi, bu ana sayfan\u0131n amac\u0131n\u0131 desteklemesi ve ba\u011flant\u0131 verilen sayfay\u0131 b\u00fct\u00fcn olarak veya yeni bir taray\u0131c\u0131 penceresinde g\u00f6stermesi ko\u015fuluyla, ek bilgi veya onay istenmeksizin serbesttir. Ba\u011flant\u0131 verilen siteyi yabanc\u0131 internet sitesinin bir par\u00e7as\u0131 gibi g\u00f6sterecek \u015fekilde \u00e7er\u00e7eve i\u00e7inde g\u00f6steren \u00e7a\u011fr\u0131lar izne tabi de\u011fildir.<\/p><h3>Sorumluluk Reddi<\/h3><h5>Ba\u011flant\u0131lar<\/h5><p>Bu ana sayfadan di\u011fer internet sitelerine y\u00f6nlendiren ba\u011flant\u0131lar, internet kullan\u0131c\u0131s\u0131na bir kolayl\u0131kt\u0131r. Dikkatli bir i\u00e7erik denetimine ra\u011fmen, harici ba\u011flant\u0131lar\u0131n i\u00e7eri\u011finden sorumlu de\u011filiz. Ba\u011flant\u0131 verilen sitelerin i\u00e7eri\u011finden yaln\u0131zca bu sitelerin sahipleri sorumludur.<br \/>\u0130\u00e7erik<br \/>Sayfalar\u0131m\u0131z\u0131n i\u00e7erikleri b\u00fcy\u00fck bir \u00f6zenle haz\u0131rlanm\u0131\u015ft\u0131r. Ancak i\u00e7eriklerin do\u011frulu\u011fu, eksiksizli\u011fi ve g\u00fcncelli\u011fi konusunda herhangi bir garanti veremeyiz. Hizmet sa\u011flay\u0131c\u0131 olarak, TMG'nin 7. maddesinin 1. f\u0131kras\u0131na g\u00f6re, bu sayfalardaki kendi i\u00e7eriklerimizden genel yasalara g\u00f6re sorumluyuz. Ancak TMG'nin 8. ila 10. maddelerine g\u00f6re, aktar\u0131lan veya saklanan yabanc\u0131 bilgileri denetleme veya yasa d\u0131\u015f\u0131 bir faaliyete i\u015faret eden durumlar\u0131 ara\u015ft\u0131rma y\u00fck\u00fcml\u00fcl\u00fc\u011f\u00fcm\u00fcz bulunmamaktad\u0131r. Genel yasalara g\u00f6re bilgilerin kald\u0131r\u0131lmas\u0131 veya kullan\u0131m\u0131n\u0131n engellenmesi y\u00fck\u00fcml\u00fcl\u00fckleri bundan etkilenmez. Ancak bu konuda bir sorumluluk ancak belirli bir ihlalin \u00f6\u011frenildi\u011fi andan itibaren m\u00fcmk\u00fcnd\u00fcr. S\u00f6z konusu yasa ihlallerinin \u00f6\u011frenilmesi halinde, bu i\u00e7erikler derhal kald\u0131r\u0131lacakt\u0131r.<\/p><h5>Veri koruma<\/h5><p>Web sitemizin kullan\u0131m\u0131 genellikle ki\u015fisel verilerin belirtilmesi gerekmeden m\u00fcmk\u00fcnd\u00fcr. Sitemizde ki\u015fisel veriler (\u00f6rne\u011fin isim, adres veya e-posta adresleri) topland\u0131\u011f\u0131nda, m\u00fcmk\u00fcn oldu\u011funca g\u00f6n\u00fcll\u00fcl\u00fck esas\u0131na g\u00f6re yap\u0131l\u0131r. Bu veriler, sizin a\u00e7\u0131k onay\u0131n\u0131z olmadan \u00fc\u00e7\u00fcnc\u00fc \u015fah\u0131slara aktar\u0131lmayacakt\u0131r.<\/p><p>\u0130nternet \u00fczerindeki veri iletiminin (\u00f6rne\u011fin e-posta yoluyla ileti\u015fimde) g\u00fcvenlik a\u00e7\u0131klar\u0131 olabilece\u011fini belirtmek isteriz. Verilerin \u00fc\u00e7\u00fcnc\u00fc ki\u015filerin eri\u015fimine kar\u015f\u0131 eksiksiz korunmas\u0131 m\u00fcmk\u00fcn de\u011fildir.<\/p><p>\u0130leti\u015fim bilgileri y\u00fck\u00fcml\u00fcl\u00fc\u011f\u00fc \u00e7er\u00e7evesinde yay\u0131nlanan ileti\u015fim bilgilerinin \u00fc\u00e7\u00fcnc\u00fc taraflarca a\u00e7\u0131k\u00e7a istenmeyen reklam ve bilgi materyalleri g\u00f6ndermek amac\u0131yla kullan\u0131lmas\u0131ndan a\u00e7\u0131k\u00e7a izin verilmemektedir. Sitenin i\u015fletmecileri, \u00f6zellikle spam e-postalar yoluyla, istenmeyen reklam bilgilerinin g\u00f6nderilmesi durumunda hukuki i\u015flem yapma hakk\u0131n\u0131 a\u00e7\u0131k\u00e7a sakl\u0131 tutar.<\/p><p>Ana sayfam\u0131za yap\u0131lan her eri\u015fim ve ana sayfada bulunan bir dosyan\u0131n her al\u0131nmas\u0131 kaydedilir (sunucu kayd\u0131). Kay\u0131t, dahili sistemle ilgili ve istatistiksel ama\u00e7lar i\u00e7in kullan\u0131l\u0131r. Kaydedilenler: Al\u0131nan dosyan\u0131n ad\u0131, al\u0131nma tarihi ve saati, aktar\u0131lan veri miktar\u0131, ba\u015far\u0131l\u0131 al\u0131nma mesaj\u0131, web taray\u0131c\u0131s\u0131 ve y\u00f6nlendiren. Ek olarak, istek yapan bilgisayarlar\u0131n IP adresleri kaydedilir. Bu web sitesinin g\u00fcvenli\u011fi ve korunmas\u0131 i\u00e7in sunucu kay\u0131t verilerinin kesinlikle gerekli oldu\u011funu anlay\u0131\u015fla kar\u015f\u0131lars\u0131n\u0131z.<\/p><p>Daha fazla ki\u015fisel veri, siz iste\u011finiz veya kayd\u0131n\u0131z gibi bir durumda g\u00f6n\u00fcll\u00fc olarak bu bilgileri sa\u011flad\u0131\u011f\u0131n\u0131zda toplanacakt\u0131r.<\/p><h5>Resim referanslar\u0131<\/h5><p>shutterstock.com, Adobe Stock<\/p>\t\t\t\t\t\t\t\t<\/div>\n\t\t\t\t<\/div>\n\t\t\t\t\t<\/div>\n\t\t\t\t<\/div>\n\t\t<div class=\"elementor-element elementor-element-685af48 e-flex e-con-boxed e-con e-parent\" data-id=\"685af48\" data-element_type=\"container\" data-e-type=\"container\">\n\t\t\t\t\t<div class=\"e-con-inner\">\n\t\t\t\t<div class=\"elementor-element elementor-element-7eef40e elementor-widget elementor-widget-spacer\" data-id=\"7eef40e\" data-element_type=\"widget\" data-e-type=\"widget\" data-widget_type=\"spacer.default\">\n\t\t\t\t<div class=\"elementor-widget-container\">\n\t\t\t\t\t\t\t<div class=\"elementor-spacer\">\n\t\t\t<div class=\"elementor-spacer-inner\"><\/div>\n\t\t<\/div>\n\t\t\t\t\t\t<\/div>\n\t\t\t\t<\/div>\n\t\t\t\t\t<\/div>\n\t\t\t\t<\/div>\n\t\t<div class=\"elementor-element elementor-element-134eab67 e-flex e-con-boxed e-con e-parent\" data-id=\"134eab67\" data-element_type=\"container\" data-e-type=\"container\" data-settings=\"{&quot;background_background&quot;:&quot;classic&quot;}\">\n\t\t\t\t\t<div class=\"e-con-inner\">\n\t\t\t\t<div class=\"elementor-element elementor-element-6a7fd05e elementor-widget elementor-widget-heading\" data-id=\"6a7fd05e\" data-element_type=\"widget\" data-e-type=\"widget\" data-widget_type=\"heading.default\">\n\t\t\t\t<div class=\"elementor-widget-container\">\n\t\t\t\t\t<h2 class=\"elementor-heading-title elementor-size-default\">Herhangi bir sorunuz var m\u0131?<\/h2>\t\t\t\t<\/div>\n\t\t\t\t<\/div>\n\t\t\t\t<div class=\"elementor-element elementor-element-6c39bab1 elementor-widget elementor-widget-heading\" data-id=\"6c39bab1\" data-element_type=\"widget\" data-e-type=\"widget\" data-widget_type=\"heading.default\">\n\t\t\t\t<div class=\"elementor-widget-container\">\n\t\t\t\t\t<h2 class=\"elementor-heading-title elementor-size-default\">E-posta ile bize ula\u015f\u0131n!<\/h2>\t\t\t\t<\/div>\n\t\t\t\t<\/div>\n\t\t\t\t<div class=\"elementor-element elementor-element-46f3013a elementor-widget-tablet__width-initial elementor-mobile-align-center elementor-widget__width-initial elementor-align-center elementor-widget elementor-widget-button\" data-id=\"46f3013a\" data-element_type=\"widget\" data-e-type=\"widget\" data-widget_type=\"button.default\">\n\t\t\t\t<div class=\"elementor-widget-container\">\n\t\t\t\t\t\t\t\t\t<div class=\"elementor-button-wrapper\">\n\t\t\t\t\t<a class=\"elementor-button elementor-button-link elementor-size-sm\" href=\"mailto:service@famed-test.de\">\n\t\t\t\t\t\t<span class=\"elementor-button-content-wrapper\">\n\t\t\t\t\t\t<span class=\"elementor-button-icon\">\n\t\t\t\t<svg aria-hidden=\"true\" class=\"e-font-icon-svg e-far-envelope\" viewbox=\"0 0 512 512\" xmlns=\"http:\/\/www.w3.org\/2000\/svg\"><path d=\"M464 64H48C21.49 64 0 85.49 0 112v288c0 26.51 21.49 48 48 48h416c26.51 0 48-21.49 48-48V112c0-26.51-21.49-48-48-48zm0 48v40.805c-22.422 18.259-58.168 46.651-134.587 106.49-16.841 13.247-50.201 45.072-73.413 44.701-23.208.375-56.579-31.459-73.413-44.701C106.18 199.465 70.425 171.067 48 152.805V112h416zM48 400V214.398c22.914 18.251 55.409 43.862 104.938 82.646 21.857 17.205 60.134 55.186 103.062 54.955 42.717.231 80.509-37.199 103.053-54.947 49.528-38.783 82.032-64.401 104.947-82.653V400H48z\"><\/path><\/svg>\t\t\t<\/span>\n\t\t\t\t\t\t\t\t\t<span class=\"elementor-button-text\">Temas<\/span>\n\t\t\t\t\t<\/span>\n\t\t\t\t\t<\/a>\n\t\t\t\t<\/div>\n\t\t\t\t\t\t\t\t<\/div>\n\t\t\t\t<\/div>\n\t\t\t\t\t<\/div>\n\t\t\t\t<\/div>\n\t\t\t\t<\/div>","protected":false},"excerpt":{"rendered":"<p>Impressum digiFORT Gesundheit und Pflege GmbH Gesch\u00e4ftsf\u00fchrer: Holger StrehlauWilhelmsh\u00f6her Allee 28734131 Kassel Internet: famed-test.de | digifort-experts.de\u00a0 Verantwortlich f\u00fcr den Inhalt: Holger StrehlauSitz: Kassel HRB 18934Registergericht: Kassel Rechtliche Hinweise Links von anderen Internet-Angeboten auf diese Homepage oder ihre Unterseiten sind ohne weitere Informationen oder Anfragen erlaubt, sofern sie das Anliegen dieser Homepage unterst\u00fctzen und sie oder [&hellip;]<\/p>\n","protected":false},"author":3,"featured_media":0,"parent":0,"menu_order":0,"comment_status":"closed","ping_status":"closed","template":"elementor_header_footer","meta":{"inline_featured_image":false,"footnotes":""},"class_list":["post-1943","page","type-page","status-publish","hentry"],"jetpack_sharing_enabled":true,"_links":{"self":[{"href":"https:\/\/famed-test.de\/tr\/wp-json\/wp\/v2\/pages\/1943","targetHints":{"allow":["GET"]}}],"collection":[{"href":"https:\/\/famed-test.de\/tr\/wp-json\/wp\/v2\/pages"}],"about":[{"href":"https:\/\/famed-test.de\/tr\/wp-json\/wp\/v2\/types\/page"}],"author":[{"embeddable":true,"href":"https:\/\/famed-test.de\/tr\/wp-json\/wp\/v2\/users\/3"}],"replies":[{"embeddable":true,"href":"https:\/\/famed-test.de\/tr\/wp-json\/wp\/v2\/comments?post=1943"}],"version-history":[{"count":13,"href":"https:\/\/famed-test.de\/tr\/wp-json\/wp\/v2\/pages\/1943\/revisions"}],"predecessor-version":[{"id":3163,"href":"https:\/\/famed-test.de\/tr\/wp-json\/wp\/v2\/pages\/1943\/revisions\/3163"}],"wp:attachment":[{"href":"https:\/\/famed-test.de\/tr\/wp-json\/wp\/v2\/media?parent=1943"}],"curies":[{"name":"wp","href":"https:\/\/api.w.org\/{rel}","templated":true}]}}