{"id":1943,"date":"2024-07-10T08:17:48","date_gmt":"2024-07-10T06:17:48","guid":{"rendered":"https:\/\/famed-test.de\/?page_id=1943"},"modified":"2025-11-24T13:09:08","modified_gmt":"2025-11-24T12:09:08","slug":"impressum","status":"publish","type":"page","link":"https:\/\/famed-test.de\/ru\/impressum\/","title":{"rendered":"\u0412\u044b\u0445\u043e\u0434\u043d\u044b\u0435 \u0434\u0430\u043d\u043d\u044b\u0435"},"content":{"rendered":"<div data-elementor-type=\"wp-page\" data-elementor-id=\"1943\" class=\"elementor elementor-1943\" data-elementor-post-type=\"page\">\n\t\t\t\t<div class=\"elementor-element elementor-element-3803afa8 e-flex e-con-boxed e-con e-parent\" data-id=\"3803afa8\" data-element_type=\"container\" data-e-type=\"container\" data-settings=\"{&quot;background_background&quot;:&quot;classic&quot;,&quot;shape_divider_bottom&quot;:&quot;tilt&quot;}\">\n\t\t\t\t\t<div class=\"e-con-inner\">\n\t\t\t\t<div class=\"elementor-shape elementor-shape-bottom\" aria-hidden=\"true\" data-negative=\"false\">\n\t\t\t<svg xmlns=\"http:\/\/www.w3.org\/2000\/svg\" viewbox=\"0 0 1000 100\" preserveaspectratio=\"none\">\n\t<path class=\"elementor-shape-fill\" d=\"M0,6V0h1000v100L0,6z\"\/>\n<\/svg>\t\t<\/div>\n\t\t\t\t<div class=\"elementor-element elementor-element-79c7d4b9 elementor-widget elementor-widget-heading\" data-id=\"79c7d4b9\" data-element_type=\"widget\" data-e-type=\"widget\" data-widget_type=\"heading.default\">\n\t\t\t\t<div class=\"elementor-widget-container\">\n\t\t\t\t\t<h2 class=\"elementor-heading-title elementor-size-default\">\u0412\u044b\u0445\u043e\u0434\u043d\u044b\u0435 \u0434\u0430\u043d\u043d\u044b\u0435<\/h2>\t\t\t\t<\/div>\n\t\t\t\t<\/div>\n\t\t\t\t\t<\/div>\n\t\t\t\t<\/div>\n\t\t<div class=\"elementor-element elementor-element-76ad28c7 e-flex e-con-boxed e-con e-parent\" data-id=\"76ad28c7\" data-element_type=\"container\" data-e-type=\"container\">\n\t\t\t\t\t<div class=\"e-con-inner\">\n\t\t\t\t<div class=\"elementor-element elementor-element-1872e8c2 elementor-widget elementor-widget-spacer\" data-id=\"1872e8c2\" data-element_type=\"widget\" data-e-type=\"widget\" data-widget_type=\"spacer.default\">\n\t\t\t\t<div class=\"elementor-widget-container\">\n\t\t\t\t\t\t\t<div class=\"elementor-spacer\">\n\t\t\t<div class=\"elementor-spacer-inner\"><\/div>\n\t\t<\/div>\n\t\t\t\t\t\t<\/div>\n\t\t\t\t<\/div>\n\t\t\t\t\t<\/div>\n\t\t\t\t<\/div>\n\t\t<div class=\"elementor-element elementor-element-d64edb6 e-flex e-con-boxed e-con e-parent\" data-id=\"d64edb6\" data-element_type=\"container\" data-e-type=\"container\">\n\t\t\t\t\t<div class=\"e-con-inner\">\n\t\t\t\t<div class=\"elementor-element elementor-element-9d4173d elementor-widget elementor-widget-text-editor\" data-id=\"9d4173d\" data-element_type=\"widget\" data-e-type=\"widget\" data-widget_type=\"text-editor.default\">\n\t\t\t\t<div class=\"elementor-widget-container\">\n\t\t\t\t\t\t\t\t\t<h3>\u0434\u0438\u0433\u0438\u0424\u041e\u0420\u0422 \u0417\u0434\u043e\u0440\u043e\u0432\u044c\u0435 \u0438 \u0423\u0445\u043e\u0434 \u0413\u043c\u0431\u0425<\/h3><p>\u0413\u0435\u043d\u0435\u0440\u0430\u043b\u044c\u043d\u044b\u0439 \u0434\u0438\u0440\u0435\u043a\u0442\u043e\u0440: \u0425\u043e\u043b\u044c\u0433\u0435\u0440 \u0428\u0442\u0440\u0435\u043b\u0430\u0443<br \/>\u0412\u0438\u043b\u044c\u0433\u0435\u043b\u044c\u043csh\u00f6her \u0410\u043b\u043b\u0435\u0435 287<br \/>34131 \u041a\u0430\u0441\u0441\u0435\u043b\u044c<\/p><p>\u0418\u043d\u0442\u0435\u0440\u043d\u0435\u0442: famed-test.de | digifort-experts.de\u00a0<\/p><p>\u041e\u0442\u0432\u0435\u0442\u0441\u0442\u0432\u0435\u043d\u043d\u044b\u0439 \u0437\u0430 \u0441\u043e\u0434\u0435\u0440\u0436\u0430\u043d\u0438\u0435: \u0425\u043e\u043b\u044c\u0433\u0435\u0440 \u0428\u0442\u0440\u0435\u043b\u0430\u0443<br \/>\u041c\u0435\u0441\u0442\u043e\u043d\u0430\u0445\u043e\u0436\u0434\u0435\u043d\u0438\u0435: \u041a\u0430\u0441\u0441\u0435\u043b\u044c HRB 18934<br \/>Registergericht: \u041a\u0430\u0441\u0441\u0435\u043b\u044c<\/p><h5>\u041f\u0440\u0430\u0432\u043e\u0432\u0430\u044f \u0438\u043d\u0444\u043e\u0440\u043c\u0430\u0446\u0438\u044f<\/h5><p>\u0421\u0441\u044b\u043b\u043a\u0438 \u043d\u0430 \u044d\u0442\u0443 \u0434\u043e\u043c\u0430\u0448\u043d\u044e\u044e \u0441\u0442\u0440\u0430\u043d\u0438\u0446\u0443 \u0438\u043b\u0438 \u0435\u0435 \u043f\u043e\u0434\u0441\u0442\u0440\u0430\u043d\u0438\u0446\u044b \u0441 \u0434\u0440\u0443\u0433\u0438\u0445 \u0438\u043d\u0442\u0435\u0440\u043d\u0435\u0442-\u0440\u0435\u0441\u0443\u0440\u0441\u043e\u0432 \u0440\u0430\u0437\u0440\u0435\u0448\u0435\u043d\u044b \u0431\u0435\u0437 \u0434\u043e\u043f\u043e\u043b\u043d\u0438\u0442\u0435\u043b\u044c\u043d\u043e\u0439 \u0438\u043d\u0444\u043e\u0440\u043c\u0430\u0446\u0438\u0438 \u0438\u043b\u0438 \u0437\u0430\u043f\u0440\u043e\u0441\u043e\u0432, \u0435\u0441\u043b\u0438 \u043e\u043d\u0438 \u043f\u043e\u0434\u0434\u0435\u0440\u0436\u0438\u0432\u0430\u044e\u0442 \u0446\u0435\u043b\u044c \u044d\u0442\u043e\u0439 \u0434\u043e\u043c\u0430\u0448\u043d\u0435\u0439 \u0441\u0442\u0440\u0430\u043d\u0438\u0446\u044b \u0438 \u043e\u0442\u043e\u0431\u0440\u0430\u0436\u0430\u044e\u0442 \u0435\u0435 \u0438\u043b\u0438 \u043e\u0434\u043d\u0443 \u0438\u0437 \u0435\u0435 \u043f\u043e\u0434\u0441\u0442\u0440\u0430\u043d\u0438\u0446 \u0432 \u043f\u043e\u043b\u043d\u043e\u043c \u043f\u0440\u0435\u0436\u043d\u0435\u043c \u0438\u043b\u0438 \u043d\u043e\u0432\u043e\u043c \u043e\u043a\u043d\u0435 \u0431\u0440\u0430\u0443\u0437\u0435\u0440\u0430. \u0412\u044b\u0437\u043e\u0432\u044b \u0432\u043e \u0444\u0440\u0435\u0439\u043c\u043e\u0432\u043e\u043c \u043e\u043a\u043d\u0435, \u043a\u043e\u0442\u043e\u0440\u044b\u0435 \u0434\u0435\u043b\u0430\u044e\u0442 \u0441\u0432\u044f\u0437\u0430\u043d\u043d\u044b\u0435 \u0441\u0442\u0440\u0430\u043d\u0438\u0446\u044b \u044d\u0442\u043e\u0433\u043e \u0432\u0435\u0431-\u0441\u0430\u0439\u0442\u0430 \u0447\u0430\u0441\u0442\u044c\u044e \u0432\u043d\u0435\u0448\u043d\u0435\u0439 \u0438\u043d\u0442\u0435\u0440\u043d\u0435\u0442-\u0441\u0442\u0440\u0430\u043d\u0438\u0446\u044b, \u043d\u0435 \u0440\u0430\u0437\u0440\u0435\u0448\u0435\u043d\u044b.<\/p><h3>\u041e\u0442\u043a\u0430\u0437 \u043e\u0442 \u043e\u0442\u0432\u0435\u0442\u0441\u0442\u0432\u0435\u043d\u043d\u043e\u0441\u0442\u0438<\/h3><h5>\u0421\u0441\u044b\u043b\u043a\u0438<\/h5><p>\u0421\u0441\u044b\u043b\u043a\u0438, \u0432\u0435\u0434\u0443\u0449\u0438\u0435 \u0441 \u044d\u0442\u043e\u0439 \u0434\u043e\u043c\u0430\u0448\u043d\u0435\u0439 \u0441\u0442\u0440\u0430\u043d\u0438\u0446\u044b \u043d\u0430 \u0434\u0440\u0443\u0433\u0438\u0435 \u0438\u043d\u0442\u0435\u0440\u043d\u0435\u0442-\u0441\u0442\u0440\u0430\u043d\u0438\u0446\u044b, \u044f\u0432\u043b\u044f\u044e\u0442\u0441\u044f \u0443\u0441\u043b\u0443\u0433\u043e\u0439 \u0434\u043b\u044f \u043f\u043e\u043b\u044c\u0437\u043e\u0432\u0430\u0442\u0435\u043b\u044f \u0438\u043d\u0442\u0435\u0440\u043d\u0435\u0442\u0430. \u041d\u0435\u0441\u043c\u043e\u0442\u0440\u044f \u043d\u0430 \u0442\u0449\u0430\u0442\u0435\u043b\u044c\u043d\u0443\u044e \u043f\u0440\u043e\u0432\u0435\u0440\u043a\u0443 \u0441\u043e\u0434\u0435\u0440\u0436\u0430\u043d\u0438\u044f, \u043c\u044b \u043d\u0435 \u043d\u0435\u0441\u0435\u043c \u043e\u0442\u0432\u0435\u0442\u0441\u0442\u0432\u0435\u043d\u043d\u043e\u0441\u0442\u0438 \u0437\u0430 \u0441\u043e\u0434\u0435\u0440\u0436\u0430\u043d\u0438\u0435 \u0432\u043d\u0435\u0448\u043d\u0438\u0445 \u0441\u0441\u044b\u043b\u043e\u043a. \u0417\u0430 \u0441\u043e\u0434\u0435\u0440\u0436\u0430\u043d\u0438\u0435 \u0441\u0441\u044b\u043b\u043e\u0447\u043d\u044b\u0445 \u0441\u0442\u0440\u0430\u043d\u0438\u0446 \u043d\u0435\u0441\u0443\u0442 \u043e\u0442\u0432\u0435\u0442\u0441\u0442\u0432\u0435\u043d\u043d\u043e\u0441\u0442\u044c \u0438\u0441\u043a\u043b\u044e\u0447\u0438\u0442\u0435\u043b\u044c\u043d\u043e \u0438\u0445 \u0432\u043b\u0430\u0434\u0435\u043b\u044c\u0446\u044b.<br \/>\u0421\u043e\u0434\u0435\u0440\u0436\u0430\u043d\u0438\u0435<br \/>\u0421\u043e\u0434\u0435\u0440\u0436\u0430\u043d\u0438\u0435 \u043d\u0430\u0448\u0438\u0445 \u0441\u0442\u0440\u0430\u043d\u0438\u0446 \u0431\u044b\u043b\u043e \u0441\u043e\u0437\u0434\u0430\u043d\u043e \u0441 \u043f\u0440\u0435\u0434\u0435\u043b\u044c\u043d\u043e\u0439 \u043e\u0441\u0442\u043e\u0440\u043e\u0436\u043d\u043e\u0441\u0442\u044c\u044e. \u041e\u0434\u043d\u0430\u043a\u043e \u043c\u044b \u043d\u0435 \u043c\u043e\u0436\u0435\u043c \u0433\u0430\u0440\u0430\u043d\u0442\u0438\u0440\u043e\u0432\u0430\u0442\u044c \u043f\u0440\u0430\u0432\u0438\u043b\u044c\u043d\u043e\u0441\u0442\u044c, \u043f\u043e\u043b\u043d\u043e\u0442\u0443 \u0438 \u0430\u043a\u0442\u0443\u0430\u043b\u044c\u043d\u043e\u0441\u0442\u044c \u0441\u043e\u0434\u0435\u0440\u0436\u0438\u043c\u043e\u0433\u043e. \u041a\u0430\u043a \u043f\u043e\u0441\u0442\u0430\u0432\u0449\u0438\u043a \u0443\u0441\u043b\u0443\u0433, \u0441\u043e\u0433\u043b\u0430\u0441\u043d\u043e \u00a7 7 \u0430\u0431\u0437. 1 TMG, \u043c\u044b \u043d\u0435\u0441\u0435\u043c \u043e\u0442\u0432\u0435\u0442\u0441\u0442\u0432\u0435\u043d\u043d\u043e\u0441\u0442\u044c \u0437\u0430 \u0441\u043e\u0431\u0441\u0442\u0432\u0435\u043d\u043d\u044b\u0439 \u043a\u043e\u043d\u0442\u0435\u043d\u0442 \u043d\u0430 \u044d\u0442\u0438\u0445 \u0441\u0442\u0440\u0430\u043d\u0438\u0446\u0430\u0445 \u0441\u043e\u0433\u043b\u0430\u0441\u043d\u043e \u043e\u0431\u0449\u0438\u043c \u0437\u0430\u043a\u043e\u043d\u0430\u043c. \u041e\u0434\u043d\u0430\u043a\u043e, \u0441\u043e\u0433\u043b\u0430\u0441\u043d\u043e \u00a7\u00a7 8-10 TMG, \u043c\u044b, \u043a\u0430\u043a \u043f\u043e\u0441\u0442\u0430\u0432\u0449\u0438\u043a\u0438 \u0443\u0441\u043b\u0443\u0433, \u043d\u0435 \u043e\u0431\u044f\u0437\u0430\u043d\u044b \u0441\u043b\u0435\u0434\u0438\u0442\u044c \u0437\u0430 \u043f\u0435\u0440\u0435\u0434\u0430\u043d\u043d\u043e\u0439 \u0438\u043b\u0438 \u0441\u043e\u0445\u0440\u0430\u043d\u0435\u043d\u043d\u043e\u0439 \u0441\u0442\u043e\u0440\u043e\u043d\u043d\u0435\u0439 \u0438\u043d\u0444\u043e\u0440\u043c\u0430\u0446\u0438\u0435\u0439 \u0438\u043b\u0438 \u0438\u0441\u0441\u043b\u0435\u0434\u043e\u0432\u0430\u0442\u044c \u043e\u0431\u0441\u0442\u043e\u044f\u0442\u0435\u043b\u044c\u0441\u0442\u0432\u0430, \u0443\u043a\u0430\u0437\u044b\u0432\u0430\u044e\u0449\u0438\u0435 \u043d\u0430 \u043d\u0435\u0437\u0430\u043a\u043e\u043d\u043d\u0443\u044e \u0434\u0435\u044f\u0442\u0435\u043b\u044c\u043d\u043e\u0441\u0442\u044c. \u041e\u0431\u044f\u0437\u0430\u0442\u0435\u043b\u044c\u0441\u0442\u0432\u0430 \u043f\u043e \u0443\u0434\u0430\u043b\u0435\u043d\u0438\u044e \u0438\u043b\u0438 \u0431\u043b\u043e\u043a\u0438\u0440\u043e\u0432\u0430\u043d\u0438\u044e \u0438\u0441\u043f\u043e\u043b\u044c\u0437\u043e\u0432\u0430\u043d\u0438\u044f \u0438\u043d\u0444\u043e\u0440\u043c\u0430\u0446\u0438\u0438 \u0441\u043e\u0433\u043b\u0430\u0441\u043d\u043e \u043e\u0431\u0449\u0438\u043c \u0437\u0430\u043a\u043e\u043d\u0430\u043c \u043e\u0441\u0442\u0430\u044e\u0442\u0441\u044f \u043f\u0440\u0438 \u044d\u0442\u043e\u043c \u0431\u0435\u0437 \u0438\u0437\u043c\u0435\u043d\u0435\u043d\u0438\u0439. \u041e\u0434\u043d\u0430\u043a\u043e \u043e\u0442\u0432\u0435\u0442\u0441\u0442\u0432\u0435\u043d\u043d\u043e\u0441\u0442\u044c \u0432 \u044d\u0442\u043e\u043c \u043e\u0442\u043d\u043e\u0448\u0435\u043d\u0438\u0438 \u0432\u043e\u0437\u043c\u043e\u0436\u043d\u0430 \u0442\u043e\u043b\u044c\u043a\u043e \u0441 \u043c\u043e\u043c\u0435\u043d\u0442\u0430 \u043f\u043e\u043b\u0443\u0447\u0435\u043d\u0438\u044f \u0438\u043d\u0444\u043e\u0440\u043c\u0430\u0446\u0438\u0438 \u043e \u043a\u043e\u043d\u043a\u0440\u0435\u0442\u043d\u043e\u043c \u043d\u0430\u0440\u0443\u0448\u0435\u043d\u0438\u0438 \u0437\u0430\u043a\u043e\u043d\u0430. \u041f\u0440\u0438 \u043e\u0431\u043d\u0430\u0440\u0443\u0436\u0435\u043d\u0438\u0438 \u0441\u043e\u043e\u0442\u0432\u0435\u0442\u0441\u0442\u0432\u0443\u044e\u0449\u0438\u0445 \u043d\u0430\u0440\u0443\u0448\u0435\u043d\u0438\u0439 \u0437\u0430\u043a\u043e\u043d\u0430 \u043c\u044b \u043d\u0435\u043c\u0435\u0434\u043b\u0435\u043d\u043d\u043e \u0443\u0434\u0430\u043b\u0438\u043c \u044d\u0442\u043e\u0442 \u043a\u043e\u043d\u0442\u0435\u043d\u0442.<\/p><h5>\u0417\u0430\u0449\u0438\u0442\u0430 \u0434\u0430\u043d\u043d\u044b\u0445<\/h5><p>\u041f\u043e\u043b\u044c\u0437\u043e\u0432\u0430\u043d\u0438\u0435 \u043d\u0430\u0448\u0438\u043c \u0432\u0435\u0431-\u0441\u0430\u0439\u0442\u043e\u043c, \u043a\u0430\u043a \u043f\u0440\u0430\u0432\u0438\u043b\u043e, \u0432\u043e\u0437\u043c\u043e\u0436\u043d\u043e \u0431\u0435\u0437 \u043f\u0440\u0435\u0434\u043e\u0441\u0442\u0430\u0432\u043b\u0435\u043d\u0438\u044f \u043f\u0435\u0440\u0441\u043e\u043d\u0430\u043b\u044c\u043d\u044b\u0445 \u0434\u0430\u043d\u043d\u044b\u0445. \u0412 \u0442\u043e\u0439 \u043c\u0435\u0440\u0435, \u0432 \u043a\u0430\u043a\u043e\u0439 \u043d\u0430 \u043d\u0430\u0448\u0438\u0445 \u0441\u0442\u0440\u0430\u043d\u0438\u0446\u0430\u0445 \u0441\u043e\u0431\u0438\u0440\u0430\u044e\u0442\u0441\u044f \u043f\u0435\u0440\u0441\u043e\u043d\u0430\u043b\u044c\u043d\u044b\u0435 \u0434\u0430\u043d\u043d\u044b\u0435 (\u043d\u0430\u043f\u0440\u0438\u043c\u0435\u0440, \u0438\u043c\u044f, \u0430\u0434\u0440\u0435\u0441 \u0438\u043b\u0438 \u044d\u043b\u0435\u043a\u0442\u0440\u043e\u043d\u043d\u0430\u044f \u043f\u043e\u0447\u0442\u0430), \u044d\u0442\u043e \u0434\u0435\u043b\u0430\u0435\u0442\u0441\u044f, \u043f\u043e \u0432\u043e\u0437\u043c\u043e\u0436\u043d\u043e\u0441\u0442\u0438, \u0432\u0441\u0435\u0433\u0434\u0430 \u043d\u0430 \u0434\u043e\u0431\u0440\u043e\u0432\u043e\u043b\u044c\u043d\u043e\u0439 \u043e\u0441\u043d\u043e\u0432\u0435. \u042d\u0442\u0438 \u0434\u0430\u043d\u043d\u044b\u0435 \u043d\u0435 \u0431\u0443\u0434\u0443\u0442 \u043f\u0435\u0440\u0435\u0434\u0430\u043d\u044b \u0442\u0440\u0435\u0442\u044c\u0438\u043c \u043b\u0438\u0446\u0430\u043c \u0431\u0435\u0437 \u0432\u0430\u0448\u0435\u0433\u043e \u044f\u0432\u043d\u043e\u0433\u043e \u0441\u043e\u0433\u043b\u0430\u0441\u0438\u044f.<\/p><p>\u041c\u044b \u043e\u0431\u0440\u0430\u0449\u0430\u0435\u043c \u0432\u0430\u0448\u0435 \u0432\u043d\u0438\u043c\u0430\u043d\u0438\u0435 \u043d\u0430 \u0442\u043e, \u0447\u0442\u043e \u043f\u0435\u0440\u0435\u0434\u0430\u0447\u0430 \u0434\u0430\u043d\u043d\u044b\u0445 \u0432 \u0418\u043d\u0442\u0435\u0440\u043d\u0435\u0442\u0435 (\u043d\u0430\u043f\u0440\u0438\u043c\u0435\u0440, \u043f\u0440\u0438 \u043e\u0431\u043c\u0435\u043d\u0435 \u044d\u043b\u0435\u043a\u0442\u0440\u043e\u043d\u043d\u043e\u0439 \u043f\u043e\u0447\u0442\u043e\u0439) \u043c\u043e\u0436\u0435\u0442 \u0438\u043c\u0435\u0442\u044c \u0443\u044f\u0437\u0432\u0438\u043c\u043e\u0441\u0442\u0438 \u0431\u0435\u0437\u043e\u043f\u0430\u0441\u043d\u043e\u0441\u0442\u0438. \u041f\u043e\u043b\u043d\u0430\u044f \u0437\u0430\u0449\u0438\u0442\u0430 \u0434\u0430\u043d\u043d\u044b\u0445 \u043e\u0442 \u0434\u043e\u0441\u0442\u0443\u043f\u0430 \u0442\u0440\u0435\u0442\u044c\u0438\u0445 \u043b\u0438\u0446 \u043d\u0435\u0432\u043e\u0437\u043c\u043e\u0436\u043d\u0430.<\/p><p>\u041d\u0430\u0441\u0442\u043e\u044f\u0449\u0438\u043c \u043d\u0430\u0441\u0442\u043e\u044f\u0449\u0438\u043c \u0437\u0430\u043f\u0440\u0435\u0449\u0430\u0435\u0442\u0441\u044f \u0438\u0441\u043f\u043e\u043b\u044c\u0437\u043e\u0432\u0430\u043d\u0438\u0435 \u043a\u043e\u043d\u0442\u0430\u043a\u0442\u043d\u044b\u0445 \u0434\u0430\u043d\u043d\u044b\u0445, \u043e\u043f\u0443\u0431\u043b\u0438\u043a\u043e\u0432\u0430\u043d\u043d\u044b\u0445 \u0432 \u0440\u0430\u043c\u043a\u0430\u0445 \u043e\u0431\u044f\u0437\u0430\u0442\u0435\u043b\u044c\u0441\u0442\u0432 \u043f\u043e \u0440\u0430\u0441\u043a\u0440\u044b\u0442\u0438\u044e \u0438\u043d\u0444\u043e\u0440\u043c\u0430\u0446\u0438\u0438, \u0442\u0440\u0435\u0442\u044c\u0438\u043c\u0438 \u043b\u0438\u0446\u0430\u043c\u0438 \u0434\u043b\u044f \u0440\u0430\u0441\u0441\u044b\u043b\u043a\u0438 \u044f\u0432\u043d\u043e \u043d\u0435 \u0437\u0430\u043f\u0440\u043e\u0448\u0435\u043d\u043d\u043e\u0439 \u0440\u0435\u043a\u043b\u0430\u043c\u044b \u0438 \u0438\u043d\u0444\u043e\u0440\u043c\u0430\u0446\u0438\u043e\u043d\u043d\u044b\u0445 \u043c\u0430\u0442\u0435\u0440\u0438\u0430\u043b\u043e\u0432. \u041e\u043f\u0435\u0440\u0430\u0442\u043e\u0440\u044b \u0441\u0430\u0439\u0442\u043e\u0432 \u043e\u0441\u0442\u0430\u0432\u043b\u044f\u044e\u0442 \u0437\u0430 \u0441\u043e\u0431\u043e\u0439 \u043f\u0440\u0430\u0432\u043e \u043f\u0440\u0438\u043c\u0435\u043d\u044f\u0442\u044c \u043f\u0440\u0430\u0432\u043e\u0432\u044b\u0435 \u043c\u0435\u0440\u044b \u0432 \u0441\u043b\u0443\u0447\u0430\u0435 \u043d\u0435\u0441\u0430\u043d\u043a\u0446\u0438\u043e\u043d\u0438\u0440\u043e\u0432\u0430\u043d\u043d\u043e\u0439 \u0440\u0430\u0441\u0441\u044b\u043b\u043a\u0438 \u0440\u0435\u043a\u043b\u0430\u043c\u043d\u043e\u0439 \u0438\u043d\u0444\u043e\u0440\u043c\u0430\u0446\u0438\u0438, \u043d\u0430\u043f\u0440\u0438\u043c\u0435\u0440, \u043f\u0443\u0442\u0435\u043c \u0441\u043f\u0430\u043c-\u0441\u043e\u043e\u0431\u0449\u0435\u043d\u0438\u0439.<\/p><p>\u041a\u0430\u0436\u0434\u044b\u0439 \u0434\u043e\u0441\u0442\u0443\u043f \u043a \u043d\u0430\u0448\u0435\u0439 \u0434\u043e\u043c\u0430\u0448\u043d\u0435\u0439 \u0441\u0442\u0440\u0430\u043d\u0438\u0446\u0435 \u0438 \u043a\u0430\u0436\u0434\u044b\u0439 \u0432\u044b\u0437\u043e\u0432 \u0444\u0430\u0439\u043b\u0430, \u0437\u0430\u0433\u0440\u0443\u0436\u0435\u043d\u043d\u043e\u0433\u043e \u043d\u0430 \u0434\u043e\u043c\u0430\u0448\u043d\u044e\u044e \u0441\u0442\u0440\u0430\u043d\u0438\u0446\u0443, \u0440\u0435\u0433\u0438\u0441\u0442\u0440\u0438\u0440\u0443\u044e\u0442\u0441\u044f (\u0441\u0435\u0440\u0432\u0435\u0440\u043d\u044b\u0439 \u043b\u043e\u0433). \u0425\u0440\u0430\u043d\u0435\u043d\u0438\u0435 \u0441\u043b\u0443\u0436\u0438\u0442 \u0432\u043d\u0443\u0442\u0440\u0435\u043d\u043d\u0438\u043c \u0441\u0438\u0441\u0442\u0435\u043c\u043d\u044b\u043c \u0438 \u0441\u0442\u0430\u0442\u0438\u0441\u0442\u0438\u0447\u0435\u0441\u043a\u0438\u043c \u0446\u0435\u043b\u044f\u043c. \u0420\u0435\u0433\u0438\u0441\u0442\u0440\u0438\u0440\u0443\u044e\u0442\u0441\u044f: \u0438\u043c\u044f \u0438\u0437\u0432\u043b\u0435\u0447\u0435\u043d\u043d\u043e\u0433\u043e \u0444\u0430\u0439\u043b\u0430, \u0434\u0430\u0442\u0430 \u0438 \u0432\u0440\u0435\u043c\u044f \u0438\u0437\u0432\u043b\u0435\u0447\u0435\u043d\u0438\u044f, \u043e\u0431\u044a\u0435\u043c \u043f\u0435\u0440\u0435\u0434\u0430\u043d\u043d\u044b\u0445 \u0434\u0430\u043d\u043d\u044b\u0445, \u0441\u043e\u043e\u0431\u0449\u0435\u043d\u0438\u0435 \u043e\u0431 \u0443\u0441\u043f\u0435\u0448\u043d\u043e\u043c \u0438\u0437\u0432\u043b\u0435\u0447\u0435\u043d\u0438\u0438, \u0432\u0435\u0431-\u0431\u0440\u0430\u0443\u0437\u0435\u0440 \u0438 \u0440\u0435\u0444\u0435\u0440\u0435\u0440. \u041a\u0440\u043e\u043c\u0435 \u0442\u043e\u0433\u043e, \u0440\u0435\u0433\u0438\u0441\u0442\u0440\u0438\u0440\u0443\u044e\u0442\u0441\u044f IP-\u0430\u0434\u0440\u0435\u0441\u0430 \u0437\u0430\u043f\u0440\u0430\u0448\u0438\u0432\u0430\u0435\u043c\u044b\u0445 \u043a\u043e\u043c\u043f\u044c\u044e\u0442\u0435\u0440\u043e\u0432. \u041f\u043e\u0436\u0430\u043b\u0443\u0439\u0441\u0442\u0430, \u043f\u043e\u0439\u043c\u0438\u0442\u0435, \u0447\u0442\u043e \u0434\u0430\u043d\u043d\u044b\u0435 \u0441\u0435\u0440\u0432\u0435\u0440\u043d\u043e\u0433\u043e \u043b\u043e\u0433\u0430 \u0430\u0431\u0441\u043e\u043b\u044e\u0442\u043d\u043e \u043d\u0435\u043e\u0431\u0445\u043e\u0434\u0438\u043c\u044b \u0434\u043b\u044f \u0431\u0435\u0437\u043e\u043f\u0430\u0441\u043d\u043e\u0441\u0442\u0438 \u0438 \u0437\u0430\u0449\u0438\u0442\u044b \u044d\u0442\u043e\u0433\u043e \u0432\u0435\u0431-\u043f\u0440\u0438\u0441\u0443\u0442\u0441\u0442\u0432\u0438\u044f.<\/p><p>\u0414\u0430\u043b\u044c\u043d\u0435\u0439\u0448\u0438\u0435 \u043f\u0435\u0440\u0441\u043e\u043d\u0430\u043b\u044c\u043d\u044b\u0435 \u0434\u0430\u043d\u043d\u044b\u0435 \u0441\u043e\u0431\u0438\u0440\u0430\u044e\u0442\u0441\u044f \u0442\u043e\u043b\u044c\u043a\u043e \u0432 \u0442\u043e\u043c \u0441\u043b\u0443\u0447\u0430\u0435, \u0435\u0441\u043b\u0438 \u0432\u044b \u043f\u0440\u0435\u0434\u043e\u0441\u0442\u0430\u0432\u043b\u044f\u0435\u0442\u0435 \u0438\u0445 \u0434\u043e\u0431\u0440\u043e\u0432\u043e\u043b\u044c\u043d\u043e, \u043d\u0430\u043f\u0440\u0438\u043c\u0435\u0440, \u0432 \u0440\u0430\u043c\u043a\u0430\u0445 \u0437\u0430\u043f\u0440\u043e\u0441\u0430 \u0438\u043b\u0438 \u0440\u0435\u0433\u0438\u0441\u0442\u0440\u0430\u0446\u0438\u0438.<\/p><h5>\u0421\u0441\u044b\u043b\u043a\u0438 \u043d\u0430 \u0438\u0437\u043e\u0431\u0440\u0430\u0436\u0435\u043d\u0438\u044f<\/h5><p>shutterstock.com, Adobe Stock<\/p>\t\t\t\t\t\t\t\t<\/div>\n\t\t\t\t<\/div>\n\t\t\t\t\t<\/div>\n\t\t\t\t<\/div>\n\t\t<div class=\"elementor-element elementor-element-685af48 e-flex e-con-boxed e-con e-parent\" data-id=\"685af48\" data-element_type=\"container\" data-e-type=\"container\">\n\t\t\t\t\t<div class=\"e-con-inner\">\n\t\t\t\t<div class=\"elementor-element elementor-element-7eef40e elementor-widget elementor-widget-spacer\" data-id=\"7eef40e\" data-element_type=\"widget\" data-e-type=\"widget\" data-widget_type=\"spacer.default\">\n\t\t\t\t<div class=\"elementor-widget-container\">\n\t\t\t\t\t\t\t<div class=\"elementor-spacer\">\n\t\t\t<div class=\"elementor-spacer-inner\"><\/div>\n\t\t<\/div>\n\t\t\t\t\t\t<\/div>\n\t\t\t\t<\/div>\n\t\t\t\t\t<\/div>\n\t\t\t\t<\/div>\n\t\t<div class=\"elementor-element elementor-element-134eab67 e-flex e-con-boxed e-con e-parent\" data-id=\"134eab67\" data-element_type=\"container\" data-e-type=\"container\" data-settings=\"{&quot;background_background&quot;:&quot;classic&quot;}\">\n\t\t\t\t\t<div class=\"e-con-inner\">\n\t\t\t\t<div class=\"elementor-element elementor-element-6a7fd05e elementor-widget elementor-widget-heading\" data-id=\"6a7fd05e\" data-element_type=\"widget\" data-e-type=\"widget\" data-widget_type=\"heading.default\">\n\t\t\t\t<div class=\"elementor-widget-container\">\n\t\t\t\t\t<h2 class=\"elementor-heading-title elementor-size-default\">\u0423 \u0432\u0430\u0441 \u0435\u0441\u0442\u044c \u0432\u043e\u043f\u0440\u043e\u0441\u044b?<\/h2>\t\t\t\t<\/div>\n\t\t\t\t<\/div>\n\t\t\t\t<div class=\"elementor-element elementor-element-6c39bab1 elementor-widget elementor-widget-heading\" data-id=\"6c39bab1\" data-element_type=\"widget\" data-e-type=\"widget\" data-widget_type=\"heading.default\">\n\t\t\t\t<div class=\"elementor-widget-container\">\n\t\t\t\t\t<h2 class=\"elementor-heading-title elementor-size-default\">\u0421\u0432\u044f\u0436\u0438\u0442\u0435\u0441\u044c \u0441 \u043d\u0430\u043c\u0438 \u043f\u043e \u044d\u043b\u0435\u043a\u0442\u0440\u043e\u043d\u043d\u043e\u0439 \u043f\u043e\u0447\u0442\u0435!<\/h2>\t\t\t\t<\/div>\n\t\t\t\t<\/div>\n\t\t\t\t<div class=\"elementor-element elementor-element-46f3013a elementor-widget-tablet__width-initial elementor-mobile-align-center elementor-widget__width-initial elementor-align-center elementor-widget elementor-widget-button\" data-id=\"46f3013a\" data-element_type=\"widget\" data-e-type=\"widget\" data-widget_type=\"button.default\">\n\t\t\t\t<div class=\"elementor-widget-container\">\n\t\t\t\t\t\t\t\t\t<div class=\"elementor-button-wrapper\">\n\t\t\t\t\t<a class=\"elementor-button elementor-button-link elementor-size-sm\" href=\"mailto:service@famed-test.de\">\n\t\t\t\t\t\t<span class=\"elementor-button-content-wrapper\">\n\t\t\t\t\t\t<span class=\"elementor-button-icon\">\n\t\t\t\t<svg aria-hidden=\"true\" class=\"e-font-icon-svg e-far-envelope\" viewbox=\"0 0 512 512\" xmlns=\"http:\/\/www.w3.org\/2000\/svg\"><path d=\"M464 64H48C21.49 64 0 85.49 0 112v288c0 26.51 21.49 48 48 48h416c26.51 0 48-21.49 48-48V112c0-26.51-21.49-48-48-48zm0 48v40.805c-22.422 18.259-58.168 46.651-134.587 106.49-16.841 13.247-50.201 45.072-73.413 44.701-23.208.375-56.579-31.459-73.413-44.701C106.18 199.465 70.425 171.067 48 152.805V112h416zM48 400V214.398c22.914 18.251 55.409 43.862 104.938 82.646 21.857 17.205 60.134 55.186 103.062 54.955 42.717.231 80.509-37.199 103.053-54.947 49.528-38.783 82.032-64.401 104.947-82.653V400H48z\"><\/path><\/svg>\t\t\t<\/span>\n\t\t\t\t\t\t\t\t\t<span class=\"elementor-button-text\">\u0421\u0432\u044f\u0436\u0438\u0442\u0435\u0441\u044c \u0441 \u043d\u0430\u043c\u0438<\/span>\n\t\t\t\t\t<\/span>\n\t\t\t\t\t<\/a>\n\t\t\t\t<\/div>\n\t\t\t\t\t\t\t\t<\/div>\n\t\t\t\t<\/div>\n\t\t\t\t\t<\/div>\n\t\t\t\t<\/div>\n\t\t\t\t<\/div>","protected":false},"excerpt":{"rendered":"<p>Impressum digiFORT Gesundheit und Pflege GmbH Gesch\u00e4ftsf\u00fchrer: Holger StrehlauWilhelmsh\u00f6her Allee 28734131 Kassel Internet: famed-test.de | digifort-experts.de\u00a0 Verantwortlich f\u00fcr den Inhalt: Holger StrehlauSitz: Kassel HRB 18934Registergericht: Kassel Rechtliche Hinweise Links von anderen Internet-Angeboten auf diese Homepage oder ihre Unterseiten sind ohne weitere Informationen oder Anfragen erlaubt, sofern sie das Anliegen dieser Homepage unterst\u00fctzen und sie oder [&hellip;]<\/p>\n","protected":false},"author":3,"featured_media":0,"parent":0,"menu_order":0,"comment_status":"closed","ping_status":"closed","template":"elementor_header_footer","meta":{"inline_featured_image":false,"footnotes":""},"class_list":["post-1943","page","type-page","status-publish","hentry"],"jetpack_sharing_enabled":true,"_links":{"self":[{"href":"https:\/\/famed-test.de\/ru\/wp-json\/wp\/v2\/pages\/1943","targetHints":{"allow":["GET"]}}],"collection":[{"href":"https:\/\/famed-test.de\/ru\/wp-json\/wp\/v2\/pages"}],"about":[{"href":"https:\/\/famed-test.de\/ru\/wp-json\/wp\/v2\/types\/page"}],"author":[{"embeddable":true,"href":"https:\/\/famed-test.de\/ru\/wp-json\/wp\/v2\/users\/3"}],"replies":[{"embeddable":true,"href":"https:\/\/famed-test.de\/ru\/wp-json\/wp\/v2\/comments?post=1943"}],"version-history":[{"count":13,"href":"https:\/\/famed-test.de\/ru\/wp-json\/wp\/v2\/pages\/1943\/revisions"}],"predecessor-version":[{"id":3163,"href":"https:\/\/famed-test.de\/ru\/wp-json\/wp\/v2\/pages\/1943\/revisions\/3163"}],"wp:attachment":[{"href":"https:\/\/famed-test.de\/ru\/wp-json\/wp\/v2\/media?parent=1943"}],"curies":[{"name":"wp","href":"https:\/\/api.w.org\/{rel}","templated":true}]}}