{"id":990,"date":"2024-05-13T13:13:31","date_gmt":"2024-05-13T11:13:31","guid":{"rendered":"https:\/\/wp.famed-test.de\/?page_id=990"},"modified":"2026-03-03T14:19:24","modified_gmt":"2026-03-03T13:19:24","slug":"pruefungsablauf","status":"publish","type":"page","link":"https:\/\/famed-test.de\/ro\/pruefungsablauf\/","title":{"rendered":"Pr\u00fcfungsablauf"},"content":{"rendered":"<div data-elementor-type=\"wp-post\" data-elementor-id=\"990\" class=\"elementor elementor-990\" data-elementor-post-type=\"page\">\n\t\t\t\t<div class=\"elementor-element elementor-element-ebbc62e e-flex e-con-boxed e-con e-parent\" data-id=\"ebbc62e\" data-element_type=\"container\" data-e-type=\"container\" data-settings=\"{&quot;background_background&quot;:&quot;classic&quot;,&quot;shape_divider_top&quot;:&quot;tilt&quot;,&quot;shape_divider_bottom&quot;:&quot;tilt&quot;}\">\n\t\t\t\t\t<div class=\"e-con-inner\">\n\t\t\t\t<div class=\"elementor-shape elementor-shape-top\" aria-hidden=\"true\" data-negative=\"false\">\n\t\t\t<svg xmlns=\"http:\/\/www.w3.org\/2000\/svg\" viewbox=\"0 0 1000 100\" preserveaspectratio=\"none\">\n\t<path class=\"elementor-shape-fill\" d=\"M0,6V0h1000v100L0,6z\"\/>\n<\/svg>\t\t<\/div>\n\t\t\t\t<div class=\"elementor-shape elementor-shape-bottom\" aria-hidden=\"true\" data-negative=\"false\">\n\t\t\t<svg xmlns=\"http:\/\/www.w3.org\/2000\/svg\" viewbox=\"0 0 1000 100\" preserveaspectratio=\"none\">\n\t<path class=\"elementor-shape-fill\" d=\"M0,6V0h1000v100L0,6z\"\/>\n<\/svg>\t\t<\/div>\n\t\t\t\t<div class=\"elementor-element elementor-element-19fa307 elementor-widget elementor-widget-spacer\" data-id=\"19fa307\" data-element_type=\"widget\" data-e-type=\"widget\" data-widget_type=\"spacer.default\">\n\t\t\t\t<div class=\"elementor-widget-container\">\n\t\t\t\t\t\t\t<div class=\"elementor-spacer\">\n\t\t\t<div class=\"elementor-spacer-inner\"><\/div>\n\t\t<\/div>\n\t\t\t\t\t\t<\/div>\n\t\t\t\t<\/div>\n\t\t\t\t<div class=\"elementor-element elementor-element-eda33a3 elementor-widget elementor-widget-heading\" data-id=\"eda33a3\" data-element_type=\"widget\" data-e-type=\"widget\" data-widget_type=\"heading.default\">\n\t\t\t\t<div class=\"elementor-widget-container\">\n\t\t\t\t\t<h2 class=\"elementor-heading-title elementor-size-default\">Pr\u00fcfungsablauf <\/h2>\t\t\t\t<\/div>\n\t\t\t\t<\/div>\n\t\t\t\t<div class=\"elementor-element elementor-element-5bb81d5 elementor-widget elementor-widget-spacer\" data-id=\"5bb81d5\" data-element_type=\"widget\" data-e-type=\"widget\" data-widget_type=\"spacer.default\">\n\t\t\t\t<div class=\"elementor-widget-container\">\n\t\t\t\t\t\t\t<div class=\"elementor-spacer\">\n\t\t\t<div class=\"elementor-spacer-inner\"><\/div>\n\t\t<\/div>\n\t\t\t\t\t\t<\/div>\n\t\t\t\t<\/div>\n\t\t\t\t\t<\/div>\n\t\t\t\t<\/div>\n\t\t<div class=\"elementor-element elementor-element-733e914 e-flex e-con-boxed e-con e-parent\" data-id=\"733e914\" data-element_type=\"container\" data-e-type=\"container\">\n\t\t\t\t\t<div class=\"e-con-inner\">\n\t\t<div class=\"elementor-element elementor-element-c28aec8 e-con-full e-flex e-con e-child\" data-id=\"c28aec8\" data-element_type=\"container\" data-e-type=\"container\">\n\t\t\t\t<div class=\"elementor-element elementor-element-6cddb3fb elementor-widget elementor-widget-text-editor\" data-id=\"6cddb3fb\" data-element_type=\"widget\" data-e-type=\"widget\" data-widget_type=\"text-editor.default\">\n\t\t\t\t<div class=\"elementor-widget-container\">\n\t\t\t\t\t\t\t\t\t<p>Das Pr\u00fcfungsformat f\u00fcr die Anerkennung in Bayern und Rheinland-Pfalz besteht aus insgesamt zwei m\u00fcndlichen Pr\u00fcfungsstationen und einer schriftlichen Pr\u00fcfungsstation. Die Reihenfolge der m\u00fcndlichen Stationen kann variieren. Die Pr\u00fcfung schlie\u00dft immer mit der schriftlichen Station ab. Zwischen den Stationen haben Sie eine Minute Pause.<\/p><p>Bis auf die oben genannten Pr\u00fcfungssituationen gibt es keine weiteren Pr\u00fcfungsteile. Ein Vokabeltest oder die \u00dcbersetzung von Fachbegriffen ist beispielsweise kein Teil der Pr\u00fcfung.<\/p><p>Um die Berufspraxis m\u00f6glichst authentisch widerzuspiegeln, wurde das OSCE-Format (Objective Structured Clinical Examination) f\u00fcr die FaMed gew\u00e4hlt. Die F\u00e4lle, die behandelt werden, unterscheiden sich sowohl innerhalb als auch zwischen den Pr\u00fcfungsstationen. Alle Pr\u00fcfungsinhalte sind aus den F\u00e4chern Allgemeinmedizin, Innere Medizin oder Chirurgie gew\u00e4hlt.<\/p>\t\t\t\t\t\t\t\t<\/div>\n\t\t\t\t<\/div>\n\t\t\t\t<\/div>\n\t\t<div class=\"elementor-element elementor-element-665d0fe6 e-con-full e-flex e-con e-child\" data-id=\"665d0fe6\" data-element_type=\"container\" data-e-type=\"container\">\n\t\t\t\t<div class=\"elementor-element elementor-element-aae743b elementor-widget__width-initial elementor-widget elementor-widget-image\" data-id=\"aae743b\" data-element_type=\"widget\" data-e-type=\"widget\" data-widget_type=\"image.default\">\n\t\t\t\t<div class=\"elementor-widget-container\">\n\t\t\t\t\t\t\t\t\t\t\t\t\t\t\t<img fetchpriority=\"high\" decoding=\"async\" width=\"800\" height=\"800\" src=\"https:\/\/famed-test.de\/wp-content\/uploads\/2024\/05\/Diabetes-rafiki.svg\" class=\"attachment-large size-large wp-image-904\" alt=\"\" \/>\t\t\t\t\t\t\t\t\t\t\t\t\t\t\t<\/div>\n\t\t\t\t<\/div>\n\t\t\t\t<\/div>\n\t\t\t\t\t<\/div>\n\t\t\t\t<\/div>\n\t\t<div class=\"elementor-element elementor-element-5bff083 e-flex e-con-boxed e-con e-parent\" data-id=\"5bff083\" data-element_type=\"container\" data-e-type=\"container\" data-settings=\"{&quot;background_background&quot;:&quot;classic&quot;}\">\n\t\t\t\t\t<div class=\"e-con-inner\">\n\t\t<div class=\"elementor-element elementor-element-ecce91c e-con-full e-flex e-con e-child\" data-id=\"ecce91c\" data-element_type=\"container\" data-e-type=\"container\">\n\t\t\t\t<div class=\"elementor-element elementor-element-c721fce elementor-widget elementor-widget-heading\" data-id=\"c721fce\" data-element_type=\"widget\" data-e-type=\"widget\" data-settings=\"{&quot;_animation&quot;:&quot;none&quot;}\" data-widget_type=\"heading.default\">\n\t\t\t\t<div class=\"elementor-widget-container\">\n\t\t\t\t\t<h2 class=\"elementor-heading-title elementor-size-default\">Details<\/h2>\t\t\t\t<\/div>\n\t\t\t\t<\/div>\n\t\t\t\t<div class=\"elementor-element elementor-element-1ca25a6 elementor-widget elementor-widget-text-editor\" data-id=\"1ca25a6\" data-element_type=\"widget\" data-e-type=\"widget\" data-settings=\"{&quot;_animation&quot;:&quot;none&quot;,&quot;_animation_delay&quot;:100}\" data-widget_type=\"text-editor.default\">\n\t\t\t\t<div class=\"elementor-widget-container\">\n\t\t\t\t\t\t\t\t\t<div class=\"faq-wrap\"><div class=\"faq-answer\"><p class=\"paragraph\">Die Reihenfolge der m\u00fcndlichen Stationen kann variieren. Die Pr\u00fcfung schlie\u00dft immer mit der schriftlichen Station ab. F\u00fcr die m\u00fcndlichen Stationen haben Sie jeweils 11 Minuten Zeit, f\u00fcr die schriftliche 22 Minuten. Zwischen den Stationen haben Sie eine Minute Pause.<\/p><\/div><\/div>\t\t\t\t\t\t\t\t<\/div>\n\t\t\t\t<\/div>\n\t\t\t\t<div class=\"elementor-element elementor-element-cb964e2 elementor-widget elementor-widget-image\" data-id=\"cb964e2\" data-element_type=\"widget\" data-e-type=\"widget\" data-settings=\"{&quot;_animation&quot;:&quot;none&quot;,&quot;_animation_delay&quot;:300}\" data-widget_type=\"image.default\">\n\t\t\t\t<div class=\"elementor-widget-container\">\n\t\t\t\t\t\t\t\t\t\t\t\t\t\t\t<img decoding=\"async\" width=\"4192\" height=\"1401\" src=\"https:\/\/famed-test.de\/wp-content\/uploads\/2024\/07\/Pruefungsablauf-Bayern-scaled.png\" class=\"attachment-full size-full wp-image-1905\" alt=\"Organigram zum Ablauf von Sprachpr\u00fcfungen\" \/>\t\t\t\t\t\t\t\t\t\t\t\t\t\t\t<\/div>\n\t\t\t\t<\/div>\n\t\t\t\t<\/div>\n\t\t\t\t\t<\/div>\n\t\t\t\t<\/div>\n\t\t<div class=\"elementor-element elementor-element-09427b7 e-flex e-con-boxed e-con e-parent\" data-id=\"09427b7\" data-element_type=\"container\" data-e-type=\"container\" data-settings=\"{&quot;background_background&quot;:&quot;classic&quot;}\">\n\t\t\t\t\t<div class=\"e-con-inner\">\n\t\t<div class=\"elementor-element elementor-element-9279b4a e-con-full e-flex e-con e-child\" data-id=\"9279b4a\" data-element_type=\"container\" data-e-type=\"container\">\n\t\t\t\t<div class=\"elementor-element elementor-element-d4a0aee elementor-widget__width-initial elementor-widget elementor-widget-image\" data-id=\"d4a0aee\" data-element_type=\"widget\" data-e-type=\"widget\" data-widget_type=\"image.default\">\n\t\t\t\t<div class=\"elementor-widget-container\">\n\t\t\t\t\t\t\t\t\t\t\t\t\t\t\t<img decoding=\"async\" width=\"800\" height=\"800\" src=\"https:\/\/famed-test.de\/wp-content\/uploads\/2024\/05\/Learning-languages-rafiki.svg\" class=\"attachment-large size-large wp-image-917\" alt=\"\" \/>\t\t\t\t\t\t\t\t\t\t\t\t\t\t\t<\/div>\n\t\t\t\t<\/div>\n\t\t\t\t<\/div>\n\t\t<div class=\"elementor-element elementor-element-0306392 e-con-full e-flex e-con e-child\" data-id=\"0306392\" data-element_type=\"container\" data-e-type=\"container\">\n\t\t\t\t<div class=\"elementor-element elementor-element-6b342df elementor-widget elementor-widget-heading\" data-id=\"6b342df\" data-element_type=\"widget\" data-e-type=\"widget\" data-widget_type=\"heading.default\">\n\t\t\t\t<div class=\"elementor-widget-container\">\n\t\t\t\t\t<h2 class=\"elementor-heading-title elementor-size-default\">M\u00fcndliche Pr\u00fcfungsstationen<\/h2>\t\t\t\t<\/div>\n\t\t\t\t<\/div>\n\t\t\t\t<div class=\"elementor-element elementor-element-32250db elementor-widget elementor-widget-text-editor\" data-id=\"32250db\" data-element_type=\"widget\" data-e-type=\"widget\" data-widget_type=\"text-editor.default\">\n\t\t\t\t<div class=\"elementor-widget-container\">\n\t\t\t\t\t\t\t\t\t<p>Arzt-Patienten-Kommunikation (23 Minuten inkl. Lesezeit)<\/p>\t\t\t\t\t\t\t\t<\/div>\n\t\t\t\t<\/div>\n\t\t\t\t<div class=\"elementor-element elementor-element-9a91bd7 elementor-widget elementor-widget-text-editor\" data-id=\"9a91bd7\" data-element_type=\"widget\" data-e-type=\"widget\" data-widget_type=\"text-editor.default\">\n\t\t\t\t<div class=\"elementor-widget-container\">\n\t\t\t\t\t\t\t\t\t<p>Die Pr\u00fcfungsstation der Arzt-Patienten-Kommunikation enth\u00e4lt ein Anamnesegespr\u00e4ch und ein Aufkl\u00e4rungsgespr\u00e4ch, wobei sich die F\u00e4lle nicht aufeinander beziehen m\u00fcssen. In dieser Pr\u00fcfungsstation ist vor allem darauf zu achten, Laiensprache zu verwenden und s\u00e4mtliche \u00c4u\u00dferungen klar und verst\u00e4ndlich zu formulieren, sodass Missverst\u00e4ndnisse ausgeschlossen werden k\u00f6nnen.<\/p>\t\t\t\t\t\t\t\t<\/div>\n\t\t\t\t<\/div>\n\t\t\t\t<div class=\"elementor-element elementor-element-2c59850 elementor-widget elementor-widget-text-editor\" data-id=\"2c59850\" data-element_type=\"widget\" data-e-type=\"widget\" data-widget_type=\"text-editor.default\">\n\t\t\t\t<div class=\"elementor-widget-container\">\n\t\t\t\t\t\t\t\t\t<p><strong>Anamnesegespr\u00e4ch<\/strong><\/p><p>Die Pr\u00fcfungsteilnehmerin\/der Pr\u00fcfungsteilnehmer sollen im Rahmen eines Anamnesegespr\u00e4chs die f\u00fcr eine Anamnese notwendigen Informationen von der Patientin\/vom Patienten einholen, ihr\/ihm Raum zum Berichten \u00fcber Beschwerden einr\u00e4umen und eine respektvolle Gespr\u00e4chsatmosph\u00e4re schaffen.<\/p>\t\t\t\t\t\t\t\t<\/div>\n\t\t\t\t<\/div>\n\t\t\t\t<div class=\"elementor-element elementor-element-8c2d4a7 elementor-widget elementor-widget-text-editor\" data-id=\"8c2d4a7\" data-element_type=\"widget\" data-e-type=\"widget\" data-widget_type=\"text-editor.default\">\n\t\t\t\t<div class=\"elementor-widget-container\">\n\t\t\t\t\t\t\t\t\t<p><strong>Aufkl\u00e4rungsgespr\u00e4ch vor einem Eingriff<\/strong><br \/><br \/><br \/><\/p><p>Die Pr\u00fcfungsteilnehmerin\/der Pr\u00fcfungsteilnehmer soll der Patientin\/dem Patienten den Ablauf einer bevorstehenden Operation, die Risiken des Eingriffs sowie perioperative Verhaltensma\u00dfnahmen vermitteln. Das Augenmerk liegt hier auf der Verwendung von Laiensprache (allgemeinsprachliche Ausdr\u00fccke statt medizinischer Fachbegriffe), dem R\u00fcckversichern, dass die Patientin\/der Patient alle Informationen verstanden hat <span data-teams=\"true\">sowie dem Ausdruck von Empathie bei Bedenken und Fragen<\/span>. Wichtig: Vor dem Aufkl\u00e4rungsgespr\u00e4ch werden alle Informationen eingeblendet, mit deren Hilfe das Aufkl\u00e4rungsgespr\u00e4ch durchf\u00fchrt werden kann. Es werden keine Fachkenntnisse abgepr\u00fcft.<\/p>\t\t\t\t\t\t\t\t<\/div>\n\t\t\t\t<\/div>\n\t\t\t\t<div class=\"elementor-element elementor-element-ce5bdd5 elementor-widget elementor-widget-spacer\" data-id=\"ce5bdd5\" data-element_type=\"widget\" data-e-type=\"widget\" data-widget_type=\"spacer.default\">\n\t\t\t\t<div class=\"elementor-widget-container\">\n\t\t\t\t\t\t\t<div class=\"elementor-spacer\">\n\t\t\t<div class=\"elementor-spacer-inner\"><\/div>\n\t\t<\/div>\n\t\t\t\t\t\t<\/div>\n\t\t\t\t<\/div>\n\t\t\t\t<div class=\"elementor-element elementor-element-b63f5a0 elementor-widget elementor-widget-text-editor\" data-id=\"b63f5a0\" data-element_type=\"widget\" data-e-type=\"widget\" data-widget_type=\"text-editor.default\">\n\t\t\t\t<div class=\"elementor-widget-container\">\n\t\t\t\t\t\t\t\t\t<p>Arzt-Arzt-Kommunikation (23 Minuten inkl. Lesezeit)<\/p>\t\t\t\t\t\t\t\t<\/div>\n\t\t\t\t<\/div>\n\t\t\t\t<div class=\"elementor-element elementor-element-df8a53a elementor-widget elementor-widget-text-editor\" data-id=\"df8a53a\" data-element_type=\"widget\" data-e-type=\"widget\" data-widget_type=\"text-editor.default\">\n\t\t\t\t<div class=\"elementor-widget-container\">\n\t\t\t\t\t\t\t\t\t<p>Die Pr\u00fcfungsstation der Arzt-Arzt-Kommunikation besteht aus zwei Patientenvorstellungen. Bei der Arzt-Arzt-Kommunikation ist darauf zu achten, eine angemessene Fachsprache zu verwenden und sich m\u00f6glichst kurz und pr\u00e4gnant auszudr\u00fccken. Sprachliche Fehler, die zu Missverst\u00e4ndnissen und infolgedessen Therapiefehlern f\u00fchren k\u00f6nnen, sind absolut zu vermeiden.<\/p>\t\t\t\t\t\t\t\t<\/div>\n\t\t\t\t<\/div>\n\t\t\t\t<div class=\"elementor-element elementor-element-45ce0b2 elementor-widget elementor-widget-text-editor\" data-id=\"45ce0b2\" data-element_type=\"widget\" data-e-type=\"widget\" data-widget_type=\"text-editor.default\">\n\t\t\t\t<div class=\"elementor-widget-container\">\n\t\t\t\t\t\t\t\t\t<p><strong>Patientenvorstellungen<\/strong><br \/><br \/><br \/><span class=\"TextRun SCXW169243213 BCX0\" lang=\"DE-DE\" xml:lang=\"DE-DE\" data-contrast=\"auto\"><span class=\"NormalTextRun SCXW169243213 BCX0\">In den Patientenvorstellungen <\/span><\/span><span class=\"TextRun SCXW169243213 BCX0\" lang=\"DE-DE\" xml:lang=\"DE-DE\" data-contrast=\"auto\"><span class=\"NormalTextRun SCXW169243213 BCX0\">soll <\/span><\/span><span class=\"TextRun SCXW169243213 BCX0\" lang=\"DE-DE\" xml:lang=\"DE-DE\" data-contrast=\"auto\"><span class=\"NormalTextRun SCXW169243213 BCX0\">die Pr\u00fcfungsteilnehmerin\/der Pr\u00fcfungsteilnehmer unter Einsatz fachsprachlicher Begriffe und Redewendungen das Kommunizieren unter Kollegen (hier: <\/span><\/span><span class=\"TextRun SCXW169243213 BCX0\" lang=\"DE-DE\" xml:lang=\"DE-DE\" data-contrast=\"auto\"><span class=\"NormalTextRun SCXW169243213 BCX0\">Chefarzt\/Chef\u00e4rztin<\/span><\/span><span class=\"TextRun SCXW169243213 BCX0\" lang=\"DE-DE\" xml:lang=\"DE-DE\" data-contrast=\"auto\"><span class=\"NormalTextRun SCXW169243213 BCX0\">) unter Beweis stellen. <\/span><\/span><\/p><p><span class=\"TextRun SCXW169243213 BCX0\" lang=\"DE-DE\" xml:lang=\"DE-DE\" data-contrast=\"auto\"><span class=\"NormalTextRun SCXW169243213 BCX0\">Sowohl die Informationsweitergabe als auch <\/span><\/span><span class=\"TextRun SCXW169243213 BCX0\" lang=\"DE-DE\" xml:lang=\"DE-DE\" data-contrast=\"auto\"><span class=\"NormalTextRun SCXW169243213 BCX0\">Antworten auf <\/span><span class=\"NormalTextRun SCXW169243213 BCX0\">R\u00fcckfragen <\/span><\/span><span class=\"TextRun SCXW169243213 BCX0\" lang=\"DE-DE\" xml:lang=\"DE-DE\" data-contrast=\"auto\"><span class=\"NormalTextRun SCXW169243213 BCX0\">sollen knapp und pr\u00e4zise formuliert werden. Wichtig: Es werden alle Informationen eingeblendet, mit deren Hilfe die Patientenvorstellungen durchf\u00fchrt werden k\u00f6nnen. Es werden keine Fachkenntnisse abgepr\u00fcft.<\/span><\/span><span class=\"EOP SCXW169243213 BCX0\" data-ccp-props=\"{}\">\u00a0<\/span><\/p>\t\t\t\t\t\t\t\t<\/div>\n\t\t\t\t<\/div>\n\t\t\t\t<\/div>\n\t\t\t\t\t<\/div>\n\t\t\t\t<\/div>\n\t\t<div class=\"elementor-element elementor-element-6abbf94 e-flex e-con-boxed e-con e-parent\" data-id=\"6abbf94\" data-element_type=\"container\" data-e-type=\"container\" data-settings=\"{&quot;background_background&quot;:&quot;classic&quot;}\">\n\t\t\t\t\t<div class=\"e-con-inner\">\n\t\t<div class=\"elementor-element elementor-element-1cead5c e-con-full e-flex e-con e-child\" data-id=\"1cead5c\" data-element_type=\"container\" data-e-type=\"container\">\n\t\t\t\t<div class=\"elementor-element elementor-element-2c2e401 elementor-widget elementor-widget-heading\" data-id=\"2c2e401\" data-element_type=\"widget\" data-e-type=\"widget\" data-widget_type=\"heading.default\">\n\t\t\t\t<div class=\"elementor-widget-container\">\n\t\t\t\t\t<h2 class=\"elementor-heading-title elementor-size-default\">Schriftliche Pr\u00fcfungsstation<\/h2>\t\t\t\t<\/div>\n\t\t\t\t<\/div>\n\t\t\t\t<div class=\"elementor-element elementor-element-550442c elementor-widget elementor-widget-text-editor\" data-id=\"550442c\" data-element_type=\"widget\" data-e-type=\"widget\" data-widget_type=\"text-editor.default\">\n\t\t\t\t<div class=\"elementor-widget-container\">\n\t\t\t\t\t\t\t\t\t<p>(22 Minuten inkl. Videozeit)\u00a0<\/p>\t\t\t\t\t\t\t\t<\/div>\n\t\t\t\t<\/div>\n\t\t\t\t<div class=\"elementor-element elementor-element-a73f1fb elementor-widget elementor-widget-text-editor\" data-id=\"a73f1fb\" data-element_type=\"widget\" data-e-type=\"widget\" data-widget_type=\"text-editor.default\">\n\t\t\t\t<div class=\"elementor-widget-container\">\n\t\t\t\t\t\t\t\t\t<p>Basierend auf einem kurzen Video, welches auch pausiert werden kann, verfasst die Pr\u00fcfungsteilnehmerin\/der Pr\u00fcfungsteilnehmer den Anamneseteil eines Arztbriefes.<\/p>\t\t\t\t\t\t\t\t<\/div>\n\t\t\t\t<\/div>\n\t\t\t\t<div class=\"elementor-element elementor-element-1f94f9d elementor-widget elementor-widget-text-editor\" data-id=\"1f94f9d\" data-element_type=\"widget\" data-e-type=\"widget\" data-widget_type=\"text-editor.default\">\n\t\t\t\t<div class=\"elementor-widget-container\">\n\t\t\t\t\t\t\t\t\t<p><b>Anamneseteil eines Arztbriefs<\/b><br \/><br \/><\/p><p>Bei der Formulierung des Arztbriefes ist darauf zu achten, dass alle in dem Video vorkommenden Patienteninformationen nach fachsprachlichen Standards korrekt versprachlicht werden.<\/p><p>Dazu z\u00e4hlen: <br \/><br \/><\/p><ul><li>Name, ggf. Alter, Gewicht, Gr\u00f6\u00dfe<\/li><li>aktuelle Beschwerden<\/li><li>Vorerkrankungen und Medikamente<\/li><li>Nikotin- und Alkoholkonsum<\/li><li>Familien- und Sozialanamnese<\/li><li>ggf. Reiseanamnese<\/li><\/ul><p><br \/>Der Arztbrief ist in ganzen S\u00e4tzen zu schreiben. Bei Patienten\u00e4u\u00dferungen soll \u2013 wenn angemessen \u2013 der Konjunktiv I verwendet werden.<\/p>\t\t\t\t\t\t\t\t<\/div>\n\t\t\t\t<\/div>\n\t\t\t\t<\/div>\n\t\t<div class=\"elementor-element elementor-element-053cd1b e-con-full e-flex e-con e-child\" data-id=\"053cd1b\" data-element_type=\"container\" data-e-type=\"container\">\n\t\t\t\t<div class=\"elementor-element elementor-element-c025455 elementor-widget__width-initial elementor-widget elementor-widget-image\" data-id=\"c025455\" data-element_type=\"widget\" data-e-type=\"widget\" data-widget_type=\"image.default\">\n\t\t\t\t<div class=\"elementor-widget-container\">\n\t\t\t\t\t\t\t\t\t\t\t\t\t\t\t<img loading=\"lazy\" decoding=\"async\" width=\"800\" height=\"800\" src=\"https:\/\/famed-test.de\/wp-content\/uploads\/2024\/05\/Online-Doctor-rafiki.svg\" class=\"attachment-large size-large wp-image-923\" alt=\"\" \/>\t\t\t\t\t\t\t\t\t\t\t\t\t\t\t<\/div>\n\t\t\t\t<\/div>\n\t\t\t\t<\/div>\n\t\t\t\t\t<\/div>\n\t\t\t\t<\/div>\n\t\t\t\t<\/div>","protected":false},"excerpt":{"rendered":"<p>Pr\u00fcfungsablauf Das Pr\u00fcfungsformat f\u00fcr die Anerkennung in Bayern und Rheinland-Pfalz besteht aus insgesamt zwei m\u00fcndlichen Pr\u00fcfungsstationen und einer schriftlichen Pr\u00fcfungsstation. Die Reihenfolge der m\u00fcndlichen Stationen kann variieren. Die Pr\u00fcfung schlie\u00dft immer mit der schriftlichen Station ab. Zwischen den Stationen haben Sie eine Minute Pause. Bis auf die oben genannten Pr\u00fcfungssituationen gibt es keine weiteren Pr\u00fcfungsteile. [&hellip;]<\/p>\n","protected":false},"author":3,"featured_media":0,"parent":0,"menu_order":0,"comment_status":"closed","ping_status":"closed","template":"elementor_header_footer","meta":{"inline_featured_image":false,"footnotes":""},"class_list":["post-990","page","type-page","status-publish","hentry"],"jetpack_sharing_enabled":true,"_links":{"self":[{"href":"https:\/\/famed-test.de\/ro\/wp-json\/wp\/v2\/pages\/990","targetHints":{"allow":["GET"]}}],"collection":[{"href":"https:\/\/famed-test.de\/ro\/wp-json\/wp\/v2\/pages"}],"about":[{"href":"https:\/\/famed-test.de\/ro\/wp-json\/wp\/v2\/types\/page"}],"author":[{"embeddable":true,"href":"https:\/\/famed-test.de\/ro\/wp-json\/wp\/v2\/users\/3"}],"replies":[{"embeddable":true,"href":"https:\/\/famed-test.de\/ro\/wp-json\/wp\/v2\/comments?post=990"}],"version-history":[{"count":94,"href":"https:\/\/famed-test.de\/ro\/wp-json\/wp\/v2\/pages\/990\/revisions"}],"predecessor-version":[{"id":3303,"href":"https:\/\/famed-test.de\/ro\/wp-json\/wp\/v2\/pages\/990\/revisions\/3303"}],"wp:attachment":[{"href":"https:\/\/famed-test.de\/ro\/wp-json\/wp\/v2\/media?parent=990"}],"curies":[{"name":"wp","href":"https:\/\/api.w.org\/{rel}","templated":true}]}}