{"id":2563,"date":"2025-01-31T14:47:07","date_gmt":"2025-01-31T13:47:07","guid":{"rendered":"https:\/\/famed-test.de\/?page_id=2563"},"modified":"2025-04-25T08:41:36","modified_gmt":"2025-04-25T06:41:36","slug":"fokus-famed","status":"publish","type":"page","link":"https:\/\/famed-test.de\/ro\/fokus-famed\/","title":{"rendered":"Fokus FaMed &#8211; Unser Podcast"},"content":{"rendered":"<div data-elementor-type=\"wp-post\" data-elementor-id=\"2563\" class=\"elementor elementor-2563\" data-elementor-post-type=\"page\">\n\t\t\t\t<div class=\"elementor-element elementor-element-ebbc62e e-flex e-con-boxed e-con e-parent\" data-id=\"ebbc62e\" data-element_type=\"container\" data-e-type=\"container\" data-settings=\"{&quot;background_background&quot;:&quot;classic&quot;,&quot;shape_divider_top&quot;:&quot;tilt&quot;,&quot;shape_divider_bottom&quot;:&quot;tilt&quot;}\">\n\t\t\t\t\t<div class=\"e-con-inner\">\n\t\t\t\t<div class=\"elementor-shape elementor-shape-top\" aria-hidden=\"true\" data-negative=\"false\">\n\t\t\t<svg xmlns=\"http:\/\/www.w3.org\/2000\/svg\" viewbox=\"0 0 1000 100\" preserveaspectratio=\"none\">\n\t<path class=\"elementor-shape-fill\" d=\"M0,6V0h1000v100L0,6z\"\/>\n<\/svg>\t\t<\/div>\n\t\t\t\t<div class=\"elementor-shape elementor-shape-bottom\" aria-hidden=\"true\" data-negative=\"false\">\n\t\t\t<svg xmlns=\"http:\/\/www.w3.org\/2000\/svg\" viewbox=\"0 0 1000 100\" preserveaspectratio=\"none\">\n\t<path class=\"elementor-shape-fill\" d=\"M0,6V0h1000v100L0,6z\"\/>\n<\/svg>\t\t<\/div>\n\t\t\t\t<div class=\"elementor-element elementor-element-19fa307 elementor-widget elementor-widget-spacer\" data-id=\"19fa307\" data-element_type=\"widget\" data-e-type=\"widget\" data-widget_type=\"spacer.default\">\n\t\t\t\t<div class=\"elementor-widget-container\">\n\t\t\t\t\t\t\t<div class=\"elementor-spacer\">\n\t\t\t<div class=\"elementor-spacer-inner\"><\/div>\n\t\t<\/div>\n\t\t\t\t\t\t<\/div>\n\t\t\t\t<\/div>\n\t\t\t\t<div class=\"elementor-element elementor-element-eda33a3 elementor-widget elementor-widget-heading\" data-id=\"eda33a3\" data-element_type=\"widget\" data-e-type=\"widget\" data-widget_type=\"heading.default\">\n\t\t\t\t<div class=\"elementor-widget-container\">\n\t\t\t\t\t<h2 class=\"elementor-heading-title elementor-size-default\">Fokus FaMed<\/h2>\t\t\t\t<\/div>\n\t\t\t\t<\/div>\n\t\t\t\t<div class=\"elementor-element elementor-element-5bb81d5 elementor-widget elementor-widget-spacer\" data-id=\"5bb81d5\" data-element_type=\"widget\" data-e-type=\"widget\" data-widget_type=\"spacer.default\">\n\t\t\t\t<div class=\"elementor-widget-container\">\n\t\t\t\t\t\t\t<div class=\"elementor-spacer\">\n\t\t\t<div class=\"elementor-spacer-inner\"><\/div>\n\t\t<\/div>\n\t\t\t\t\t\t<\/div>\n\t\t\t\t<\/div>\n\t\t\t\t\t<\/div>\n\t\t\t\t<\/div>\n\t\t<div class=\"elementor-element elementor-element-733e914 e-flex e-con-boxed e-con e-parent\" data-id=\"733e914\" data-element_type=\"container\" data-e-type=\"container\">\n\t\t\t\t\t<div class=\"e-con-inner\">\n\t\t<div class=\"elementor-element elementor-element-c28aec8 e-con-full e-flex e-con e-child\" data-id=\"c28aec8\" data-element_type=\"container\" data-e-type=\"container\">\n\t\t\t\t<div class=\"elementor-element elementor-element-374e4ff elementor-widget elementor-widget-heading\" data-id=\"374e4ff\" data-element_type=\"widget\" data-e-type=\"widget\" data-widget_type=\"heading.default\">\n\t\t\t\t<div class=\"elementor-widget-container\">\n\t\t\t\t\t<h2 class=\"elementor-heading-title elementor-size-default\">Willkommen bei <i>Fokus FaMed<\/i>!<\/h2>\t\t\t\t<\/div>\n\t\t\t\t<\/div>\n\t\t\t\t<div class=\"elementor-element elementor-element-6cddb3fb elementor-widget elementor-widget-text-editor\" data-id=\"6cddb3fb\" data-element_type=\"widget\" data-e-type=\"widget\" data-widget_type=\"text-editor.default\">\n\t\t\t\t<div class=\"elementor-widget-container\">\n\t\t\t\t\t\t\t\t\t<p><span data-teams=\"true\">Host Jessica spricht mit Expertinnen \u00fcber die Fachsprachenpr\u00fcfung Medizin (FaMed) und alles, was angehende \u00c4rztinnen und \u00c4rzte wissen m\u00fcssen. Themen sind die Anforderungen des C1-Sprachniveaus nach dem GER, die Bewertungsobjektivit\u00e4t und die Standards der Pr\u00fcfung sowie der genaue Ablauf am Pr\u00fcfungstag. Was wird gepr\u00fcft, wer setzt die Kriterien fest, und wie bereiten Sie sich optimal vor?<\/span><\/p><p><span data-teams=\"true\"><i>Fokus FaMed<\/i> liefert wertvolle Einblicke, praxisnahe Tipps und fachkundige Einsch\u00e4tzungen. Perfekt f\u00fcr alle, die sich auf die Pr\u00fcfung vorbereiten oder sich f\u00fcr das Thema interessieren.\u00a0<\/span><\/p>\t\t\t\t\t\t\t\t<\/div>\n\t\t\t\t<\/div>\n\t\t\t\t<\/div>\n\t\t<div class=\"elementor-element elementor-element-665d0fe6 e-con-full e-flex e-con e-child\" data-id=\"665d0fe6\" data-element_type=\"container\" data-e-type=\"container\">\n\t\t\t\t<div class=\"elementor-element elementor-element-aae743b elementor-widget__width-initial elementor-widget elementor-widget-image\" data-id=\"aae743b\" data-element_type=\"widget\" data-e-type=\"widget\" data-widget_type=\"image.default\">\n\t\t\t\t<div class=\"elementor-widget-container\">\n\t\t\t\t\t\t\t\t\t\t\t\t\t\t\t<img fetchpriority=\"high\" decoding=\"async\" width=\"800\" height=\"800\" src=\"https:\/\/famed-test.de\/wp-content\/uploads\/2025\/01\/FokusFaMedThumbnail_Quadratisch-1024x1024.png\" class=\"attachment-large size-large wp-image-2572\" alt=\"Logo von Fokus FaMed\" srcset=\"https:\/\/famed-test.de\/wp-content\/uploads\/2025\/01\/FokusFaMedThumbnail_Quadratisch-1024x1024.png 1024w, https:\/\/famed-test.de\/wp-content\/uploads\/2025\/01\/FokusFaMedThumbnail_Quadratisch-300x300.png 300w, https:\/\/famed-test.de\/wp-content\/uploads\/2025\/01\/FokusFaMedThumbnail_Quadratisch-150x150.png 150w, https:\/\/famed-test.de\/wp-content\/uploads\/2025\/01\/FokusFaMedThumbnail_Quadratisch-768x768.png 768w, https:\/\/famed-test.de\/wp-content\/uploads\/2025\/01\/FokusFaMedThumbnail_Quadratisch-1536x1536.png 1536w, https:\/\/famed-test.de\/wp-content\/uploads\/2025\/01\/FokusFaMedThumbnail_Quadratisch-2048x2048.png 2048w, https:\/\/famed-test.de\/wp-content\/uploads\/2025\/01\/FokusFaMedThumbnail_Quadratisch-600x600.png 600w, https:\/\/famed-test.de\/wp-content\/uploads\/2025\/01\/FokusFaMedThumbnail_Quadratisch-100x100.png 100w\" sizes=\"(max-width: 800px) 100vw, 800px\" \/>\t\t\t\t\t\t\t\t\t\t\t\t\t\t\t<\/div>\n\t\t\t\t<\/div>\n\t\t\t\t<\/div>\n\t\t\t\t\t<\/div>\n\t\t\t\t<\/div>\n\t\t<div class=\"elementor-element elementor-element-5bff083 e-flex e-con-boxed e-con e-parent\" data-id=\"5bff083\" data-element_type=\"container\" data-e-type=\"container\" data-settings=\"{&quot;background_background&quot;:&quot;classic&quot;}\">\n\t\t\t\t\t<div class=\"e-con-inner\">\n\t\t\t\t<div class=\"elementor-element elementor-element-46dce6d elementor-widget__width-initial elementor-widget elementor-widget-audio\" data-id=\"46dce6d\" data-element_type=\"widget\" data-e-type=\"widget\" data-widget_type=\"audio.default\">\n\t\t\t\t<div class=\"elementor-widget-container\">\n\t\t\t\t\t\t\t\t<div class=\"elementor-soundcloud-wrapper\">\n\t\t\t\t<iframe width=\"800\" height=\"200\" frameborder=\"no\" src=\"https:\/\/w.soundcloud.com\/player\/?visual=false&#038;url=https%3A%2F%2Fapi.soundcloud.com%2Ftracks%2F2022569472&#038;show_artwork=true&#038;maxheight=1000&#038;maxwidth=800&#038;auto_play=false&#038;buying=false&#038;liking=true&#038;download=false&#038;sharing=true&#038;show_comments=false&#038;show_playcount=true&#038;show_user=false&#038;color\"><\/iframe>\t\t\t<\/div>\n\t\t\t\t\t\t\t<\/div>\n\t\t\t\t<\/div>\n\t\t\t\t<div class=\"elementor-element elementor-element-bfecf26 elementor-widget__width-initial elementor-widget elementor-widget-audio\" data-id=\"bfecf26\" data-element_type=\"widget\" data-e-type=\"widget\" data-widget_type=\"audio.default\">\n\t\t\t\t<div class=\"elementor-widget-container\">\n\t\t\t\t\t\t\t\t<div class=\"elementor-soundcloud-wrapper\">\n\t\t\t\t<iframe width=\"800\" height=\"200\" frameborder=\"no\" src=\"https:\/\/w.soundcloud.com\/player\/?visual=false&#038;url=https%3A%2F%2Fapi.soundcloud.com%2Ftracks%2F2084865708&#038;show_artwork=true&#038;maxheight=1000&#038;maxwidth=800&#038;auto_play=false&#038;buying=false&#038;liking=true&#038;download=false&#038;sharing=true&#038;show_comments=false&#038;show_playcount=true&#038;show_user=false&#038;color\"><\/iframe>\t\t\t<\/div>\n\t\t\t\t\t\t\t<\/div>\n\t\t\t\t<\/div>\n\t\t\t\t\t<\/div>\n\t\t\t\t<\/div>\n\t\t<div class=\"elementor-element elementor-element-878384d e-flex e-con-boxed e-con e-parent\" data-id=\"878384d\" data-element_type=\"container\" data-e-type=\"container\">\n\t\t\t\t\t<div class=\"e-con-inner\">\n\t\t\t\t\t<\/div>\n\t\t\t\t<\/div>\n\t\t\t\t<\/div>","protected":false},"excerpt":{"rendered":"<p>Fokus FaMed Willkommen bei Fokus FaMed! Host Jessica spricht mit Expertinnen \u00fcber die Fachsprachenpr\u00fcfung Medizin (FaMed) und alles, was angehende \u00c4rztinnen und \u00c4rzte wissen m\u00fcssen. Themen sind die Anforderungen des C1-Sprachniveaus nach dem GER, die Bewertungsobjektivit\u00e4t und die Standards der Pr\u00fcfung sowie der genaue Ablauf am Pr\u00fcfungstag. Was wird gepr\u00fcft, wer setzt die Kriterien fest, [&hellip;]<\/p>\n","protected":false},"author":3,"featured_media":0,"parent":0,"menu_order":0,"comment_status":"closed","ping_status":"closed","template":"elementor_header_footer","meta":{"inline_featured_image":false,"footnotes":""},"class_list":["post-2563","page","type-page","status-publish","hentry"],"jetpack_sharing_enabled":true,"_links":{"self":[{"href":"https:\/\/famed-test.de\/ro\/wp-json\/wp\/v2\/pages\/2563","targetHints":{"allow":["GET"]}}],"collection":[{"href":"https:\/\/famed-test.de\/ro\/wp-json\/wp\/v2\/pages"}],"about":[{"href":"https:\/\/famed-test.de\/ro\/wp-json\/wp\/v2\/types\/page"}],"author":[{"embeddable":true,"href":"https:\/\/famed-test.de\/ro\/wp-json\/wp\/v2\/users\/3"}],"replies":[{"embeddable":true,"href":"https:\/\/famed-test.de\/ro\/wp-json\/wp\/v2\/comments?post=2563"}],"version-history":[{"count":25,"href":"https:\/\/famed-test.de\/ro\/wp-json\/wp\/v2\/pages\/2563\/revisions"}],"predecessor-version":[{"id":2837,"href":"https:\/\/famed-test.de\/ro\/wp-json\/wp\/v2\/pages\/2563\/revisions\/2837"}],"wp:attachment":[{"href":"https:\/\/famed-test.de\/ro\/wp-json\/wp\/v2\/media?parent=2563"}],"curies":[{"name":"wp","href":"https:\/\/api.w.org\/{rel}","templated":true}]}}