{"id":1487,"date":"2024-06-18T17:52:55","date_gmt":"2024-06-18T15:52:55","guid":{"rendered":"https:\/\/wp.famed-test.de\/?page_id=1487"},"modified":"2026-03-18T15:00:28","modified_gmt":"2026-03-18T14:00:28","slug":"anforderungen","status":"publish","type":"page","link":"https:\/\/famed-test.de\/ro\/anforderungen\/","title":{"rendered":"Anforderungen"},"content":{"rendered":"<div data-elementor-type=\"wp-page\" data-elementor-id=\"1487\" class=\"elementor elementor-1487\" data-elementor-post-type=\"page\">\n\t\t\t\t<div class=\"elementor-element elementor-element-22612020 e-flex e-con-boxed e-con e-parent\" data-id=\"22612020\" data-element_type=\"container\" data-e-type=\"container\" data-settings=\"{&quot;background_background&quot;:&quot;classic&quot;,&quot;shape_divider_bottom&quot;:&quot;tilt&quot;}\">\n\t\t\t\t\t<div class=\"e-con-inner\">\n\t\t\t\t<div class=\"elementor-shape elementor-shape-bottom\" aria-hidden=\"true\" data-negative=\"false\">\n\t\t\t<svg xmlns=\"http:\/\/www.w3.org\/2000\/svg\" viewbox=\"0 0 1000 100\" preserveaspectratio=\"none\">\n\t<path class=\"elementor-shape-fill\" d=\"M0,6V0h1000v100L0,6z\"\/>\n<\/svg>\t\t<\/div>\n\t\t\t\t<div class=\"elementor-element elementor-element-510e6ca7 elementor-widget elementor-widget-heading\" data-id=\"510e6ca7\" data-element_type=\"widget\" data-e-type=\"widget\" data-widget_type=\"heading.default\">\n\t\t\t\t<div class=\"elementor-widget-container\">\n\t\t\t\t\t<h2 class=\"elementor-heading-title elementor-size-default\">Anforderungen<\/h2>\t\t\t\t<\/div>\n\t\t\t\t<\/div>\n\t\t\t\t<div class=\"elementor-element elementor-element-fe4499c elementor-widget elementor-widget-text-editor\" data-id=\"fe4499c\" data-element_type=\"widget\" data-e-type=\"widget\" data-widget_type=\"text-editor.default\">\n\t\t\t\t<div class=\"elementor-widget-container\">\n\t\t\t\t\t\t\t\t\t<p><strong>Die wichtigsten Infos, um sich auf die Fachsprachenpr\u00fcfung vorzubereiten<\/strong><\/p>\t\t\t\t\t\t\t\t<\/div>\n\t\t\t\t<\/div>\n\t\t\t\t\t<\/div>\n\t\t\t\t<\/div>\n\t\t<div class=\"elementor-element elementor-element-874ffff e-flex e-con-boxed e-con e-parent\" data-id=\"874ffff\" data-element_type=\"container\" data-e-type=\"container\" data-settings=\"{&quot;background_background&quot;:&quot;classic&quot;,&quot;animation&quot;:&quot;none&quot;}\">\n\t\t\t\t\t<div class=\"e-con-inner\">\n\t\t\t\t<div class=\"elementor-element elementor-element-437ba0b elementor-invisible elementor-widget elementor-widget-text-editor\" data-id=\"437ba0b\" data-element_type=\"widget\" data-e-type=\"widget\" data-settings=\"{&quot;_animation&quot;:&quot;fadeIn&quot;}\" data-widget_type=\"text-editor.default\">\n\t\t\t\t<div class=\"elementor-widget-container\">\n\t\t\t\t\t\t\t\t\t<p>Laut Beschluss der Gesundheitsministerkonferenz von 2014 (GMK 2014) m\u00fcssen ausl\u00e4ndische \u00c4rzte und \u00c4rztinnen eine <strong>Fachsprachenpr\u00fcfung<\/strong> auf <strong>C1-Niveau<\/strong> bestehen, um in Deutschland approbiert zu werden. In dem GMK-Eckpunktepapier werden die <strong>Anforderungen<\/strong> konkret beschrieben:<\/p><p><strong>87. Gesundheitsministerkonferenz (GMK 2014:3)<\/strong><\/p><p><em>\u201eDie Antragstellenden m\u00fcssen \u00fcber die Kenntnisse der deutschen Sprache verf\u00fcgen, die f\u00fcr eine umfassende \u00e4rztliche T\u00e4tigkeit erforderlich sind. Sie m\u00fcssen ihre Patientinnen und Patienten inhaltlich <strong>ohne wesentliche R\u00fcckfragen<\/strong> verstehen und sich insbesondere <strong>so spontan<\/strong> und <strong>so flie\u00dfend<\/strong> verst\u00e4ndigen k\u00f6nnen, dass sie in der Lage sind, sorgf\u00e4ltig die Anamnese zu erheben, Patientinnen und Patienten sowie deren Angeh\u00f6rige \u00fcber erhobene Befunde sowie eine festgestellte Erkrankung zu informieren, die verschiedenen Aspekte des weiteren Verlaufs darzustellen und Vor- und Nachteile einer geplanten Ma\u00dfnahme sowie alternativer Behandlungsm\u00f6glichkeiten erkl\u00e4ren zu k\u00f6nnen, <strong>ohne \u00f6fter deutlich erkennbar nach Worten suchen zu m\u00fcssen<\/strong>. In der Zusammenarbeit mit Kolleginnen und Kollegen sowie Angeh\u00f6rigen anderer Berufe m\u00fcssen sie sich so <strong>klar<\/strong> und <strong>detailliert<\/strong> ausdr\u00fccken k\u00f6nnen, dass bei Patientenvorstellungen sowie \u00e4rztlichen Anordnungen und Weisungen <strong>Missverst\u00e4ndnisse<\/strong> sowie hierauf beruhende <strong>Fehldiagnosen<\/strong>, <strong>falsche Therapieentscheidungen<\/strong> und <strong>Therapiefehler ausgeschlossen sind<\/strong>. Dar\u00fcber hinaus m\u00fcssen sie die deutsche Sprache auch <strong>schriftlich angemessen beherrschen<\/strong>, um Krankenunterlagen ordnungsgem\u00e4\u00df f\u00fchren und \u00e4rztliche Bescheinigungen ausstellen zu k\u00f6nnen.\u201c<\/em><\/p><p>Diese Anforderungen sollten Ihnen einen ersten Hinweis geben, was Sie bei der Fachsprachenpr\u00fcfung unter Beweis stellen m\u00fcssen. F\u00fcr eine zielgerichtete Pr\u00fcfungsvorbereitung ist es au\u00dferdem hilfreich, die genaue Definition von \u201eC1-Niveau\u201c zu kennen.<\/p>\t\t\t\t\t\t\t\t<\/div>\n\t\t\t\t<\/div>\n\t\t\t\t\t<\/div>\n\t\t\t\t<\/div>\n\t\t<div class=\"elementor-element elementor-element-be4a64d e-flex e-con-boxed e-con e-parent\" data-id=\"be4a64d\" data-element_type=\"container\" data-e-type=\"container\" data-settings=\"{&quot;background_background&quot;:&quot;classic&quot;,&quot;animation&quot;:&quot;none&quot;}\">\n\t\t\t\t\t<div class=\"e-con-inner\">\n\t\t\t\t<div class=\"elementor-element elementor-element-2cc1280 elementor-invisible elementor-widget elementor-widget-heading\" data-id=\"2cc1280\" data-element_type=\"widget\" data-e-type=\"widget\" data-settings=\"{&quot;_animation&quot;:&quot;fadeIn&quot;}\" data-widget_type=\"heading.default\">\n\t\t\t\t<div class=\"elementor-widget-container\">\n\t\t\t\t\t<h2 class=\"elementor-heading-title elementor-size-default\">Checkliste C1-Niveau<\/h2>\t\t\t\t<\/div>\n\t\t\t\t<\/div>\n\t\t\t\t<div class=\"elementor-element elementor-element-1f4a571 elementor-invisible elementor-widget elementor-widget-text-editor\" data-id=\"1f4a571\" data-element_type=\"widget\" data-e-type=\"widget\" data-settings=\"{&quot;_animation&quot;:&quot;fadeIn&quot;}\" data-widget_type=\"text-editor.default\">\n\t\t\t\t<div class=\"elementor-widget-container\">\n\t\t\t\t\t\t\t\t\t<p>\u00a0\u201eC1-Niveau\u201c wird \u00fcber den GER (Gemeinsamer Europ\u00e4ischer Referenzrahmen f\u00fcr Sprachen) definiert.<\/p><p>Hier k\u00f6nnen Sie die Definition der C1-Globalskala nachlesen: <a href=\"https:\/\/www.europaeischer-referenzrahmen.de\">https:\/\/www.europaeischer-referenzrahmen.de<\/a><\/p><p>Um Ihnen die Pr\u00fcfungsvorbereitung zu erleichtern, haben wir die f\u00fcr das C1-Niveau notwendigen Kompetenzen als Checkliste zusammengefasst:<\/p>\t\t\t\t\t\t\t\t<\/div>\n\t\t\t\t<\/div>\n\t\t<div class=\"elementor-element elementor-element-d6cbd74 e-grid e-con-full e-con e-child\" data-id=\"d6cbd74\" data-element_type=\"container\" data-e-type=\"container\">\n\t\t<div class=\"elementor-element elementor-element-7818255 e-flex e-con-boxed e-con e-child\" data-id=\"7818255\" data-element_type=\"container\" data-e-type=\"container\" data-settings=\"{&quot;background_background&quot;:&quot;classic&quot;}\">\n\t\t\t\t\t<div class=\"e-con-inner\">\n\t\t\t\t<div class=\"elementor-element elementor-element-54478d1 elementor-widget elementor-widget-heading\" data-id=\"54478d1\" data-element_type=\"widget\" data-e-type=\"widget\" data-widget_type=\"heading.default\">\n\t\t\t\t<div class=\"elementor-widget-container\">\n\t\t\t\t\t<h2 class=\"elementor-heading-title elementor-size-default\">Fl\u00fcssigkeit<\/h2>\t\t\t\t<\/div>\n\t\t\t\t<\/div>\n\t\t\t\t<div class=\"elementor-element elementor-element-13b6de7 elementor-widget-divider--view-line elementor-widget elementor-widget-divider\" data-id=\"13b6de7\" data-element_type=\"widget\" data-e-type=\"widget\" data-settings=\"{&quot;_animation&quot;:&quot;none&quot;,&quot;motion_fx_motion_fx_mouse&quot;:&quot;yes&quot;}\" data-widget_type=\"divider.default\">\n\t\t\t\t<div class=\"elementor-widget-container\">\n\t\t\t\t\t\t\t<div class=\"elementor-divider\">\n\t\t\t<span class=\"elementor-divider-separator\">\n\t\t\t\t\t\t<\/span>\n\t\t<\/div>\n\t\t\t\t\t\t<\/div>\n\t\t\t\t<\/div>\n\t\t\t\t<div class=\"elementor-element elementor-element-12902ea elementor-widget elementor-widget-text-editor\" data-id=\"12902ea\" data-element_type=\"widget\" data-e-type=\"widget\" data-widget_type=\"text-editor.default\">\n\t\t\t\t<div class=\"elementor-widget-container\">\n\t\t\t\t\t\t\t\t\t<p>Ich kann mich spontan und flie\u00dfend ausdr\u00fccken. Ich muss nicht oft nach Worten suchen.<\/p>\t\t\t\t\t\t\t\t<\/div>\n\t\t\t\t<\/div>\n\t\t\t\t\t<\/div>\n\t\t\t\t<\/div>\n\t\t<div class=\"elementor-element elementor-element-a2fc11a e-con-full e-flex e-con e-child\" data-id=\"a2fc11a\" data-element_type=\"container\" data-e-type=\"container\" data-settings=\"{&quot;background_background&quot;:&quot;classic&quot;}\">\n\t\t\t\t<div class=\"elementor-element elementor-element-e0cdd2a elementor-widget elementor-widget-heading\" data-id=\"e0cdd2a\" data-element_type=\"widget\" data-e-type=\"widget\" data-widget_type=\"heading.default\">\n\t\t\t\t<div class=\"elementor-widget-container\">\n\t\t\t\t\t<h2 class=\"elementor-heading-title elementor-size-default\">Wortschatz<\/h2>\t\t\t\t<\/div>\n\t\t\t\t<\/div>\n\t\t\t\t<div class=\"elementor-element elementor-element-99a4908 elementor-widget-divider--view-line elementor-widget elementor-widget-divider\" data-id=\"99a4908\" data-element_type=\"widget\" data-e-type=\"widget\" data-settings=\"{&quot;_animation&quot;:&quot;none&quot;}\" data-widget_type=\"divider.default\">\n\t\t\t\t<div class=\"elementor-widget-container\">\n\t\t\t\t\t\t\t<div class=\"elementor-divider\">\n\t\t\t<span class=\"elementor-divider-separator\">\n\t\t\t\t\t\t<\/span>\n\t\t<\/div>\n\t\t\t\t\t\t<\/div>\n\t\t\t\t<\/div>\n\t\t\t\t<div class=\"elementor-element elementor-element-f9a63f0 elementor-widget elementor-widget-text-editor\" data-id=\"f9a63f0\" data-element_type=\"widget\" data-e-type=\"widget\" data-widget_type=\"text-editor.default\">\n\t\t\t\t<div class=\"elementor-widget-container\">\n\t\t\t\t\t\t\t\t\t<p>Ich habe einen gro\u00dfen Wortschatz. Wenn mein Gegen\u00fcber ein Wort nicht kennt, kann ich problemlos Umschreibungen gebrauchen.<\/p>\t\t\t\t\t\t\t\t<\/div>\n\t\t\t\t<\/div>\n\t\t\t\t<\/div>\n\t\t<div class=\"elementor-element elementor-element-335d1d3 e-con-full e-flex e-con e-child\" data-id=\"335d1d3\" data-element_type=\"container\" data-e-type=\"container\" data-settings=\"{&quot;background_background&quot;:&quot;classic&quot;}\">\n\t\t\t\t<div class=\"elementor-element elementor-element-0713729 elementor-widget elementor-widget-heading\" data-id=\"0713729\" data-element_type=\"widget\" data-e-type=\"widget\" data-widget_type=\"heading.default\">\n\t\t\t\t<div class=\"elementor-widget-container\">\n\t\t\t\t\t<h2 class=\"elementor-heading-title elementor-size-default\">Spektrum<\/h2>\t\t\t\t<\/div>\n\t\t\t\t<\/div>\n\t\t\t\t<div class=\"elementor-element elementor-element-3edcc55 elementor-widget-divider--view-line elementor-widget elementor-widget-divider\" data-id=\"3edcc55\" data-element_type=\"widget\" data-e-type=\"widget\" data-settings=\"{&quot;_animation&quot;:&quot;none&quot;}\" data-widget_type=\"divider.default\">\n\t\t\t\t<div class=\"elementor-widget-container\">\n\t\t\t\t\t\t\t<div class=\"elementor-divider\">\n\t\t\t<span class=\"elementor-divider-separator\">\n\t\t\t\t\t\t<\/span>\n\t\t<\/div>\n\t\t\t\t\t\t<\/div>\n\t\t\t\t<\/div>\n\t\t\t\t<div class=\"elementor-element elementor-element-84f35f7 elementor-widget elementor-widget-text-editor\" data-id=\"84f35f7\" data-element_type=\"widget\" data-e-type=\"widget\" data-widget_type=\"text-editor.default\">\n\t\t\t\t<div class=\"elementor-widget-container\">\n\t\t\t\t\t\t\t\t\t<p>Ich kann auf ein breites Spektrum sprachlicher Mittel zur\u00fcckgreifen, um mich klar und differenziert auszudr\u00fccken.<\/p>\t\t\t\t\t\t\t\t<\/div>\n\t\t\t\t<\/div>\n\t\t\t\t<\/div>\n\t\t<div class=\"elementor-element elementor-element-de825e3 e-con-full e-flex e-con e-child\" data-id=\"de825e3\" data-element_type=\"container\" data-e-type=\"container\" data-settings=\"{&quot;background_background&quot;:&quot;classic&quot;}\">\n\t\t\t\t<div class=\"elementor-element elementor-element-772b740 elementor-widget elementor-widget-heading\" data-id=\"772b740\" data-element_type=\"widget\" data-e-type=\"widget\" data-widget_type=\"heading.default\">\n\t\t\t\t<div class=\"elementor-widget-container\">\n\t\t\t\t\t<h2 class=\"elementor-heading-title elementor-size-default\">Aussprache<\/h2>\t\t\t\t<\/div>\n\t\t\t\t<\/div>\n\t\t\t\t<div class=\"elementor-element elementor-element-f55e1d9 elementor-widget-divider--view-line elementor-widget elementor-widget-divider\" data-id=\"f55e1d9\" data-element_type=\"widget\" data-e-type=\"widget\" data-settings=\"{&quot;_animation&quot;:&quot;none&quot;}\" data-widget_type=\"divider.default\">\n\t\t\t\t<div class=\"elementor-widget-container\">\n\t\t\t\t\t\t\t<div class=\"elementor-divider\">\n\t\t\t<span class=\"elementor-divider-separator\">\n\t\t\t\t\t\t<\/span>\n\t\t<\/div>\n\t\t\t\t\t\t<\/div>\n\t\t\t\t<\/div>\n\t\t\t\t<div class=\"elementor-element elementor-element-3924cb7 elementor-widget elementor-widget-text-editor\" data-id=\"3924cb7\" data-element_type=\"widget\" data-e-type=\"widget\" data-widget_type=\"text-editor.default\">\n\t\t\t\t<div class=\"elementor-widget-container\">\n\t\t\t\t\t\t\t\t\t<p>Mein Akzent ist vielleicht bemerkbar, aber beeintr\u00e4chtigt nicht die Verst\u00e4ndlichkeit. Wenn ich etwas falsch ausspreche, kann ich es meist selbst korrigieren.<\/p>\t\t\t\t\t\t\t\t<\/div>\n\t\t\t\t<\/div>\n\t\t\t\t<\/div>\n\t\t<div class=\"elementor-element elementor-element-450b0f0 e-con-full e-flex e-con e-child\" data-id=\"450b0f0\" data-element_type=\"container\" data-e-type=\"container\" data-settings=\"{&quot;background_background&quot;:&quot;classic&quot;}\">\n\t\t\t\t<div class=\"elementor-element elementor-element-10f03f0 elementor-widget elementor-widget-heading\" data-id=\"10f03f0\" data-element_type=\"widget\" data-e-type=\"widget\" data-widget_type=\"heading.default\">\n\t\t\t\t<div class=\"elementor-widget-container\">\n\t\t\t\t\t<h2 class=\"elementor-heading-title elementor-size-default\">Fehler<\/h2>\t\t\t\t<\/div>\n\t\t\t\t<\/div>\n\t\t\t\t<div class=\"elementor-element elementor-element-f93b669 elementor-widget-divider--view-line elementor-widget elementor-widget-divider\" data-id=\"f93b669\" data-element_type=\"widget\" data-e-type=\"widget\" data-settings=\"{&quot;_animation&quot;:&quot;none&quot;}\" data-widget_type=\"divider.default\">\n\t\t\t\t<div class=\"elementor-widget-container\">\n\t\t\t\t\t\t\t<div class=\"elementor-divider\">\n\t\t\t<span class=\"elementor-divider-separator\">\n\t\t\t\t\t\t<\/span>\n\t\t<\/div>\n\t\t\t\t\t\t<\/div>\n\t\t\t\t<\/div>\n\t\t\t\t<div class=\"elementor-element elementor-element-8cc024c elementor-widget elementor-widget-text-editor\" data-id=\"8cc024c\" data-element_type=\"widget\" data-e-type=\"widget\" data-widget_type=\"text-editor.default\">\n\t\t\t\t<div class=\"elementor-widget-container\">\n\t\t\t\t\t\t\t\t\t<p>Ich mache selten Fehler. Wenn ich Fehler mache, fallen sie kaum auf und sie f\u00fchren nicht zu Missverst\u00e4ndnissen.<\/p>\t\t\t\t\t\t\t\t<\/div>\n\t\t\t\t<\/div>\n\t\t\t\t<\/div>\n\t\t<div class=\"elementor-element elementor-element-039e57c e-con-full e-flex e-con e-child\" data-id=\"039e57c\" data-element_type=\"container\" data-e-type=\"container\" data-settings=\"{&quot;background_background&quot;:&quot;classic&quot;}\">\n\t\t\t\t<div class=\"elementor-element elementor-element-d4113e8 elementor-widget elementor-widget-heading\" data-id=\"d4113e8\" data-element_type=\"widget\" data-e-type=\"widget\" data-widget_type=\"heading.default\">\n\t\t\t\t<div class=\"elementor-widget-container\">\n\t\t\t\t\t<h2 class=\"elementor-heading-title elementor-size-default\">Koh\u00e4renz<\/h2>\t\t\t\t<\/div>\n\t\t\t\t<\/div>\n\t\t\t\t<div class=\"elementor-element elementor-element-fe4d133 elementor-widget-divider--view-line elementor-widget elementor-widget-divider\" data-id=\"fe4d133\" data-element_type=\"widget\" data-e-type=\"widget\" data-settings=\"{&quot;_animation&quot;:&quot;none&quot;}\" data-widget_type=\"divider.default\">\n\t\t\t\t<div class=\"elementor-widget-container\">\n\t\t\t\t\t\t\t<div class=\"elementor-divider\">\n\t\t\t<span class=\"elementor-divider-separator\">\n\t\t\t\t\t\t<\/span>\n\t\t<\/div>\n\t\t\t\t\t\t<\/div>\n\t\t\t\t<\/div>\n\t\t\t\t<div class=\"elementor-element elementor-element-def7e9e elementor-widget elementor-widget-text-editor\" data-id=\"def7e9e\" data-element_type=\"widget\" data-e-type=\"widget\" data-widget_type=\"text-editor.default\">\n\t\t\t\t<div class=\"elementor-widget-container\">\n\t\t\t\t\t\t\t\t\t<p>Ich kann mich klar und strukturiert ausdr\u00fccken. Ich nutze dabei vielf\u00e4ltige Verkn\u00fcpfungsmittel.<\/p>\t\t\t\t\t\t\t\t<\/div>\n\t\t\t\t<\/div>\n\t\t\t\t<\/div>\n\t\t<div class=\"elementor-element elementor-element-9d019aa e-con-full e-flex e-con e-child\" data-id=\"9d019aa\" data-element_type=\"container\" data-e-type=\"container\" data-settings=\"{&quot;background_background&quot;:&quot;classic&quot;}\">\n\t\t\t\t<div class=\"elementor-element elementor-element-9825703 elementor-widget elementor-widget-heading\" data-id=\"9825703\" data-element_type=\"widget\" data-e-type=\"widget\" data-widget_type=\"heading.default\">\n\t\t\t\t<div class=\"elementor-widget-container\">\n\t\t\t\t\t<h2 class=\"elementor-heading-title elementor-size-default\">Orthographie<\/h2>\t\t\t\t<\/div>\n\t\t\t\t<\/div>\n\t\t\t\t<div class=\"elementor-element elementor-element-64d7bc1 elementor-widget-divider--view-line elementor-widget elementor-widget-divider\" data-id=\"64d7bc1\" data-element_type=\"widget\" data-e-type=\"widget\" data-settings=\"{&quot;_animation&quot;:&quot;none&quot;}\" data-widget_type=\"divider.default\">\n\t\t\t\t<div class=\"elementor-widget-container\">\n\t\t\t\t\t\t\t<div class=\"elementor-divider\">\n\t\t\t<span class=\"elementor-divider-separator\">\n\t\t\t\t\t\t<\/span>\n\t\t<\/div>\n\t\t\t\t\t\t<\/div>\n\t\t\t\t<\/div>\n\t\t\t\t<div class=\"elementor-element elementor-element-7fe84f0 elementor-widget elementor-widget-text-editor\" data-id=\"7fe84f0\" data-element_type=\"widget\" data-e-type=\"widget\" data-widget_type=\"text-editor.default\">\n\t\t\t\t<div class=\"elementor-widget-container\">\n\t\t\t\t\t\t\t\t\t<p>Meine Rechtschreibung und Zeichensetzung sind, abgesehen von gelegentlichem Verschreiben, richtig.<\/p>\t\t\t\t\t\t\t\t<\/div>\n\t\t\t\t<\/div>\n\t\t\t\t<\/div>\n\t\t<div class=\"elementor-element elementor-element-1d7e386 e-con-full e-flex e-con e-child\" data-id=\"1d7e386\" data-element_type=\"container\" data-e-type=\"container\" data-settings=\"{&quot;background_background&quot;:&quot;classic&quot;}\">\n\t\t\t\t<div class=\"elementor-element elementor-element-2825943 elementor-widget elementor-widget-heading\" data-id=\"2825943\" data-element_type=\"widget\" data-e-type=\"widget\" data-widget_type=\"heading.default\">\n\t\t\t\t<div class=\"elementor-widget-container\">\n\t\t\t\t\t<h2 class=\"elementor-heading-title elementor-size-default\">Genauigkeit<\/h2>\t\t\t\t<\/div>\n\t\t\t\t<\/div>\n\t\t\t\t<div class=\"elementor-element elementor-element-255fcf2 elementor-widget-divider--view-line elementor-widget elementor-widget-divider\" data-id=\"255fcf2\" data-element_type=\"widget\" data-e-type=\"widget\" data-settings=\"{&quot;_animation&quot;:&quot;none&quot;}\" data-widget_type=\"divider.default\">\n\t\t\t\t<div class=\"elementor-widget-container\">\n\t\t\t\t\t\t\t<div class=\"elementor-divider\">\n\t\t\t<span class=\"elementor-divider-separator\">\n\t\t\t\t\t\t<\/span>\n\t\t<\/div>\n\t\t\t\t\t\t<\/div>\n\t\t\t\t<\/div>\n\t\t\t\t<div class=\"elementor-element elementor-element-ce45a38 elementor-widget elementor-widget-text-editor\" data-id=\"ce45a38\" data-element_type=\"widget\" data-e-type=\"widget\" data-widget_type=\"text-editor.default\">\n\t\t\t\t<div class=\"elementor-widget-container\">\n\t\t\t\t\t\t\t\t\t<p>Ich kann auch in anspruchsvollen Situationen detaillierte Informationen korrekt weitergeben.<\/p>\t\t\t\t\t\t\t\t<\/div>\n\t\t\t\t<\/div>\n\t\t\t\t<\/div>\n\t\t\t\t<\/div>\n\t\t\t\t\t<\/div>\n\t\t\t\t<\/div>\n\t\t<div class=\"elementor-element elementor-element-42f59877 e-flex e-con-boxed e-con e-parent\" data-id=\"42f59877\" data-element_type=\"container\" data-e-type=\"container\" data-settings=\"{&quot;background_background&quot;:&quot;classic&quot;}\">\n\t\t\t\t\t<div class=\"e-con-inner\">\n\t\t\t\t<div class=\"elementor-element elementor-element-35affa1b elementor-widget elementor-widget-heading\" data-id=\"35affa1b\" data-element_type=\"widget\" data-e-type=\"widget\" data-widget_type=\"heading.default\">\n\t\t\t\t<div class=\"elementor-widget-container\">\n\t\t\t\t\t<h2 class=\"elementor-heading-title elementor-size-default\">Sie haben Fragen?<\/h2>\t\t\t\t<\/div>\n\t\t\t\t<\/div>\n\t\t\t\t<div class=\"elementor-element elementor-element-4de10aba elementor-widget elementor-widget-heading\" data-id=\"4de10aba\" data-element_type=\"widget\" data-e-type=\"widget\" data-widget_type=\"heading.default\">\n\t\t\t\t<div class=\"elementor-widget-container\">\n\t\t\t\t\t<h2 class=\"elementor-heading-title elementor-size-default\">Melden Sie sich per E-Mail bei uns!<\/h2>\t\t\t\t<\/div>\n\t\t\t\t<\/div>\n\t\t\t\t<div class=\"elementor-element elementor-element-3c92bdfb elementor-widget-tablet__width-initial elementor-mobile-align-center elementor-widget__width-initial elementor-align-center elementor-widget elementor-widget-button\" data-id=\"3c92bdfb\" data-element_type=\"widget\" data-e-type=\"widget\" data-widget_type=\"button.default\">\n\t\t\t\t<div class=\"elementor-widget-container\">\n\t\t\t\t\t\t\t\t\t<div class=\"elementor-button-wrapper\">\n\t\t\t\t\t<a class=\"elementor-button elementor-button-link elementor-size-sm\" href=\"mailto:service@famed-test.de\">\n\t\t\t\t\t\t<span class=\"elementor-button-content-wrapper\">\n\t\t\t\t\t\t<span class=\"elementor-button-icon\">\n\t\t\t\t<svg aria-hidden=\"true\" class=\"e-font-icon-svg e-far-envelope\" viewbox=\"0 0 512 512\" xmlns=\"http:\/\/www.w3.org\/2000\/svg\"><path d=\"M464 64H48C21.49 64 0 85.49 0 112v288c0 26.51 21.49 48 48 48h416c26.51 0 48-21.49 48-48V112c0-26.51-21.49-48-48-48zm0 48v40.805c-22.422 18.259-58.168 46.651-134.587 106.49-16.841 13.247-50.201 45.072-73.413 44.701-23.208.375-56.579-31.459-73.413-44.701C106.18 199.465 70.425 171.067 48 152.805V112h416zM48 400V214.398c22.914 18.251 55.409 43.862 104.938 82.646 21.857 17.205 60.134 55.186 103.062 54.955 42.717.231 80.509-37.199 103.053-54.947 49.528-38.783 82.032-64.401 104.947-82.653V400H48z\"><\/path><\/svg>\t\t\t<\/span>\n\t\t\t\t\t\t\t\t\t<span class=\"elementor-button-text\">Kontakt<\/span>\n\t\t\t\t\t<\/span>\n\t\t\t\t\t<\/a>\n\t\t\t\t<\/div>\n\t\t\t\t\t\t\t\t<\/div>\n\t\t\t\t<\/div>\n\t\t\t\t\t<\/div>\n\t\t\t\t<\/div>\n\t\t\t\t<\/div>","protected":false},"excerpt":{"rendered":"<p>Anforderungen Die wichtigsten Infos, um sich auf die Fachsprachenpr\u00fcfung vorzubereiten Laut Beschluss der Gesundheitsministerkonferenz von 2014 (GMK 2014) m\u00fcssen ausl\u00e4ndische \u00c4rzte und \u00c4rztinnen eine Fachsprachenpr\u00fcfung auf C1-Niveau bestehen, um in Deutschland approbiert zu werden. In dem GMK-Eckpunktepapier werden die Anforderungen konkret beschrieben: 87. Gesundheitsministerkonferenz (GMK 2014:3) \u201eDie Antragstellenden m\u00fcssen \u00fcber die Kenntnisse der deutschen Sprache [&hellip;]<\/p>\n","protected":false},"author":3,"featured_media":0,"parent":0,"menu_order":0,"comment_status":"closed","ping_status":"closed","template":"elementor_header_footer","meta":{"inline_featured_image":false,"footnotes":""},"class_list":["post-1487","page","type-page","status-publish","hentry"],"jetpack_sharing_enabled":true,"_links":{"self":[{"href":"https:\/\/famed-test.de\/ro\/wp-json\/wp\/v2\/pages\/1487","targetHints":{"allow":["GET"]}}],"collection":[{"href":"https:\/\/famed-test.de\/ro\/wp-json\/wp\/v2\/pages"}],"about":[{"href":"https:\/\/famed-test.de\/ro\/wp-json\/wp\/v2\/types\/page"}],"author":[{"embeddable":true,"href":"https:\/\/famed-test.de\/ro\/wp-json\/wp\/v2\/users\/3"}],"replies":[{"embeddable":true,"href":"https:\/\/famed-test.de\/ro\/wp-json\/wp\/v2\/comments?post=1487"}],"version-history":[{"count":76,"href":"https:\/\/famed-test.de\/ro\/wp-json\/wp\/v2\/pages\/1487\/revisions"}],"predecessor-version":[{"id":3370,"href":"https:\/\/famed-test.de\/ro\/wp-json\/wp\/v2\/pages\/1487\/revisions\/3370"}],"wp:attachment":[{"href":"https:\/\/famed-test.de\/ro\/wp-json\/wp\/v2\/media?parent=1487"}],"curies":[{"name":"wp","href":"https:\/\/api.w.org\/{rel}","templated":true}]}}