{"id":1301,"date":"2024-06-03T09:49:29","date_gmt":"2024-06-03T07:49:29","guid":{"rendered":"https:\/\/wp.famed-test.de\/?page_id=1301"},"modified":"2026-03-18T14:18:15","modified_gmt":"2026-03-18T13:18:15","slug":"hintergrundinfos-zur-fsp","status":"publish","type":"page","link":"https:\/\/famed-test.de\/ro\/hintergrundinfos-zur-fsp\/","title":{"rendered":"Hintergrundinfos zur FSP"},"content":{"rendered":"\t\t<div data-elementor-type=\"wp-page\" data-elementor-id=\"1301\" class=\"elementor elementor-1301\" data-elementor-post-type=\"page\">\n\t\t\t\t<div class=\"elementor-element elementor-element-0cab2a7 e-flex e-con-boxed e-con e-parent\" data-id=\"0cab2a7\" data-element_type=\"container\" data-e-type=\"container\" data-settings=\"{&quot;background_background&quot;:&quot;classic&quot;,&quot;shape_divider_bottom&quot;:&quot;tilt&quot;}\">\n\t\t\t\t\t<div class=\"e-con-inner\">\n\t\t\t\t<div class=\"elementor-shape elementor-shape-bottom\" aria-hidden=\"true\" data-negative=\"false\">\n\t\t\t<svg xmlns=\"http:\/\/www.w3.org\/2000\/svg\" viewBox=\"0 0 1000 100\" preserveAspectRatio=\"none\">\n\t<path class=\"elementor-shape-fill\" d=\"M0,6V0h1000v100L0,6z\"\/>\n<\/svg>\t\t<\/div>\n\t\t\t\t<div class=\"elementor-element elementor-element-1a45e1c elementor-widget elementor-widget-heading\" data-id=\"1a45e1c\" data-element_type=\"widget\" data-e-type=\"widget\" data-widget_type=\"heading.default\">\n\t\t\t\t<div class=\"elementor-widget-container\">\n\t\t\t\t\t<h2 class=\"elementor-heading-title elementor-size-default\">Fachlicher Hintergrund zur Fachsprachenpr\u00fcfung Medizin<\/h2>\t\t\t\t<\/div>\n\t\t\t\t<\/div>\n\t\t\t\t<div class=\"elementor-element elementor-element-de629cb elementor-widget elementor-widget-text-editor\" data-id=\"de629cb\" data-element_type=\"widget\" data-e-type=\"widget\" data-settings=\"{&quot;_animation&quot;:&quot;none&quot;,&quot;_animation_delay&quot;:200}\" data-widget_type=\"text-editor.default\">\n\t\t\t\t<div class=\"elementor-widget-container\">\n\t\t\t\t\t\t\t\t\t<p><i>L\u00e4ngst sind \u201a\u00c4rztemangel\u2019 und \u201aFachkr\u00e4ftemangel\u2019 fest etablierte Schlagw\u00f6rter im gesundheitspolitischen Diskurs. Die Versorgungsl\u00fccke schlie\u00dfen immer mehr \u00c4rztinnen und \u00c4rzte aus dem Ausland.<\/i><\/p>\t\t\t\t\t\t\t\t<\/div>\n\t\t\t\t<\/div>\n\t\t\t\t\t<\/div>\n\t\t\t\t<\/div>\n\t\t<div class=\"elementor-element elementor-element-637d5e9 e-flex e-con-boxed e-con e-parent\" data-id=\"637d5e9\" data-element_type=\"container\" data-e-type=\"container\" data-settings=\"{&quot;background_background&quot;:&quot;classic&quot;,&quot;animation&quot;:&quot;none&quot;}\">\n\t\t\t\t\t<div class=\"e-con-inner\">\n\t\t<div class=\"elementor-element elementor-element-6794dcf e-con-full e-flex e-con e-child\" data-id=\"6794dcf\" data-element_type=\"container\" data-e-type=\"container\" data-settings=\"{&quot;background_background&quot;:&quot;classic&quot;}\">\n\t\t\t\t<div class=\"elementor-element elementor-element-106a322 elementor-widget elementor-widget-image\" data-id=\"106a322\" data-element_type=\"widget\" data-e-type=\"widget\" data-widget_type=\"image.default\">\n\t\t\t\t<div class=\"elementor-widget-container\">\n\t\t\t\t\t\t\t\t\t\t\t\t\t\t\t<img fetchpriority=\"high\" decoding=\"async\" width=\"800\" height=\"800\" src=\"https:\/\/famed-test.de\/wp-content\/uploads\/2024\/05\/Doctors-rafiki.svg\" class=\"attachment-large size-large wp-image-906\" alt=\"\" \/>\t\t\t\t\t\t\t\t\t\t\t\t\t\t\t<\/div>\n\t\t\t\t<\/div>\n\t\t\t\t<\/div>\n\t\t<div class=\"elementor-element elementor-element-552d024 e-flex e-con-boxed e-con e-child\" data-id=\"552d024\" data-element_type=\"container\" data-e-type=\"container\" data-settings=\"{&quot;background_background&quot;:&quot;classic&quot;}\">\n\t\t\t\t\t<div class=\"e-con-inner\">\n\t\t\t\t<div class=\"elementor-element elementor-element-e293a14 elementor-widget elementor-widget-spacer\" data-id=\"e293a14\" data-element_type=\"widget\" data-e-type=\"widget\" data-widget_type=\"spacer.default\">\n\t\t\t\t<div class=\"elementor-widget-container\">\n\t\t\t\t\t\t\t<div class=\"elementor-spacer\">\n\t\t\t<div class=\"elementor-spacer-inner\"><\/div>\n\t\t<\/div>\n\t\t\t\t\t\t<\/div>\n\t\t\t\t<\/div>\n\t\t\t\t<div class=\"elementor-element elementor-element-13bdb1c elementor-widget elementor-widget-spacer\" data-id=\"13bdb1c\" data-element_type=\"widget\" data-e-type=\"widget\" data-widget_type=\"spacer.default\">\n\t\t\t\t<div class=\"elementor-widget-container\">\n\t\t\t\t\t\t\t<div class=\"elementor-spacer\">\n\t\t\t<div class=\"elementor-spacer-inner\"><\/div>\n\t\t<\/div>\n\t\t\t\t\t\t<\/div>\n\t\t\t\t<\/div>\n\t\t\t\t<div class=\"elementor-element elementor-element-3938127 elementor-widget elementor-widget-text-editor\" data-id=\"3938127\" data-element_type=\"widget\" data-e-type=\"widget\" data-widget_type=\"text-editor.default\">\n\t\t\t\t<div class=\"elementor-widget-container\">\n\t\t\t\t\t\t\t\t\tBeim Integrationsprozess in den Berufsalltag sind diese aber mit fachbezogenen, administrativen und kulturellen Herausforderungen konfrontiert, die sich immer auch sprachlich manifestieren. Mangelnde oder mangelhafte Kompetenzen f\u00fchren oft zu sinkender Behandlungsqualit\u00e4t, geringer Patientenzufriedenheit und interkollegialen Konflikten. Im Extremfall entscheidet das Scheitern von Kommunikation sogar \u00fcber Leben und Tod. Kompetentes Kommunikationsmanagement inklusive der Prophylaxe und Therapie von Missverst\u00e4ndnissen ist ein vitales Element \u00e4rztlicher Praxis.\t\t\t\t\t\t\t\t<\/div>\n\t\t\t\t<\/div>\n\t\t\t\t<div class=\"elementor-element elementor-element-d8ca81e elementor-widget elementor-widget-text-editor\" data-id=\"d8ca81e\" data-element_type=\"widget\" data-e-type=\"widget\" data-widget_type=\"text-editor.default\">\n\t\t\t\t<div class=\"elementor-widget-container\">\n\t\t\t\t\t\t\t\t\t<p><strong>Daher beschloss die 87. Gesundheitsministerkonferenz (GMK) 2014 die bundesweite Einf\u00fchrung einer Fachsprachenpr\u00fcfung (FSP) f\u00fcr Berufst\u00e4tige in verkammerten akademischen Heilberufen unter Vorgabe grundlegender Rahmenbedingungen. Eine solche FSP ist Teilbedingung f\u00fcr die Zulassung ausl\u00e4ndischer \u00c4rztinnen\/\u00c4rzte in Deutschland.<\/strong> <br><br><\/p><p>Bis dato gibt es keine gemeinsamen Standards f\u00fcr die testtheoretischen und methodischen<i> Rahmenbedingungen der FSP. Die formellen Rahmenvorgaben der GMK beziehen sich vor allem auf das Sprachniveau C1 in einer fachsprachlichen Auspr\u00e4gung. Mit diesen Vorgaben wurden zwar notwendige Rahmenbedingungen f\u00fcr h\u00f6here sprachliche Standards geschaffen; gleichzeitig liegt die Verantwortung, qualitativ hochwertige FSPen zu garantieren, bei den einzelnen L\u00e4ndern.<\/i><\/p>\t\t\t\t\t\t\t\t<\/div>\n\t\t\t\t<\/div>\n\t\t<div class=\"elementor-element elementor-element-51582c6 e-con-full elementor-hidden-desktop elementor-hidden-tablet e-flex e-con e-child\" data-id=\"51582c6\" data-element_type=\"container\" data-e-type=\"container\">\n\t\t\t\t<div class=\"elementor-element elementor-element-a818891 elementor-widget-mobile__width-inherit elementor-widget elementor-widget-image\" data-id=\"a818891\" data-element_type=\"widget\" data-e-type=\"widget\" data-widget_type=\"image.default\">\n\t\t\t\t<div class=\"elementor-widget-container\">\n\t\t\t\t\t\t\t\t\t\t\t\t\t\t\t<img decoding=\"async\" width=\"800\" height=\"800\" src=\"https:\/\/famed-test.de\/wp-content\/uploads\/2024\/05\/Digital-presentation-rafiki.svg\" class=\"attachment-large size-large wp-image-905\" alt=\"\" \/>\t\t\t\t\t\t\t\t\t\t\t\t\t\t\t<\/div>\n\t\t\t\t<\/div>\n\t\t\t\t<\/div>\n\t\t\t\t\t<\/div>\n\t\t\t\t<\/div>\n\t\t\t\t\t<\/div>\n\t\t\t\t<\/div>\n\t\t<div class=\"elementor-element elementor-element-3cfd22e e-flex e-con-boxed e-con e-parent\" data-id=\"3cfd22e\" data-element_type=\"container\" data-e-type=\"container\" data-settings=\"{&quot;background_background&quot;:&quot;classic&quot;,&quot;animation&quot;:&quot;none&quot;}\">\n\t\t\t\t\t<div class=\"e-con-inner\">\n\t\t<div class=\"elementor-element elementor-element-bb2b9e2 e-con-full e-flex e-con e-child\" data-id=\"bb2b9e2\" data-element_type=\"container\" data-e-type=\"container\" data-settings=\"{&quot;background_background&quot;:&quot;classic&quot;,&quot;motion_fx_motion_fx_scrolling&quot;:&quot;yes&quot;,&quot;motion_fx_devices&quot;:[&quot;desktop&quot;,&quot;tablet&quot;,&quot;mobile&quot;]}\">\n\t\t\t\t<div class=\"elementor-element elementor-element-53a6e1a elementor-widget elementor-widget-spacer\" data-id=\"53a6e1a\" data-element_type=\"widget\" data-e-type=\"widget\" data-widget_type=\"spacer.default\">\n\t\t\t\t<div class=\"elementor-widget-container\">\n\t\t\t\t\t\t\t<div class=\"elementor-spacer\">\n\t\t\t<div class=\"elementor-spacer-inner\"><\/div>\n\t\t<\/div>\n\t\t\t\t\t\t<\/div>\n\t\t\t\t<\/div>\n\t\t\t\t<div class=\"elementor-element elementor-element-c33ef45 elementor-widget elementor-widget-spacer\" data-id=\"c33ef45\" data-element_type=\"widget\" data-e-type=\"widget\" data-widget_type=\"spacer.default\">\n\t\t\t\t<div class=\"elementor-widget-container\">\n\t\t\t\t\t\t\t<div class=\"elementor-spacer\">\n\t\t\t<div class=\"elementor-spacer-inner\"><\/div>\n\t\t<\/div>\n\t\t\t\t\t\t<\/div>\n\t\t\t\t<\/div>\n\t\t\t\t<div class=\"elementor-element elementor-element-f33851b elementor-widget elementor-widget-text-editor\" data-id=\"f33851b\" data-element_type=\"widget\" data-e-type=\"widget\" data-widget_type=\"text-editor.default\">\n\t\t\t\t<div class=\"elementor-widget-container\">\n\t\t\t\t\t\t\t\t\t<p>Das Fehlen einer bundesweit einheitlichen FSP birgt wiederum die Gefahr des \u201cPr\u00fcfungstourismus\u201d, der darin besteht, dass sich ausl\u00e4ndische \u00c4rztinnen und \u00c4rzte bevorzugt in L\u00e4ndern zur Pr\u00fcfung anmelden, in denen die Pr\u00fcfung leichter zu bew\u00e4ltigen ist als in anderen Bundesl\u00e4ndern.&nbsp;<\/p><p>Ab 2016 entwickelte daher ein interdisziplin\u00e4res Forscherteam der Ludwig-Maximilians-Universit\u00e4t (LMU) aus den Bereichen Medizin, Medizindidaktik, Deutsch als Fremdsprache (DaF) und Psychometrie eine valide, reliable, faire, authentische, objektive und \u00f6konomisch durchf\u00fchrbare Sprachpr\u00fcfung f\u00fcr ausl\u00e4ndische Mediziner (SAM).<\/p>\t\t\t\t\t\t\t\t<\/div>\n\t\t\t\t<\/div>\n\t\t\t\t<div class=\"elementor-element elementor-element-7a443ab elementor-widget elementor-widget-text-editor\" data-id=\"7a443ab\" data-element_type=\"widget\" data-e-type=\"widget\" data-widget_type=\"text-editor.default\">\n\t\t\t\t<div class=\"elementor-widget-container\">\n\t\t\t\t\t\t\t\t\t<p>Aufbauend auf\u00a0dem Pilotprojekt wurde die FaMed entwickelt. Abgesehen von der hohen Validit\u00e4t, Objektivit\u00e4t und Reliabilit\u00e4t der nach internationalen wissenschaftlichen Standards entwickelten Pr\u00fcfung besticht die Pr\u00fcfung durch ihre effiziente digitale Umsetzung. Von der Anmeldung, \u00fcber die Durchf\u00fchrung, die Transkription der Gespr\u00e4chsdaten und ihre Auswertung bis hin zur Ausstellung der Urkunden und \u00dcbermittlung der Ergebnisse. Teilnehmerinnen und Teilnehmer m\u00fcssen lediglich physisch in dem Pr\u00fcfungszentrum erscheinen, haben aber ansonsten keinen direkten Kontakt mit dem Pr\u00fcfungspersonal.<\/p>\t\t\t\t\t\t\t\t<\/div>\n\t\t\t\t<\/div>\n\t\t\t\t<\/div>\n\t\t<div class=\"elementor-element elementor-element-c7fd4bb e-con-full elementor-hidden-mobile e-flex e-con e-child\" data-id=\"c7fd4bb\" data-element_type=\"container\" data-e-type=\"container\" data-settings=\"{&quot;background_background&quot;:&quot;classic&quot;}\">\n\t\t\t\t<div class=\"elementor-element elementor-element-08cfd87 elementor-widget elementor-widget-image\" data-id=\"08cfd87\" data-element_type=\"widget\" data-e-type=\"widget\" data-widget_type=\"image.default\">\n\t\t\t\t<div class=\"elementor-widget-container\">\n\t\t\t\t\t\t\t\t\t\t\t\t\t\t\t<img decoding=\"async\" width=\"800\" height=\"800\" src=\"https:\/\/famed-test.de\/wp-content\/uploads\/2024\/05\/Digital-presentation-rafiki.svg\" class=\"attachment-large size-large wp-image-905\" alt=\"\" \/>\t\t\t\t\t\t\t\t\t\t\t\t\t\t\t<\/div>\n\t\t\t\t<\/div>\n\t\t\t\t<\/div>\n\t\t\t\t\t<\/div>\n\t\t\t\t<\/div>\n\t\t<div class=\"elementor-element elementor-element-228d16c e-flex e-con-boxed e-con e-parent\" data-id=\"228d16c\" data-element_type=\"container\" data-e-type=\"container\" data-settings=\"{&quot;background_background&quot;:&quot;classic&quot;}\">\n\t\t\t\t\t<div class=\"e-con-inner\">\n\t\t\t\t<div class=\"elementor-element elementor-element-4d8bfec7 elementor-widget elementor-widget-heading\" data-id=\"4d8bfec7\" data-element_type=\"widget\" data-e-type=\"widget\" data-widget_type=\"heading.default\">\n\t\t\t\t<div class=\"elementor-widget-container\">\n\t\t\t\t\t<h2 class=\"elementor-heading-title elementor-size-default\">Sie haben Fragen?<\/h2>\t\t\t\t<\/div>\n\t\t\t\t<\/div>\n\t\t\t\t<div class=\"elementor-element elementor-element-ce8742a elementor-widget elementor-widget-heading\" data-id=\"ce8742a\" data-element_type=\"widget\" data-e-type=\"widget\" data-widget_type=\"heading.default\">\n\t\t\t\t<div class=\"elementor-widget-container\">\n\t\t\t\t\t<h2 class=\"elementor-heading-title elementor-size-default\">Melden Sie sich per Mail bei uns!<\/h2>\t\t\t\t<\/div>\n\t\t\t\t<\/div>\n\t\t\t\t<div class=\"elementor-element elementor-element-2ea57ea5 elementor-widget-tablet__width-initial elementor-mobile-align-center elementor-widget__width-initial elementor-align-center elementor-widget elementor-widget-button\" data-id=\"2ea57ea5\" data-element_type=\"widget\" data-e-type=\"widget\" data-widget_type=\"button.default\">\n\t\t\t\t<div class=\"elementor-widget-container\">\n\t\t\t\t\t\t\t\t\t<div class=\"elementor-button-wrapper\">\n\t\t\t\t\t<a class=\"elementor-button elementor-button-link elementor-size-sm\" href=\"mailto:service@famed-test.de\">\n\t\t\t\t\t\t<span class=\"elementor-button-content-wrapper\">\n\t\t\t\t\t\t<span class=\"elementor-button-icon\">\n\t\t\t\t<svg aria-hidden=\"true\" class=\"e-font-icon-svg e-far-envelope\" viewBox=\"0 0 512 512\" xmlns=\"http:\/\/www.w3.org\/2000\/svg\"><path d=\"M464 64H48C21.49 64 0 85.49 0 112v288c0 26.51 21.49 48 48 48h416c26.51 0 48-21.49 48-48V112c0-26.51-21.49-48-48-48zm0 48v40.805c-22.422 18.259-58.168 46.651-134.587 106.49-16.841 13.247-50.201 45.072-73.413 44.701-23.208.375-56.579-31.459-73.413-44.701C106.18 199.465 70.425 171.067 48 152.805V112h416zM48 400V214.398c22.914 18.251 55.409 43.862 104.938 82.646 21.857 17.205 60.134 55.186 103.062 54.955 42.717.231 80.509-37.199 103.053-54.947 49.528-38.783 82.032-64.401 104.947-82.653V400H48z\"><\/path><\/svg>\t\t\t<\/span>\n\t\t\t\t\t\t\t\t\t<span class=\"elementor-button-text\">Kontakt<\/span>\n\t\t\t\t\t<\/span>\n\t\t\t\t\t<\/a>\n\t\t\t\t<\/div>\n\t\t\t\t\t\t\t\t<\/div>\n\t\t\t\t<\/div>\n\t\t\t\t\t<\/div>\n\t\t\t\t<\/div>\n\t\t\t\t<\/div>\n\t\t","protected":false},"excerpt":{"rendered":"<p>Fachlicher Hintergrund zur Fachsprachenpr\u00fcfung Medizin L\u00e4ngst sind \u201a\u00c4rztemangel\u2019 und \u201aFachkr\u00e4ftemangel\u2019 fest etablierte Schlagw\u00f6rter im gesundheitspolitischen Diskurs. Die Versorgungsl\u00fccke schlie\u00dfen immer mehr \u00c4rztinnen und \u00c4rzte aus dem Ausland. Beim Integrationsprozess in den Berufsalltag sind diese aber mit fachbezogenen, administrativen und kulturellen Herausforderungen konfrontiert, die sich immer auch sprachlich manifestieren. Mangelnde oder mangelhafte Kompetenzen f\u00fchren oft zu [&hellip;]<\/p>\n","protected":false},"author":3,"featured_media":0,"parent":0,"menu_order":0,"comment_status":"closed","ping_status":"closed","template":"elementor_header_footer","meta":{"inline_featured_image":false,"footnotes":""},"class_list":["post-1301","page","type-page","status-publish","hentry"],"jetpack_sharing_enabled":true,"_links":{"self":[{"href":"https:\/\/famed-test.de\/ro\/wp-json\/wp\/v2\/pages\/1301","targetHints":{"allow":["GET"]}}],"collection":[{"href":"https:\/\/famed-test.de\/ro\/wp-json\/wp\/v2\/pages"}],"about":[{"href":"https:\/\/famed-test.de\/ro\/wp-json\/wp\/v2\/types\/page"}],"author":[{"embeddable":true,"href":"https:\/\/famed-test.de\/ro\/wp-json\/wp\/v2\/users\/3"}],"replies":[{"embeddable":true,"href":"https:\/\/famed-test.de\/ro\/wp-json\/wp\/v2\/comments?post=1301"}],"version-history":[{"count":37,"href":"https:\/\/famed-test.de\/ro\/wp-json\/wp\/v2\/pages\/1301\/revisions"}],"predecessor-version":[{"id":3355,"href":"https:\/\/famed-test.de\/ro\/wp-json\/wp\/v2\/pages\/1301\/revisions\/3355"}],"wp:attachment":[{"href":"https:\/\/famed-test.de\/ro\/wp-json\/wp\/v2\/media?parent=1301"}],"curies":[{"name":"wp","href":"https:\/\/api.w.org\/{rel}","templated":true}]}}