{"id":1943,"date":"2024-07-10T08:17:48","date_gmt":"2024-07-10T06:17:48","guid":{"rendered":"https:\/\/famed-test.de\/?page_id=1943"},"modified":"2025-11-24T13:09:08","modified_gmt":"2025-11-24T12:09:08","slug":"impressum","status":"publish","type":"page","link":"https:\/\/famed-test.de\/hi\/impressum\/","title":{"rendered":"\u0907\u0902\u092a\u094d\u0930\u0947\u0936\u092e"},"content":{"rendered":"<div data-elementor-type=\"wp-page\" data-elementor-id=\"1943\" class=\"elementor elementor-1943\" data-elementor-post-type=\"page\">\n\t\t\t\t<div class=\"elementor-element elementor-element-3803afa8 e-flex e-con-boxed e-con e-parent\" data-id=\"3803afa8\" data-element_type=\"container\" data-e-type=\"container\" data-settings=\"{&quot;background_background&quot;:&quot;classic&quot;,&quot;shape_divider_bottom&quot;:&quot;tilt&quot;}\">\n\t\t\t\t\t<div class=\"e-con-inner\">\n\t\t\t\t<div class=\"elementor-shape elementor-shape-bottom\" aria-hidden=\"true\" data-negative=\"false\">\n\t\t\t<svg xmlns=\"http:\/\/www.w3.org\/2000\/svg\" viewbox=\"0 0 1000 100\" preserveaspectratio=\"none\">\n\t<path class=\"elementor-shape-fill\" d=\"M0,6V0h1000v100L0,6z\"\/>\n<\/svg>\t\t<\/div>\n\t\t\t\t<div class=\"elementor-element elementor-element-79c7d4b9 elementor-widget elementor-widget-heading\" data-id=\"79c7d4b9\" data-element_type=\"widget\" data-e-type=\"widget\" data-widget_type=\"heading.default\">\n\t\t\t\t<div class=\"elementor-widget-container\">\n\t\t\t\t\t<h2 class=\"elementor-heading-title elementor-size-default\">\u0907\u0902\u092a\u094d\u0930\u0947\u0936\u092e<\/h2>\t\t\t\t<\/div>\n\t\t\t\t<\/div>\n\t\t\t\t\t<\/div>\n\t\t\t\t<\/div>\n\t\t<div class=\"elementor-element elementor-element-76ad28c7 e-flex e-con-boxed e-con e-parent\" data-id=\"76ad28c7\" data-element_type=\"container\" data-e-type=\"container\">\n\t\t\t\t\t<div class=\"e-con-inner\">\n\t\t\t\t<div class=\"elementor-element elementor-element-1872e8c2 elementor-widget elementor-widget-spacer\" data-id=\"1872e8c2\" data-element_type=\"widget\" data-e-type=\"widget\" data-widget_type=\"spacer.default\">\n\t\t\t\t<div class=\"elementor-widget-container\">\n\t\t\t\t\t\t\t<div class=\"elementor-spacer\">\n\t\t\t<div class=\"elementor-spacer-inner\"><\/div>\n\t\t<\/div>\n\t\t\t\t\t\t<\/div>\n\t\t\t\t<\/div>\n\t\t\t\t\t<\/div>\n\t\t\t\t<\/div>\n\t\t<div class=\"elementor-element elementor-element-d64edb6 e-flex e-con-boxed e-con e-parent\" data-id=\"d64edb6\" data-element_type=\"container\" data-e-type=\"container\">\n\t\t\t\t\t<div class=\"e-con-inner\">\n\t\t\t\t<div class=\"elementor-element elementor-element-9d4173d elementor-widget elementor-widget-text-editor\" data-id=\"9d4173d\" data-element_type=\"widget\" data-e-type=\"widget\" data-widget_type=\"text-editor.default\">\n\t\t\t\t<div class=\"elementor-widget-container\">\n\t\t\t\t\t\t\t\t\t<h3>\u0921\u093f\u0917\u0940\u092b\u094b\u0930\u094d\u091f \u0917\u0947\u0938\u0941\u0902\u0921\u0939\u093e\u0907\u091f \u0909\u0902\u0921 \u092a\u094d\u092b\u0932\u0947 \u091c\u0940\u090f\u092e\u092c\u0940\u090f\u091a<\/h3><p>\u092a\u094d\u0930\u092c\u0902\u0927 \u0928\u093f\u0926\u0947\u0936\u0915: \u0939\u094b\u0932\u094d\u0917\u0930 \u0938\u094d\u091f\u094d\u0930\u0947\u0939\u0932\u093e\u0909<br \/>\u0935\u093f\u0932\u094d\u0939\u0947\u092e\u0936\u0949\u091c\u093c\u0930 \u090f\u0932\u0940 287<br \/>34131 \u0915\u093e\u0938\u0947\u0932<\/p><p>\u0907\u0902\u091f\u0930\u0928\u0947\u091f: famed-test.de | digifort-experts.de\u00a0<\/p><p>\u0938\u093e\u092e\u0917\u094d\u0930\u0940 \u0915\u0947 \u0932\u093f\u090f \u091c\u093f\u092e\u094d\u092e\u0947\u0926\u093e\u0930: \u0939\u094b\u0932\u094d\u0917\u0930 \u0938\u094d\u091f\u094d\u0930\u0947\u0932\u093e\u090a<br \/>\u0938\u093f\u091f\u094d\u091c\u093c: \u0915\u093e\u0938\u0947\u0932 \u090f\u091a\u0906\u0930\u092c\u0940 18934<br \/>\u0930\u091c\u093f\u0938\u094d\u091f\u0930\u091c\u0947\u0930\u093f\u091a: \u0915\u093e\u0938\u0947\u0932<\/p><h5>\u0915\u093e\u0928\u0942\u0928\u0940 \u0938\u0942\u091a\u0928\u093e<\/h5><p>\u0907\u0938 \u0939\u094b\u092e\u092a\u0947\u091c \u092f\u093e \u0909\u0938\u0915\u0947 \u0909\u092a-\u092a\u0943\u0937\u094d\u0920\u094b\u0902 \u092a\u0930 \u0905\u0928\u094d\u092f \u0907\u0902\u091f\u0930\u0928\u0947\u091f \u092a\u094d\u0930\u0938\u094d\u0924\u093e\u0935\u094b\u0902 \u0938\u0947 \u0932\u093f\u0902\u0915 \u0915\u0930\u0928\u0947 \u0915\u0940 \u0905\u0928\u0941\u092e\u0924\u093f \u092c\u093f\u0928\u093e \u0915\u093f\u0938\u0940 \u0905\u0924\u093f\u0930\u093f\u0915\u094d\u0924 \u091c\u093e\u0928\u0915\u093e\u0930\u0940 \u092f\u093e \u0905\u0928\u0941\u0930\u094b\u0927 \u0915\u0947 \u0939\u0948, \u091c\u092c \u0924\u0915 \u0915\u093f \u0935\u0947 \u0907\u0938 \u0939\u094b\u092e\u092a\u0947\u091c \u0915\u0947 \u0909\u0926\u094d\u0926\u0947\u0936\u094d\u092f \u0915\u093e \u0938\u092e\u0930\u094d\u0925\u0928 \u0915\u0930\u0924\u0947 \u0939\u094b\u0902 \u0914\u0930 \u0935\u0947 \u092f\u093e \u0909\u0938\u0915\u0947 \u0909\u092a-\u092a\u0943\u0937\u094d\u0920\u094b\u0902 \u092e\u0947\u0902 \u0938\u0947 \u0915\u094b\u0908 \u090f\u0915 \u092a\u0942\u0930\u0947 \u092a\u093f\u091b\u0932\u0947 \u092f\u093e \u0928\u090f \u092c\u094d\u0930\u093e\u0909\u091c\u093c\u0930 \u0935\u093f\u0902\u0921\u094b \u092e\u0947\u0902 \u0926\u093f\u0916\u093e\u0908 \u0926\u0947\u0964 \u092b\u094d\u0930\u0947\u092e-\u092d\u093e\u0917 \u0935\u093f\u0902\u0921\u094b \u092e\u0947\u0902 \u0915\u0949\u0932, \u091c\u094b \u0907\u0938 \u0935\u0947\u092c\u0938\u093e\u0907\u091f \u0915\u0947 \u0932\u093f\u0902\u0915 \u0915\u093f\u090f \u0917\u090f \u092a\u0943\u0937\u094d\u0920 \u0915\u094b \u0915\u093f\u0938\u0940 \u092c\u093e\u0939\u0930\u0940 \u0907\u0902\u091f\u0930\u0928\u0947\u091f \u0938\u093e\u0907\u091f \u0915\u0947 \u092d\u093e\u0917 \u0915\u0947 \u0930\u0942\u092a \u092e\u0947\u0902 \u092a\u094d\u0930\u0924\u0940\u0924 \u0939\u094b\u0928\u0947 \u0926\u0947\u0924\u0947 \u0939\u0948\u0902, \u0905\u0928\u0941\u092e\u0947\u092f \u0928\u0939\u0940\u0902 \u0939\u0948\u0902\u0964.<\/p><h3>\u0905\u0938\u094d\u0935\u0940\u0915\u0930\u0923<\/h3><h5>\u0932\u093f\u0902\u0915<\/h5><p>\u0907\u0938 \u0939\u094b\u092e\u092a\u0947\u091c \u0938\u0947 \u0905\u0928\u094d\u092f \u0907\u0902\u091f\u0930\u0928\u0947\u091f \u092a\u0947\u091c\u094b\u0902 \u0915\u0940 \u0913\u0930 \u0932\u0947 \u091c\u093e\u0928\u0947 \u0935\u093e\u0932\u0947 \u0932\u093f\u0902\u0915 \u0907\u0902\u091f\u0930\u0928\u0947\u091f \u0909\u092a\u092f\u094b\u0917\u0915\u0930\u094d\u0924\u093e \u0915\u0947 \u0932\u093f\u090f \u090f\u0915 \u0938\u0941\u0935\u093f\u0927\u093e \u0939\u0948\u0902\u0964 \u0938\u093e\u0935\u0927\u093e\u0928\u0940\u092a\u0942\u0930\u094d\u0935\u0915 \u0938\u093e\u092e\u0917\u094d\u0930\u0940 \u0928\u093f\u092f\u0902\u0924\u094d\u0930\u0923 \u0915\u0947 \u092c\u093e\u0935\u091c\u0942\u0926, \u0939\u092e \u092c\u093e\u0939\u0930\u0940 \u0932\u093f\u0902\u0915 \u0915\u0940 \u0938\u093e\u092e\u0917\u094d\u0930\u0940 \u0915\u0947 \u0932\u093f\u090f \u0915\u094b\u0908 \u0926\u093e\u092f\u093f\u0924\u094d\u0935 \u0938\u094d\u0935\u0940\u0915\u093e\u0930 \u0928\u0939\u0940\u0902 \u0915\u0930\u0924\u0947 \u0939\u0948\u0902\u0964 \u0932\u093f\u0902\u0915 \u0915\u093f\u090f \u0917\u090f \u092a\u0947\u091c\u094b\u0902 \u0915\u0940 \u0938\u093e\u092e\u0917\u094d\u0930\u0940 \u0915\u0947 \u0932\u093f\u090f \u0915\u0947\u0935\u0932 \u0909\u0928\u0915\u0947 \u0938\u0902\u091a\u093e\u0932\u0915 \u091c\u093f\u092e\u094d\u092e\u0947\u0926\u093e\u0930 \u0939\u0948\u0902\u0964.<br \/>\u0938\u093e\u092e\u0917\u094d\u0930\u0940<br \/>\u0939\u092e\u093e\u0930\u0940 \u0935\u0947\u092c\u0938\u093e\u0907\u091f \u0915\u0940 \u0938\u093e\u092e\u0917\u094d\u0930\u0940 \u0915\u094b \u0905\u0924\u094d\u092f\u0902\u0924 \u0938\u093e\u0935\u0927\u093e\u0928\u0940 \u0938\u0947 \u0924\u0948\u092f\u093e\u0930 \u0915\u093f\u092f\u093e \u0917\u092f\u093e \u0939\u0948\u0964 \u0924\u0925\u093e\u092a\u093f, \u0939\u092e \u0938\u093e\u092e\u0917\u094d\u0930\u0940 \u0915\u0940 \u0938\u091f\u0940\u0915\u0924\u093e, \u092a\u0942\u0930\u094d\u0923\u0924\u093e \u0914\u0930 \u0938\u093e\u092e\u092f\u093f\u0915\u0924\u093e \u0915\u0940 \u0915\u094b\u0908 \u0917\u093e\u0930\u0902\u091f\u0940 \u0928\u0939\u0940\u0902 \u0926\u0947 \u0938\u0915\u0924\u0947\u0964 \u090f\u0915 \u0938\u0947\u0935\u093e \u092a\u094d\u0930\u0926\u093e\u0924\u093e \u0915\u0947 \u0930\u0942\u092a \u092e\u0947\u0902, \u0939\u092e \u00a7 7 Abs.1 TMG \u0915\u0947 \u0905\u0928\u0941\u0938\u093e\u0930 \u0938\u093e\u092e\u093e\u0928\u094d\u092f \u0915\u093e\u0928\u0942\u0928\u094b\u0902 \u0915\u0947 \u0924\u0939\u0924 \u0907\u0928 \u092a\u0943\u0937\u094d\u0920\u094b\u0902 \u092a\u0930 \u0905\u092a\u0928\u0940 \u0938\u093e\u092e\u0917\u094d\u0930\u0940 \u0915\u0947 \u0932\u093f\u090f \u091c\u093f\u092e\u094d\u092e\u0947\u0926\u093e\u0930 \u0939\u0948\u0902\u0964 \u0939\u093e\u0932\u093e\u0902\u0915\u093f, \u00a7\u00a7 8 \u0938\u0947 10 TMG \u0915\u0947 \u0905\u0928\u0941\u0938\u093e\u0930, \u0939\u092e\u0947\u0902 \u090f\u0915 \u0938\u0947\u0935\u093e \u092a\u094d\u0930\u0926\u093e\u0924\u093e \u0915\u0947 \u0930\u0942\u092a \u092e\u0947\u0902, \u092a\u094d\u0930\u0947\u0937\u093f\u0924 \u092f\u093e \u0938\u0902\u0917\u094d\u0930\u0939\u0940\u0924 \u092c\u093e\u0939\u0930\u0940 \u091c\u093e\u0928\u0915\u093e\u0930\u0940 \u0915\u0940 \u0928\u093f\u0917\u0930\u093e\u0928\u0940 \u0915\u0930\u0928\u0947 \u092f\u093e \u0910\u0938\u0940 \u092a\u0930\u093f\u0938\u094d\u0925\u093f\u0924\u093f\u092f\u094b\u0902 \u0915\u0940 \u091c\u093e\u0902\u091a \u0915\u0930\u0928\u0947 \u0915\u0947 \u0932\u093f\u090f \u092c\u093e\u0927\u094d\u092f \u0928\u0939\u0940\u0902 \u0915\u093f\u092f\u093e \u0917\u092f\u093e \u0939\u0948 \u091c\u094b \u0915\u093f\u0938\u0940 \u0905\u0935\u0948\u0927 \u0917\u0924\u093f\u0935\u093f\u0927\u093f \u0915\u093e \u0938\u0902\u0915\u0947\u0924 \u0926\u0947\u0924\u0940 \u0939\u0948\u0902\u0964 \u0938\u093e\u092e\u093e\u0928\u094d\u092f \u0915\u093e\u0928\u0942\u0928\u094b\u0902 \u0915\u0947 \u0905\u0928\u0941\u0938\u093e\u0930 \u091c\u093e\u0928\u0915\u093e\u0930\u0940 \u0915\u0947 \u0909\u092a\u092f\u094b\u0917 \u0915\u094b \u0939\u091f\u093e\u0928\u0947 \u092f\u093e \u0905\u0935\u0930\u0941\u0926\u094d\u0927 \u0915\u0930\u0928\u0947 \u0915\u0947 \u0926\u093e\u092f\u093f\u0924\u094d\u0935 \u0907\u0938\u0938\u0947 \u0905\u092a\u094d\u0930\u092d\u093e\u0935\u093f\u0924 \u0930\u0939\u0924\u0947 \u0939\u0948\u0902\u0964 \u0939\u093e\u0932\u093e\u0902\u0915\u093f, \u0907\u0938 \u0938\u0902\u092c\u0902\u0927 \u092e\u0947\u0902 \u0926\u093e\u092f\u093f\u0924\u094d\u0935 \u0915\u0947\u0935\u0932 \u0915\u093f\u0938\u0940 \u0935\u093f\u0936\u093f\u0937\u094d\u091f \u0909\u0932\u094d\u0932\u0902\u0918\u0928 \u0915\u0940 \u091c\u093e\u0928\u0915\u093e\u0930\u0940 \u092a\u094d\u0930\u093e\u092a\u094d\u0924 \u0939\u094b\u0928\u0947 \u092a\u0930 \u0939\u0940 \u0938\u0902\u092d\u0935 \u0939\u0948\u0964 \u0910\u0938\u0940 \u0909\u0932\u094d\u0932\u0902\u0918\u0928 \u0915\u0940 \u091c\u093e\u0928\u0915\u093e\u0930\u0940 \u092e\u093f\u0932\u0928\u0947 \u092a\u0930 \u0939\u092e \u0910\u0938\u0940 \u0938\u093e\u092e\u0917\u094d\u0930\u0940 \u0915\u094b \u0924\u0941\u0930\u0902\u0924 \u0939\u091f\u093e \u0926\u0947\u0902\u0917\u0947\u0964.<\/p><h5>\u0917\u094b\u092a\u0928\u0940\u092f\u0924\u093e<\/h5><p>\u0939\u092e\u093e\u0930\u0940 \u0935\u0947\u092c\u0938\u093e\u0907\u091f \u0915\u093e \u0909\u092a\u092f\u094b\u0917 \u0906\u092e \u0924\u094c\u0930 \u092a\u0930 \u0935\u094d\u092f\u0915\u094d\u0924\u093f\u0917\u0924 \u0921\u0947\u091f\u093e \u092a\u094d\u0930\u0926\u093e\u0928 \u0915\u093f\u090f \u092c\u093f\u0928\u093e \u0938\u0902\u092d\u0935 \u0939\u0948\u0964 \u091c\u0939\u093e\u0901 \u0924\u0915 \u0939\u092e\u093e\u0930\u0940 \u0938\u093e\u0907\u091f\u094b\u0902 \u092a\u0930 \u0935\u094d\u092f\u0915\u094d\u0924\u093f\u0917\u0924 \u0921\u0947\u091f\u093e (\u091c\u0948\u0938\u0947 \u0928\u093e\u092e, \u092a\u0924\u093e \u092f\u093e \u0908\u092e\u0947\u0932 \u092a\u0924\u0947) \u090f\u0915\u0924\u094d\u0930 \u0915\u093f\u090f \u091c\u093e\u0924\u0947 \u0939\u0948\u0902, \u092f\u0939, \u091c\u0939\u093e\u0901 \u0924\u0915 \u0938\u0902\u092d\u0935 \u0939\u094b, \u0939\u092e\u0947\u0936\u093e \u0938\u094d\u0935\u0947\u091a\u094d\u091b\u093e \u0938\u0947 \u0915\u093f\u092f\u093e \u091c\u093e\u0924\u093e \u0939\u0948\u0964 \u0906\u092a\u0915\u0940 \u0938\u094d\u092a\u0937\u094d\u091f \u0938\u0939\u092e\u0924\u093f \u0915\u0947 \u092c\u093f\u0928\u093e \u092f\u0939 \u0921\u0947\u091f\u093e \u0924\u0940\u0938\u0930\u0947 \u092a\u0915\u094d\u0937 \u0915\u094b \u0928\u0939\u0940\u0902 \u0926\u093f\u092f\u093e \u091c\u093e\u090f\u0917\u093e\u0964.<\/p><p>\u0939\u092e \u0907\u0938 \u092c\u093e\u0924 \u092a\u0930 \u0927\u094d\u092f\u093e\u0928 \u0926\u093f\u0932\u093e\u0928\u093e \u091a\u093e\u0939\u0947\u0902\u0917\u0947 \u0915\u093f \u0907\u0902\u091f\u0930\u0928\u0947\u091f \u092a\u0930 \u0921\u0947\u091f\u093e \u091f\u094d\u0930\u093e\u0902\u0938\u092e\u093f\u0936\u0928 (\u091c\u0948\u0938\u0947 \u0908\u092e\u0947\u0932 \u0938\u0902\u091a\u093e\u0930 \u092e\u0947\u0902) \u092e\u0947\u0902 \u0938\u0941\u0930\u0915\u094d\u0937\u093e \u0916\u093e\u092e\u093f\u092f\u093e\u0902 \u0939\u094b \u0938\u0915\u0924\u0940 \u0939\u0948\u0902\u0964 \u0924\u0940\u0938\u0930\u0947 \u092a\u0915\u094d\u0937 \u0915\u0940 \u092a\u0939\u0941\u0902\u091a \u0938\u0947 \u0921\u0947\u091f\u093e \u0915\u0940 \u092a\u0942\u0930\u094d\u0923 \u0938\u0941\u0930\u0915\u094d\u0937\u093e \u0938\u0902\u092d\u0935 \u0928\u0939\u0940\u0902 \u0939\u0948\u0964.<\/p><p>\u092a\u094d\u0930\u0915\u093e\u0936\u0928 \u0926\u093e\u092f\u093f\u0924\u094d\u0935 \u0915\u0947 \u0924\u0939\u0924 \u092a\u094d\u0930\u0915\u093e\u0936\u093f\u0924 \u0938\u0902\u092a\u0930\u094d\u0915 \u0935\u093f\u0935\u0930\u0923 \u0915\u093e \u0909\u092a\u092f\u094b\u0917 \u0924\u0940\u0938\u0930\u0947 \u092a\u0915\u094d\u0937 \u0926\u094d\u0935\u093e\u0930\u093e \u092c\u093f\u0928\u093e \u092e\u093e\u0902\u0917\u0947 \u0935\u093f\u091c\u094d\u091e\u093e\u092a\u0928\u094b\u0902 \u0914\u0930 \u0938\u0942\u091a\u0928\u093e \u0938\u093e\u092e\u0917\u094d\u0930\u0940 \u092d\u0947\u091c\u0928\u0947 \u0915\u0947 \u0932\u093f\u090f \u0915\u0930\u0928\u0947 \u0915\u093e \u0938\u094d\u092a\u0937\u094d\u091f \u0930\u0942\u092a \u0938\u0947 \u0935\u093f\u0930\u094b\u0927 \u0915\u093f\u092f\u093e \u091c\u093e\u0924\u093e \u0939\u0948\u0964 \u0935\u0947\u092c\u0938\u093e\u0907\u091f \u0915\u0947 \u0938\u0902\u091a\u093e\u0932\u0915\u094b\u0902 \u0926\u094d\u0935\u093e\u0930\u093e \u092c\u093f\u0928\u093e \u092e\u093e\u0902\u0917\u0947 \u0935\u093f\u091c\u094d\u091e\u093e\u092a\u0928 \u091c\u093e\u0928\u0915\u093e\u0930\u0940, \u091c\u0948\u0938\u0947 \u0915\u093f \u0938\u094d\u092a\u0948\u092e \u092e\u0947\u0932 \u092e\u093f\u0932\u0928\u0947 \u0915\u0940 \u0938\u094d\u0925\u093f\u0924\u093f \u092e\u0947\u0902 \u0915\u093e\u0928\u0942\u0928\u0940 \u0915\u093e\u0930\u094d\u0930\u0935\u093e\u0908 \u0915\u0930\u0928\u0947 \u0915\u093e \u0938\u094d\u092a\u0937\u094d\u091f \u0905\u0927\u093f\u0915\u093e\u0930 \u0938\u0941\u0930\u0915\u094d\u0937\u093f\u0924 \u0930\u0916\u093e \u0917\u092f\u093e \u0939\u0948\u0964.<\/p><p>\u0939\u092e\u093e\u0930\u0947 \u0939\u094b\u092e\u092a\u0947\u091c \u0924\u0915 \u0939\u0930 \u092a\u0939\u0941\u0901\u091a \u0914\u0930 \u0939\u094b\u092e\u092a\u0947\u091c \u092a\u0930 \u0938\u0902\u0917\u094d\u0930\u0939\u0940\u0924 \u092a\u094d\u0930\u0924\u094d\u092f\u0947\u0915 \u092b\u093c\u093e\u0907\u0932 \u0915\u0947 \u092a\u094d\u0930\u0924\u094d\u092f\u0947\u0915 \u0906\u0939\u094d\u0935\u093e\u0928 \u0915\u094b \u0932\u0949\u0917 \u0915\u093f\u092f\u093e \u091c\u093e\u0924\u093e \u0939\u0948 (\u0938\u0930\u094d\u0935\u0930 \u0932\u0949\u0917)\u0964 \u092d\u0902\u0921\u093e\u0930\u0923 \u0906\u0902\u0924\u0930\u093f\u0915, \u0938\u093f\u0938\u094d\u091f\u092e-\u0938\u0902\u092c\u0902\u0927\u093f\u0924 \u0914\u0930 \u0938\u093e\u0902\u0916\u094d\u092f\u093f\u0915\u0940\u092f \u0909\u0926\u094d\u0926\u0947\u0936\u094d\u092f\u094b\u0902 \u0915\u0947 \u0932\u093f\u090f \u0939\u0948\u0964 \u0928\u093f\u092e\u094d\u0928\u0932\u093f\u0916\u093f\u0924 \u0932\u0949\u0917 \u0915\u093f\u090f \u0917\u090f \u0939\u0948\u0902: \u092a\u094d\u0930\u093e\u092a\u094d\u0924 \u092b\u093c\u093e\u0907\u0932 \u0915\u093e \u0928\u093e\u092e, \u092a\u0939\u0941\u0901\u091a \u0915\u093e \u0926\u093f\u0928\u093e\u0902\u0915 \u0914\u0930 \u0938\u092e\u092f, \u0938\u094d\u0925\u093e\u0928\u093e\u0902\u0924\u0930\u093f\u0924 \u0921\u0947\u091f\u093e \u0915\u0940 \u092e\u093e\u0924\u094d\u0930\u093e, \u0938\u092b\u0932 \u092a\u0939\u0941\u0901\u091a \u0915\u093e \u0938\u0902\u0926\u0947\u0936, \u0935\u0947\u092c \u092c\u094d\u0930\u093e\u0909\u091c\u093c\u0930 \u0914\u0930 \u0930\u0947\u092b\u093c\u0930\u0930\u0964 \u0907\u0938\u0915\u0947 \u0905\u0924\u093f\u0930\u093f\u0915\u094d\u0924, \u0905\u0928\u0941\u0930\u094b\u0927 \u0915\u0930\u0928\u0947 \u0935\u093e\u0932\u0947 \u0915\u0902\u092a\u094d\u092f\u0942\u091f\u0930\u094b\u0902 \u0915\u0947 \u0906\u0908\u092a\u0940 \u092a\u0924\u0947 \u0932\u0949\u0917 \u0915\u093f\u090f \u091c\u093e\u0924\u0947 \u0939\u0948\u0902\u0964 \u0915\u0943\u092a\u092f\u093e \u0938\u092e\u091d\u0947\u0902 \u0915\u093f \u0907\u0938 \u0935\u0947\u092c \u0909\u092a\u0938\u094d\u0925\u093f\u0924\u093f \u0915\u0940 \u0938\u0941\u0930\u0915\u094d\u0937\u093e \u0914\u0930 \u0938\u0941\u0930\u0915\u094d\u0937\u093e \u0915\u0947 \u0932\u093f\u090f \u0938\u0930\u094d\u0935\u0930 \u0932\u0949\u0917 \u0921\u0947\u091f\u093e \u092c\u093f\u0932\u094d\u0915\u0941\u0932 \u0906\u0935\u0936\u094d\u092f\u0915 \u0939\u0948\u0964.<\/p><p>\u0906\u0917\u0947 \u0915\u0940 \u0935\u094d\u092f\u0915\u094d\u0924\u093f\u0917\u0924 \u091c\u093e\u0928\u0915\u093e\u0930\u0940 \u0915\u0947\u0935\u0932 \u0924\u092d\u0940 \u090f\u0915\u0924\u094d\u0930 \u0915\u0940 \u091c\u093e\u0924\u0940 \u0939\u0948 \u091c\u092c \u0906\u092a \u0907\u0938\u0947 \u0938\u094d\u0935\u0947\u091a\u094d\u091b\u093e \u0938\u0947 \u092a\u094d\u0930\u0926\u093e\u0928 \u0915\u0930\u0924\u0947 \u0939\u0948\u0902, \u0909\u0926\u093e\u0939\u0930\u0923 \u0915\u0947 \u0932\u093f\u090f, \u0915\u093f\u0938\u0940 \u092a\u0942\u091b\u0924\u093e\u091b \u092f\u093e \u092a\u0902\u091c\u0940\u0915\u0930\u0923 \u0915\u0947 \u0939\u093f\u0938\u094d\u0938\u0947 \u0915\u0947 \u0930\u0942\u092a \u092e\u0947\u0902\u0964.<\/p><h5>\u091a\u093f\u0924\u094d\u0930 \u0938\u0902\u0926\u0930\u094d\u092d<\/h5><p>\u0936\u091f\u0930\u0938\u094d\u091f\u0949\u0915.\u0915\u0949\u092e, \u090f\u0921\u094b\u092c \u0938\u094d\u091f\u0949\u0915<\/p>\t\t\t\t\t\t\t\t<\/div>\n\t\t\t\t<\/div>\n\t\t\t\t\t<\/div>\n\t\t\t\t<\/div>\n\t\t<div class=\"elementor-element elementor-element-685af48 e-flex e-con-boxed e-con e-parent\" data-id=\"685af48\" data-element_type=\"container\" data-e-type=\"container\">\n\t\t\t\t\t<div class=\"e-con-inner\">\n\t\t\t\t<div class=\"elementor-element elementor-element-7eef40e elementor-widget elementor-widget-spacer\" data-id=\"7eef40e\" data-element_type=\"widget\" data-e-type=\"widget\" data-widget_type=\"spacer.default\">\n\t\t\t\t<div class=\"elementor-widget-container\">\n\t\t\t\t\t\t\t<div class=\"elementor-spacer\">\n\t\t\t<div class=\"elementor-spacer-inner\"><\/div>\n\t\t<\/div>\n\t\t\t\t\t\t<\/div>\n\t\t\t\t<\/div>\n\t\t\t\t\t<\/div>\n\t\t\t\t<\/div>\n\t\t<div class=\"elementor-element elementor-element-134eab67 e-flex e-con-boxed e-con e-parent\" data-id=\"134eab67\" data-element_type=\"container\" data-e-type=\"container\" data-settings=\"{&quot;background_background&quot;:&quot;classic&quot;}\">\n\t\t\t\t\t<div class=\"e-con-inner\">\n\t\t\t\t<div class=\"elementor-element elementor-element-6a7fd05e elementor-widget elementor-widget-heading\" data-id=\"6a7fd05e\" data-element_type=\"widget\" data-e-type=\"widget\" data-widget_type=\"heading.default\">\n\t\t\t\t<div class=\"elementor-widget-container\">\n\t\t\t\t\t<h2 class=\"elementor-heading-title elementor-size-default\">\u0915\u094d\u092f\u093e \u0906\u092a\u0915\u0947 \u0915\u094b\u0908 \u092a\u094d\u0930\u0936\u094d\u0928 \u0939\u0948\u0902?<\/h2>\t\t\t\t<\/div>\n\t\t\t\t<\/div>\n\t\t\t\t<div class=\"elementor-element elementor-element-6c39bab1 elementor-widget elementor-widget-heading\" data-id=\"6c39bab1\" data-element_type=\"widget\" data-e-type=\"widget\" data-widget_type=\"heading.default\">\n\t\t\t\t<div class=\"elementor-widget-container\">\n\t\t\t\t\t<h2 class=\"elementor-heading-title elementor-size-default\">\u0939\u092e\u0947\u0902 \u0908\u092e\u0947\u0932 \u0938\u0947 \u0938\u0902\u092a\u0930\u094d\u0915 \u0915\u0930\u0947\u0902!<\/h2>\t\t\t\t<\/div>\n\t\t\t\t<\/div>\n\t\t\t\t<div class=\"elementor-element elementor-element-46f3013a elementor-widget-tablet__width-initial elementor-mobile-align-center elementor-widget__width-initial elementor-align-center elementor-widget elementor-widget-button\" data-id=\"46f3013a\" data-element_type=\"widget\" data-e-type=\"widget\" data-widget_type=\"button.default\">\n\t\t\t\t<div class=\"elementor-widget-container\">\n\t\t\t\t\t\t\t\t\t<div class=\"elementor-button-wrapper\">\n\t\t\t\t\t<a class=\"elementor-button elementor-button-link elementor-size-sm\" href=\"mailto:service@famed-test.de\">\n\t\t\t\t\t\t<span class=\"elementor-button-content-wrapper\">\n\t\t\t\t\t\t<span class=\"elementor-button-icon\">\n\t\t\t\t<svg aria-hidden=\"true\" class=\"e-font-icon-svg e-far-envelope\" viewbox=\"0 0 512 512\" xmlns=\"http:\/\/www.w3.org\/2000\/svg\"><path d=\"M464 64H48C21.49 64 0 85.49 0 112v288c0 26.51 21.49 48 48 48h416c26.51 0 48-21.49 48-48V112c0-26.51-21.49-48-48-48zm0 48v40.805c-22.422 18.259-58.168 46.651-134.587 106.49-16.841 13.247-50.201 45.072-73.413 44.701-23.208.375-56.579-31.459-73.413-44.701C106.18 199.465 70.425 171.067 48 152.805V112h416zM48 400V214.398c22.914 18.251 55.409 43.862 104.938 82.646 21.857 17.205 60.134 55.186 103.062 54.955 42.717.231 80.509-37.199 103.053-54.947 49.528-38.783 82.032-64.401 104.947-82.653V400H48z\"><\/path><\/svg>\t\t\t<\/span>\n\t\t\t\t\t\t\t\t\t<span class=\"elementor-button-text\">\u0938\u0902\u092a\u0930\u094d\u0915<\/span>\n\t\t\t\t\t<\/span>\n\t\t\t\t\t<\/a>\n\t\t\t\t<\/div>\n\t\t\t\t\t\t\t\t<\/div>\n\t\t\t\t<\/div>\n\t\t\t\t\t<\/div>\n\t\t\t\t<\/div>\n\t\t\t\t<\/div>","protected":false},"excerpt":{"rendered":"<p>Impressum digiFORT Gesundheit und Pflege GmbH Gesch\u00e4ftsf\u00fchrer: Holger StrehlauWilhelmsh\u00f6her Allee 28734131 Kassel Internet: famed-test.de | digifort-experts.de\u00a0 Verantwortlich f\u00fcr den Inhalt: Holger StrehlauSitz: Kassel HRB 18934Registergericht: Kassel Rechtliche Hinweise Links von anderen Internet-Angeboten auf diese Homepage oder ihre Unterseiten sind ohne weitere Informationen oder Anfragen erlaubt, sofern sie das Anliegen dieser Homepage unterst\u00fctzen und sie oder [&hellip;]<\/p>\n","protected":false},"author":3,"featured_media":0,"parent":0,"menu_order":0,"comment_status":"closed","ping_status":"closed","template":"elementor_header_footer","meta":{"inline_featured_image":false,"footnotes":""},"class_list":["post-1943","page","type-page","status-publish","hentry"],"jetpack_sharing_enabled":true,"_links":{"self":[{"href":"https:\/\/famed-test.de\/hi\/wp-json\/wp\/v2\/pages\/1943","targetHints":{"allow":["GET"]}}],"collection":[{"href":"https:\/\/famed-test.de\/hi\/wp-json\/wp\/v2\/pages"}],"about":[{"href":"https:\/\/famed-test.de\/hi\/wp-json\/wp\/v2\/types\/page"}],"author":[{"embeddable":true,"href":"https:\/\/famed-test.de\/hi\/wp-json\/wp\/v2\/users\/3"}],"replies":[{"embeddable":true,"href":"https:\/\/famed-test.de\/hi\/wp-json\/wp\/v2\/comments?post=1943"}],"version-history":[{"count":13,"href":"https:\/\/famed-test.de\/hi\/wp-json\/wp\/v2\/pages\/1943\/revisions"}],"predecessor-version":[{"id":3163,"href":"https:\/\/famed-test.de\/hi\/wp-json\/wp\/v2\/pages\/1943\/revisions\/3163"}],"wp:attachment":[{"href":"https:\/\/famed-test.de\/hi\/wp-json\/wp\/v2\/media?parent=1943"}],"curies":[{"name":"wp","href":"https:\/\/api.w.org\/{rel}","templated":true}]}}