{"id":1943,"date":"2024-07-10T08:17:48","date_gmt":"2024-07-10T06:17:48","guid":{"rendered":"https:\/\/famed-test.de\/?page_id=1943"},"modified":"2025-11-24T13:09:08","modified_gmt":"2025-11-24T12:09:08","slug":"impressum","status":"publish","type":"page","link":"https:\/\/famed-test.de\/fr\/impressum\/","title":{"rendered":"Mentions l\u00e9gales"},"content":{"rendered":"<div data-elementor-type=\"wp-page\" data-elementor-id=\"1943\" class=\"elementor elementor-1943\" data-elementor-post-type=\"page\">\n\t\t\t\t<div class=\"elementor-element elementor-element-3803afa8 e-flex e-con-boxed e-con e-parent\" data-id=\"3803afa8\" data-element_type=\"container\" data-e-type=\"container\" data-settings=\"{&quot;background_background&quot;:&quot;classic&quot;,&quot;shape_divider_bottom&quot;:&quot;tilt&quot;}\">\n\t\t\t\t\t<div class=\"e-con-inner\">\n\t\t\t\t<div class=\"elementor-shape elementor-shape-bottom\" aria-hidden=\"true\" data-negative=\"false\">\n\t\t\t<svg xmlns=\"http:\/\/www.w3.org\/2000\/svg\" viewbox=\"0 0 1000 100\" preserveaspectratio=\"none\">\n\t<path class=\"elementor-shape-fill\" d=\"M0,6V0h1000v100L0,6z\"\/>\n<\/svg>\t\t<\/div>\n\t\t\t\t<div class=\"elementor-element elementor-element-79c7d4b9 elementor-widget elementor-widget-heading\" data-id=\"79c7d4b9\" data-element_type=\"widget\" data-e-type=\"widget\" data-widget_type=\"heading.default\">\n\t\t\t\t<div class=\"elementor-widget-container\">\n\t\t\t\t\t<h2 class=\"elementor-heading-title elementor-size-default\">Mentions l\u00e9gales<\/h2>\t\t\t\t<\/div>\n\t\t\t\t<\/div>\n\t\t\t\t\t<\/div>\n\t\t\t\t<\/div>\n\t\t<div class=\"elementor-element elementor-element-76ad28c7 e-flex e-con-boxed e-con e-parent\" data-id=\"76ad28c7\" data-element_type=\"container\" data-e-type=\"container\">\n\t\t\t\t\t<div class=\"e-con-inner\">\n\t\t\t\t<div class=\"elementor-element elementor-element-1872e8c2 elementor-widget elementor-widget-spacer\" data-id=\"1872e8c2\" data-element_type=\"widget\" data-e-type=\"widget\" data-widget_type=\"spacer.default\">\n\t\t\t\t<div class=\"elementor-widget-container\">\n\t\t\t\t\t\t\t<div class=\"elementor-spacer\">\n\t\t\t<div class=\"elementor-spacer-inner\"><\/div>\n\t\t<\/div>\n\t\t\t\t\t\t<\/div>\n\t\t\t\t<\/div>\n\t\t\t\t\t<\/div>\n\t\t\t\t<\/div>\n\t\t<div class=\"elementor-element elementor-element-d64edb6 e-flex e-con-boxed e-con e-parent\" data-id=\"d64edb6\" data-element_type=\"container\" data-e-type=\"container\">\n\t\t\t\t\t<div class=\"e-con-inner\">\n\t\t\t\t<div class=\"elementor-element elementor-element-9d4173d elementor-widget elementor-widget-text-editor\" data-id=\"9d4173d\" data-element_type=\"widget\" data-e-type=\"widget\" data-widget_type=\"text-editor.default\">\n\t\t\t\t<div class=\"elementor-widget-container\">\n\t\t\t\t\t\t\t\t\t<h3>digiFORT Sant\u00e9 et Soins GmbH<\/h3><p>Directeur g\u00e9n\u00e9ral : Holger Strehlau<br \/>Wilhelmsh\u00f6her Allee 287<br \/>34131 Cassel<\/p><p>Internet : famed-test.de | digifort-experts.de\u00a0<\/p><p>Responsable du contenu : Holger Strehlau<br \/>Si\u00e8ge : Kassel HRB 18934<br \/>Greffe du tribunal : Cassel<\/p><h5>Mentions l\u00e9gales<\/h5><p>Les liens provenant d'autres sites Internet vers cette page d'accueil ou ses sous-pages sont autoris\u00e9s sans informations ou demandes suppl\u00e9mentaires, \u00e0 condition qu'ils soutiennent l'objectif de cette page d'accueil et qu'ils affichent cette page ou l'une de ses sous-pages dans l'int\u00e9gralit\u00e9 de la fen\u00eatre du navigateur existante ou nouvelle. Les appels dans une fen\u00eatre de cadre, qui pr\u00e9senteraient ainsi la page li\u00e9e de ce site Web comme faisant partie du site Internet \u00e9tranger, ne sont pas autoris\u00e9s.<\/p><h3>Avis de non-responsabilit\u00e9<\/h3><h5>Liens<\/h5><p>Les liens qui m\u00e8nent de cette page d'accueil vers d'autres pages Internet sont un service rendu \u00e0 l'internaute. Malgr\u00e9 un contr\u00f4le attentif du contenu, nous d\u00e9clinons toute responsabilit\u00e9 quant au contenu des liens externes. Le contenu des pages li\u00e9es rel\u00e8ve de la seule responsabilit\u00e9 de leurs exploitants.<br \/>Contenus<br \/>Les contenus de nos pages ont \u00e9t\u00e9 cr\u00e9\u00e9s avec le plus grand soin. Cependant, nous ne pouvons garantir l'exactitude, l'exhaustivit\u00e9 et l'actualit\u00e9 des contenus. En tant que fournisseur de services, nous sommes responsables de nos propres contenus sur ces pages conform\u00e9ment au \u00a7 7 al. 1 TMG en vertu des lois g\u00e9n\u00e9rales. Conform\u00e9ment aux \u00a7\u00a7 8 \u00e0 10 TMG, en tant que fournisseur de services, nous ne sommes cependant pas oblig\u00e9s de surveiller les informations externes transmises ou stock\u00e9es, ni de rechercher des faits qui indiquent une activit\u00e9 ill\u00e9gale. Les obligations de suppression ou de blocage de l'utilisation d'informations en vertu des lois g\u00e9n\u00e9rales restent inchang\u00e9es. Cependant, une responsabilit\u00e9 \u00e0 cet \u00e9gard n'est possible qu'\u00e0 partir du moment o\u00f9 une violation concr\u00e8te de la loi est connue. D\u00e8s que nous avons connaissance de violations de la loi correspondantes, nous supprimerons ces contenus sans d\u00e9lai.<\/p><h5>Protection des donn\u00e9es<\/h5><p>L'utilisation de notre site web est g\u00e9n\u00e9ralement possible sans indication de donn\u00e9es personnelles. Dans la mesure o\u00f9 des donn\u00e9es personnelles (par exemple, nom, adresse ou adresses e-mail) sont collect\u00e9es sur nos pages, cela se fait, dans la mesure du possible, toujours sur une base volontaire. Ces donn\u00e9es ne seront pas transmises \u00e0 des tiers sans votre consentement explicite.<\/p><p>Nous attirons votre attention sur le fait que la transmission de donn\u00e9es sur Internet (par exemple, lors de la communication par e-mail) peut pr\u00e9senter des failles de s\u00e9curit\u00e9. Une protection compl\u00e8te des donn\u00e9es contre l'acc\u00e8s par des tiers n'est pas possible.<\/p><p>Il est express\u00e9ment interdit d'utiliser les coordonn\u00e9es publi\u00e9es dans le cadre des obligations d'impression \u00e0 des fins d'envoi de publicit\u00e9 et de mat\u00e9riel d'information non sollicit\u00e9s. Les exploitants des sites se r\u00e9servent express\u00e9ment le droit d'engager des poursuites judiciaires en cas d'envoi non sollicit\u00e9 d'informations publicitaires, par exemple par le biais de courriels ind\u00e9sirables.<\/p><p>Chaque acc\u00e8s \u00e0 notre page d'accueil et chaque r\u00e9cup\u00e9ration d'un fichier stock\u00e9 sur la page d'accueil sont enregistr\u00e9s (journal du serveur). Le stockage sert \u00e0 des fins internes syst\u00e9miques et statistiques. Les \u00e9l\u00e9ments suivants sont enregistr\u00e9s : nom du fichier r\u00e9cup\u00e9r\u00e9, date et heure de la r\u00e9cup\u00e9ration, quantit\u00e9 de donn\u00e9es transmises, message de succ\u00e8s de la r\u00e9cup\u00e9ration, navigateur web et r\u00e9f\u00e9rent. De plus, les adresses IP des ordinateurs demandeurs sont enregistr\u00e9es. Nous vous prions de comprendre que les donn\u00e9es du journal du serveur sont absolument n\u00e9cessaires \u00e0 la s\u00e9curit\u00e9 et \u00e0 la protection de cette pr\u00e9sence web.<\/p><p>Des donn\u00e9es personnelles suppl\u00e9mentaires ne sont collect\u00e9es que si vous les fournissez volontairement, par exemple dans le cadre d'une demande ou d'un enregistrement.<\/p><h5>R\u00e9f\u00e9rences d'images<\/h5><p>shutterstock.com, Adobe Stock<\/p>\t\t\t\t\t\t\t\t<\/div>\n\t\t\t\t<\/div>\n\t\t\t\t\t<\/div>\n\t\t\t\t<\/div>\n\t\t<div class=\"elementor-element elementor-element-685af48 e-flex e-con-boxed e-con e-parent\" data-id=\"685af48\" data-element_type=\"container\" data-e-type=\"container\">\n\t\t\t\t\t<div class=\"e-con-inner\">\n\t\t\t\t<div class=\"elementor-element elementor-element-7eef40e elementor-widget elementor-widget-spacer\" data-id=\"7eef40e\" data-element_type=\"widget\" data-e-type=\"widget\" data-widget_type=\"spacer.default\">\n\t\t\t\t<div class=\"elementor-widget-container\">\n\t\t\t\t\t\t\t<div class=\"elementor-spacer\">\n\t\t\t<div class=\"elementor-spacer-inner\"><\/div>\n\t\t<\/div>\n\t\t\t\t\t\t<\/div>\n\t\t\t\t<\/div>\n\t\t\t\t\t<\/div>\n\t\t\t\t<\/div>\n\t\t<div class=\"elementor-element elementor-element-134eab67 e-flex e-con-boxed e-con e-parent\" data-id=\"134eab67\" data-element_type=\"container\" data-e-type=\"container\" data-settings=\"{&quot;background_background&quot;:&quot;classic&quot;}\">\n\t\t\t\t\t<div class=\"e-con-inner\">\n\t\t\t\t<div class=\"elementor-element elementor-element-6a7fd05e elementor-widget elementor-widget-heading\" data-id=\"6a7fd05e\" data-element_type=\"widget\" data-e-type=\"widget\" data-widget_type=\"heading.default\">\n\t\t\t\t<div class=\"elementor-widget-container\">\n\t\t\t\t\t<h2 class=\"elementor-heading-title elementor-size-default\">Avez-vous des questions?<\/h2>\t\t\t\t<\/div>\n\t\t\t\t<\/div>\n\t\t\t\t<div class=\"elementor-element elementor-element-6c39bab1 elementor-widget elementor-widget-heading\" data-id=\"6c39bab1\" data-element_type=\"widget\" data-e-type=\"widget\" data-widget_type=\"heading.default\">\n\t\t\t\t<div class=\"elementor-widget-container\">\n\t\t\t\t\t<h2 class=\"elementor-heading-title elementor-size-default\">Contactez-nous par e-mail !<\/h2>\t\t\t\t<\/div>\n\t\t\t\t<\/div>\n\t\t\t\t<div class=\"elementor-element elementor-element-46f3013a elementor-widget-tablet__width-initial elementor-mobile-align-center elementor-widget__width-initial elementor-align-center elementor-widget elementor-widget-button\" data-id=\"46f3013a\" data-element_type=\"widget\" data-e-type=\"widget\" data-widget_type=\"button.default\">\n\t\t\t\t<div class=\"elementor-widget-container\">\n\t\t\t\t\t\t\t\t\t<div class=\"elementor-button-wrapper\">\n\t\t\t\t\t<a class=\"elementor-button elementor-button-link elementor-size-sm\" href=\"mailto:service@famed-test.de\">\n\t\t\t\t\t\t<span class=\"elementor-button-content-wrapper\">\n\t\t\t\t\t\t<span class=\"elementor-button-icon\">\n\t\t\t\t<svg aria-hidden=\"true\" class=\"e-font-icon-svg e-far-envelope\" viewbox=\"0 0 512 512\" xmlns=\"http:\/\/www.w3.org\/2000\/svg\"><path d=\"M464 64H48C21.49 64 0 85.49 0 112v288c0 26.51 21.49 48 48 48h416c26.51 0 48-21.49 48-48V112c0-26.51-21.49-48-48-48zm0 48v40.805c-22.422 18.259-58.168 46.651-134.587 106.49-16.841 13.247-50.201 45.072-73.413 44.701-23.208.375-56.579-31.459-73.413-44.701C106.18 199.465 70.425 171.067 48 152.805V112h416zM48 400V214.398c22.914 18.251 55.409 43.862 104.938 82.646 21.857 17.205 60.134 55.186 103.062 54.955 42.717.231 80.509-37.199 103.053-54.947 49.528-38.783 82.032-64.401 104.947-82.653V400H48z\"><\/path><\/svg>\t\t\t<\/span>\n\t\t\t\t\t\t\t\t\t<span class=\"elementor-button-text\">Contact<\/span>\n\t\t\t\t\t<\/span>\n\t\t\t\t\t<\/a>\n\t\t\t\t<\/div>\n\t\t\t\t\t\t\t\t<\/div>\n\t\t\t\t<\/div>\n\t\t\t\t\t<\/div>\n\t\t\t\t<\/div>\n\t\t\t\t<\/div>","protected":false},"excerpt":{"rendered":"<p>Impressum digiFORT Gesundheit und Pflege GmbH Gesch\u00e4ftsf\u00fchrer: Holger StrehlauWilhelmsh\u00f6her Allee 28734131 Kassel Internet: famed-test.de | digifort-experts.de\u00a0 Verantwortlich f\u00fcr den Inhalt: Holger StrehlauSitz: Kassel HRB 18934Registergericht: Kassel Rechtliche Hinweise Links von anderen Internet-Angeboten auf diese Homepage oder ihre Unterseiten sind ohne weitere Informationen oder Anfragen erlaubt, sofern sie das Anliegen dieser Homepage unterst\u00fctzen und sie oder [&hellip;]<\/p>\n","protected":false},"author":3,"featured_media":0,"parent":0,"menu_order":0,"comment_status":"closed","ping_status":"closed","template":"elementor_header_footer","meta":{"inline_featured_image":false,"footnotes":""},"class_list":["post-1943","page","type-page","status-publish","hentry"],"jetpack_sharing_enabled":true,"_links":{"self":[{"href":"https:\/\/famed-test.de\/fr\/wp-json\/wp\/v2\/pages\/1943","targetHints":{"allow":["GET"]}}],"collection":[{"href":"https:\/\/famed-test.de\/fr\/wp-json\/wp\/v2\/pages"}],"about":[{"href":"https:\/\/famed-test.de\/fr\/wp-json\/wp\/v2\/types\/page"}],"author":[{"embeddable":true,"href":"https:\/\/famed-test.de\/fr\/wp-json\/wp\/v2\/users\/3"}],"replies":[{"embeddable":true,"href":"https:\/\/famed-test.de\/fr\/wp-json\/wp\/v2\/comments?post=1943"}],"version-history":[{"count":13,"href":"https:\/\/famed-test.de\/fr\/wp-json\/wp\/v2\/pages\/1943\/revisions"}],"predecessor-version":[{"id":3163,"href":"https:\/\/famed-test.de\/fr\/wp-json\/wp\/v2\/pages\/1943\/revisions\/3163"}],"wp:attachment":[{"href":"https:\/\/famed-test.de\/fr\/wp-json\/wp\/v2\/media?parent=1943"}],"curies":[{"name":"wp","href":"https:\/\/api.w.org\/{rel}","templated":true}]}}