{"id":1943,"date":"2024-07-10T08:17:48","date_gmt":"2024-07-10T06:17:48","guid":{"rendered":"https:\/\/famed-test.de\/?page_id=1943"},"modified":"2025-11-24T13:09:08","modified_gmt":"2025-11-24T12:09:08","slug":"impressum","status":"publish","type":"page","link":"https:\/\/famed-test.de\/fa\/impressum\/","title":{"rendered":"\u0627\u0637\u0644\u0627\u0639\u06cc\u0647 \u062d\u0642\u0648\u0642\u06cc"},"content":{"rendered":"<div data-elementor-type=\"wp-page\" data-elementor-id=\"1943\" class=\"elementor elementor-1943\" data-elementor-post-type=\"page\">\n\t\t\t\t<div class=\"elementor-element elementor-element-3803afa8 e-flex e-con-boxed e-con e-parent\" data-id=\"3803afa8\" data-element_type=\"container\" data-e-type=\"container\" data-settings=\"{&quot;background_background&quot;:&quot;classic&quot;,&quot;shape_divider_bottom&quot;:&quot;tilt&quot;}\">\n\t\t\t\t\t<div class=\"e-con-inner\">\n\t\t\t\t<div class=\"elementor-shape elementor-shape-bottom\" aria-hidden=\"true\" data-negative=\"false\">\n\t\t\t<svg xmlns=\"http:\/\/www.w3.org\/2000\/svg\" viewbox=\"0 0 1000 100\" preserveaspectratio=\"none\">\n\t<path class=\"elementor-shape-fill\" d=\"M0,6V0h1000v100L0,6z\"\/>\n<\/svg>\t\t<\/div>\n\t\t\t\t<div class=\"elementor-element elementor-element-79c7d4b9 elementor-widget elementor-widget-heading\" data-id=\"79c7d4b9\" data-element_type=\"widget\" data-e-type=\"widget\" data-widget_type=\"heading.default\">\n\t\t\t\t<div class=\"elementor-widget-container\">\n\t\t\t\t\t<h2 class=\"elementor-heading-title elementor-size-default\">\u0627\u0637\u0644\u0627\u0639\u06cc\u0647 \u062d\u0642\u0648\u0642\u06cc<\/h2>\t\t\t\t<\/div>\n\t\t\t\t<\/div>\n\t\t\t\t\t<\/div>\n\t\t\t\t<\/div>\n\t\t<div class=\"elementor-element elementor-element-76ad28c7 e-flex e-con-boxed e-con e-parent\" data-id=\"76ad28c7\" data-element_type=\"container\" data-e-type=\"container\">\n\t\t\t\t\t<div class=\"e-con-inner\">\n\t\t\t\t<div class=\"elementor-element elementor-element-1872e8c2 elementor-widget elementor-widget-spacer\" data-id=\"1872e8c2\" data-element_type=\"widget\" data-e-type=\"widget\" data-widget_type=\"spacer.default\">\n\t\t\t\t<div class=\"elementor-widget-container\">\n\t\t\t\t\t\t\t<div class=\"elementor-spacer\">\n\t\t\t<div class=\"elementor-spacer-inner\"><\/div>\n\t\t<\/div>\n\t\t\t\t\t\t<\/div>\n\t\t\t\t<\/div>\n\t\t\t\t\t<\/div>\n\t\t\t\t<\/div>\n\t\t<div class=\"elementor-element elementor-element-d64edb6 e-flex e-con-boxed e-con e-parent\" data-id=\"d64edb6\" data-element_type=\"container\" data-e-type=\"container\">\n\t\t\t\t\t<div class=\"e-con-inner\">\n\t\t\t\t<div class=\"elementor-element elementor-element-9d4173d elementor-widget elementor-widget-text-editor\" data-id=\"9d4173d\" data-element_type=\"widget\" data-e-type=\"widget\" data-widget_type=\"text-editor.default\">\n\t\t\t\t<div class=\"elementor-widget-container\">\n\t\t\t\t\t\t\t\t\t<h3>\u062f\u06cc\u062c\u06cc\u200c\u0641\u0648\u0631\u062a \u0647\u0644\u062b \u0627\u0646\u062f \u06a9\u0631 \u0644\u06cc\u0645\u06cc\u062a\u062f<\/h3><p>\u0645\u062f\u06cc\u0631 \u0639\u0627\u0645\u0644: \u0647\u0648\u0644\u06af\u0631 \u0627\u0633\u062a\u0631\u0647\u0644\u0627\u0648<br \/>\u06f2\u06f8\u06f7 \u062e\u06cc\u0627\u0628\u0627\u0646 \u0648\u06cc\u0644\u0647\u0645\u0633\u200c\u0647\u0648\u0647\u0650\u0631<br \/>\u06f3\u06f4\u06f1\u06f3\u06f1 \u06a9\u0627\u0633\u0644<\/p><p>\u0648\u0628\u200c\u0633\u0627\u06cc\u062a: famed-test.de | digifort-experts.de\u00a0<\/p><p>\u0645\u0633\u0626\u0648\u0644 \u0645\u062d\u062a\u0648\u0627: \u0647\u0648\u0644\u06af\u0631 \u0627\u0633\u062a\u0631\u0647\u0644\u0627\u0648<br \/>\u062f\u0641\u062a\u0631 \u062b\u0628\u062a\u200c\u0634\u062f\u0647: \u06a9\u0627\u0633\u0644 HRB 18934<br \/>\u0645\u062d\u0644 \u062b\u0628\u062a \u0634\u0631\u06a9\u062a: \u06a9\u0627\u0633\u0644<\/p><h5>\u0627\u0637\u0644\u0627\u0639\u0627\u062a \u062d\u0642\u0648\u0642\u06cc<\/h5><p>\u0644\u06cc\u0646\u06a9\u200c\u062f\u0627\u062f\u0646 \u0627\u0632 \u0648\u0628\u200c\u0633\u0627\u06cc\u062a\u200c\u0647\u0627\u06cc \u062f\u06cc\u06af\u0631 \u0628\u0647 \u0627\u06cc\u0646 \u0635\u0641\u062d\u0647\u0654 \u0627\u0635\u0644\u06cc \u06cc\u0627 \u0632\u06cc\u0631\u0635\u0641\u062d\u0647\u200c\u0647\u0627\u06cc \u0622\u0646 \u0628\u062f\u0648\u0646 \u0627\u0637\u0644\u0627\u0639\u200c\u0631\u0633\u0627\u0646\u06cc \u06cc\u0627 \u062f\u0631\u062e\u0648\u0627\u0633\u062a \u0627\u0636\u0627\u0641\u06cc \u0645\u062c\u0627\u0632 \u0627\u0633\u062a\u060c \u0628\u0647 \u0634\u0631\u0637 \u0622\u0646\u06a9\u0647 \u0628\u0627 \u0647\u062f\u0641 \u0627\u06cc\u0646 \u0635\u0641\u062d\u0647\u0654 \u0627\u0635\u0644\u06cc \u0647\u0645\u200c\u062e\u0648\u0627\u0646\u06cc \u062f\u0627\u0634\u062a\u0647 \u0628\u0627\u0634\u062f \u0648 \u0635\u0641\u062d\u0647\u0654 \u0627\u0635\u0644\u06cc \u06cc\u0627 \u06cc\u06a9\u06cc \u0627\u0632 \u0632\u06cc\u0631\u0635\u0641\u062d\u0647\u200c\u0647\u0627\u06cc \u0622\u0646 \u0631\u0627 \u0628\u0647\u200c\u0637\u0648\u0631 \u06a9\u0627\u0645\u0644 \u062f\u0631 \u067e\u0646\u062c\u0631\u0647\u0654 \u062c\u0627\u0631\u06cc \u06cc\u0627 \u067e\u0646\u062c\u0631\u0647\u0654 \u062c\u062f\u06cc\u062f \u0645\u0631\u0648\u0631\u06af\u0631 \u0646\u0645\u0627\u06cc\u0634 \u062f\u0647\u062f. \u0646\u0645\u0627\u06cc\u0634 \u062f\u0631 \u0641\u0631\u06cc\u0645 \u06a9\u0647 \u0628\u0627\u0639\u062b \u0634\u0648\u062f \u0635\u0641\u062d\u0647\u0654 \u0644\u06cc\u0646\u06a9\u200c\u0634\u062f\u0647\u0654 \u0627\u06cc\u0646 \u0648\u0628\u200c\u0633\u0627\u06cc\u062a \u0628\u0647\u200c\u0639\u0646\u0648\u0627\u0646 \u0628\u062e\u0634\u06cc \u0627\u0632 \u0648\u0628\u200c\u0633\u0627\u06cc\u062a \u062e\u0627\u0631\u062c\u06cc \u0628\u0647 \u0646\u0638\u0631 \u0628\u0631\u0633\u062f\u060c \u0645\u062c\u0627\u0632 \u0646\u06cc\u0633\u062a.<\/p><h3>\u0633\u0644\u0628 \u0645\u0633\u0626\u0648\u0644\u06cc\u062a<\/h3><h5>\u0644\u06cc\u0646\u06a9\u200c\u0647\u0627<\/h5><p>\u0644\u06cc\u0646\u06a9\u200c\u0647\u0627\u06cc \u0627\u06cc\u0646 \u0648\u0628\u200c\u0633\u0627\u06cc\u062a \u0628\u0647 \u0633\u0627\u06cc\u0631 \u0648\u0628\u200c\u0633\u0627\u06cc\u062a\u200c\u0647\u0627 \u0628\u0647\u200c\u0639\u0646\u0648\u0627\u0646 \u062e\u062f\u0645\u062a\u06cc \u0628\u0647 \u06a9\u0627\u0631\u0628\u0631\u0627\u0646 \u0627\u06cc\u0646\u062a\u0631\u0646\u062a \u0627\u0631\u0627\u0626\u0647 \u0645\u06cc\u200c\u0634\u0648\u0646\u062f. \u0627\u06af\u0631\u0686\u0647 \u0645\u0627 \u062f\u0631 \u0628\u0631\u0631\u0633\u06cc \u0645\u062d\u062a\u0648\u0627 \u062f\u0642\u062a \u0645\u06cc\u200c\u06a9\u0646\u06cc\u0645\u060c \u0627\u0645\u0627 \u0647\u06cc\u0686 \u0645\u0633\u0626\u0648\u0644\u06cc\u062a\u06cc \u062f\u0631 \u0642\u0628\u0627\u0644 \u0645\u062d\u062a\u0648\u0627\u06cc \u0644\u06cc\u0646\u06a9\u200c\u0647\u0627\u06cc \u062e\u0627\u0631\u062c\u06cc \u0646\u0645\u06cc\u200c\u067e\u0630\u06cc\u0631\u06cc\u0645. \u0627\u067e\u0631\u0627\u062a\u0648\u0631\u0647\u0627\u06cc \u0633\u0627\u06cc\u062a\u200c\u0647\u0627\u06cc \u0644\u06cc\u0646\u06a9\u200c\u0634\u062f\u0647 \u0628\u0647\u200c\u0637\u0648\u0631 \u0627\u0646\u062d\u0635\u0627\u0631\u06cc \u0645\u0633\u0626\u0648\u0644 \u0645\u062d\u062a\u0648\u0627\u06cc \u0622\u0646\u200c\u0647\u0627 \u0647\u0633\u062a\u0646\u062f.<br \/>\u0645\u062d\u062a\u0648\u06cc\u0627\u062a<br \/>\u0645\u062d\u062a\u0648\u0627\u06cc \u0648\u0628\u200c\u0633\u0627\u06cc\u062a \u0645\u0627 \u0628\u0627 \u0646\u0647\u0627\u06cc\u062a \u062f\u0642\u062a \u06af\u0631\u062f\u0622\u0648\u0631\u06cc \u0634\u062f\u0647 \u0627\u0633\u062a. \u0628\u0627 \u0627\u06cc\u0646 \u062d\u0627\u0644\u060c \u0645\u0627 \u0646\u0645\u06cc\u200c\u062a\u0648\u0627\u0646\u06cc\u0645 \u062a\u0636\u0645\u06cc\u0646 \u06a9\u0646\u06cc\u0645 \u06a9\u0647 \u0627\u06cc\u0646 \u0645\u062d\u062a\u0648\u0627 \u062f\u0642\u06cc\u0642\u060c \u06a9\u0627\u0645\u0644 \u06cc\u0627 \u0628\u0647\u200c\u0631\u0648\u0632 \u0628\u0627\u0634\u062f. \u0628\u0647\u200c\u0639\u0646\u0648\u0627\u0646 \u0627\u0631\u0627\u0626\u0647\u200c\u062f\u0647\u0646\u062f\u0647 \u062e\u062f\u0645\u0627\u062a\u060c \u0645\u0627 \u0645\u0637\u0627\u0628\u0642 \u0628\u0627 \u0628\u062e\u0634 \u06f7(\u06f1) \u0642\u0627\u0646\u0648\u0646 \u0631\u0633\u0627\u0646\u0647\u200c\u0647\u0627\u06cc telematics \u0622\u0644\u0645\u0627\u0646 (TMG) \u0648 \u0642\u0648\u0627\u0646\u06cc\u0646 \u0639\u0645\u0648\u0645\u06cc\u060c \u0645\u0633\u0626\u0648\u0644 \u0645\u062d\u062a\u0648\u0627\u06cc \u062e\u0648\u062f \u062f\u0631 \u0627\u06cc\u0646 \u0648\u0628\u200c\u0633\u0627\u06cc\u062a \u0647\u0633\u062a\u06cc\u0645. \u0628\u0627 \u0627\u06cc\u0646 \u062d\u0627\u0644\u060c \u0645\u0637\u0627\u0628\u0642 \u0628\u0627 \u0628\u062e\u0634\u200c\u0647\u0627\u06cc \u06f8 \u062a\u0627 \u06f1\u06f0 \u0642\u0627\u0646\u0648\u0646 \u0631\u0633\u0627\u0646\u0647\u200c\u0647\u0627\u06cc telematics \u0622\u0644\u0645\u0627\u0646 (TMG)\u060c \u0645\u0627 \u0628\u0647 \u0639\u0646\u0648\u0627\u0646 \u0627\u0631\u0627\u0626\u0647\u200c\u062f\u0647\u0646\u062f\u0647 \u062e\u062f\u0645\u0627\u062a\u060c \u0645\u0648\u0638\u0641 \u0628\u0647 \u0646\u0638\u0627\u0631\u062a \u0628\u0631 \u0627\u0637\u0644\u0627\u0639\u0627\u062a \u0627\u0634\u062e\u0627\u0635 \u062b\u0627\u0644\u062b \u06a9\u0647 \u0645\u0646\u062a\u0642\u0644 \u06cc\u0627 \u0630\u062e\u06cc\u0631\u0647 \u0634\u062f\u0647\u200c\u0627\u0646\u062f \u06cc\u0627 \u062a\u062d\u0642\u06cc\u0642 \u062f\u0631 \u0645\u0648\u0631\u062f \u0634\u0631\u0627\u06cc\u0637\u06cc \u06a9\u0647 \u0628\u0647 \u0641\u0639\u0627\u0644\u06cc\u062a \u063a\u06cc\u0631\u0642\u0627\u0646\u0648\u0646\u06cc \u0627\u0634\u0627\u0631\u0647 \u062f\u0627\u0631\u0646\u062f\u060c \u0646\u06cc\u0633\u062a\u06cc\u0645. \u0627\u06cc\u0646 \u0627\u0645\u0631\u060c \u062a\u0639\u0647\u062f\u0627\u062a \u0645\u0631\u0628\u0648\u0637 \u0628\u0647 \u062d\u0630\u0641 \u06cc\u0627 \u0645\u0633\u062f\u0648\u062f \u06a9\u0631\u062f\u0646 \u0627\u0633\u062a\u0641\u0627\u062f\u0647 \u0627\u0632 \u0627\u0637\u0644\u0627\u0639\u0627\u062a \u0645\u0637\u0627\u0628\u0642 \u0628\u0627 \u0642\u0648\u0627\u0646\u06cc\u0646 \u0639\u0645\u0648\u0645\u06cc \u0631\u0627 \u062a\u062d\u062a \u062a\u0623\u062b\u06cc\u0631 \u0642\u0631\u0627\u0631 \u0646\u0645\u06cc\u200c\u062f\u0647\u062f. \u0628\u0627 \u0627\u06cc\u0646 \u062d\u0627\u0644\u060c \u0645\u0633\u0626\u0648\u0644\u06cc\u062a \u062f\u0631 \u0627\u06cc\u0646 \u0632\u0645\u06cc\u0646\u0647 \u062a\u0646\u0647\u0627 \u0627\u0632 \u0632\u0645\u0627\u0646\u06cc \u0645\u0645\u06a9\u0646 \u0627\u0633\u062a \u06a9\u0647 \u0627\u0632 \u062a\u062e\u0644\u0641 \u0642\u0627\u0646\u0648\u0646\u06cc \u062e\u0627\u0635 \u0645\u0637\u0644\u0639 \u0634\u0648\u06cc\u0645. \u062f\u0631 \u0635\u0648\u0631\u062a\u06cc \u06a9\u0647 \u0627\u0632 \u0686\u0646\u06cc\u0646 \u062a\u062e\u0644\u0641\u0627\u062a\u06cc \u0645\u0637\u0644\u0639 \u0634\u0648\u06cc\u0645\u060c \u0641\u0648\u0631\u0627\u064b \u0645\u062d\u062a\u0648\u0627\u06cc \u0645\u0631\u0628\u0648\u0637\u0647 \u0631\u0627 \u062d\u0630\u0641 \u062e\u0648\u0627\u0647\u06cc\u0645 \u06a9\u0631\u062f.<\/p><h5>\u062d\u0641\u0627\u0638\u062a \u0627\u0632 \u062f\u0627\u062f\u0647\u200c\u0647\u0627<\/h5><p>\u0628\u0647\u200c\u0637\u0648\u0631 \u06a9\u0644\u06cc \u0645\u06cc\u200c\u062a\u0648\u0627\u0646\u06cc\u062f \u0627\u0632 \u0648\u0628\u200c\u0633\u0627\u06cc\u062a \u0645\u0627 \u0628\u062f\u0648\u0646 \u0627\u0631\u0627\u0626\u0647 \u0647\u06cc\u0686\u200c\u06af\u0648\u0646\u0647 \u062f\u0627\u062f\u0647\u0654 \u0634\u062e\u0635\u06cc \u0627\u0633\u062a\u0641\u0627\u062f\u0647 \u06a9\u0646\u06cc\u062f. \u0647\u0631\u06af\u0627\u0647 \u062f\u0631 \u0648\u0628\u200c\u0633\u0627\u06cc\u062a \u0645\u0627 \u062f\u0627\u062f\u0647\u200c\u0647\u0627\u06cc \u0634\u062e\u0635\u06cc (\u0645\u0627\u0646\u0646\u062f \u0646\u0627\u0645\u060c \u0622\u062f\u0631\u0633 \u06cc\u0627 \u0646\u0634\u0627\u0646\u06cc \u0627\u06cc\u0645\u06cc\u0644) \u062c\u0645\u0639\u200c\u0622\u0648\u0631\u06cc \u0634\u0648\u062f\u060c \u0627\u06cc\u0646 \u06a9\u0627\u0631 \u062a\u0627 \u062d\u062f \u0627\u0645\u06a9\u0627\u0646 \u0628\u0647\u200c\u0635\u0648\u0631\u062a \u062f\u0627\u0648\u0637\u0644\u0628\u0627\u0646\u0647 \u0627\u0646\u062c\u0627\u0645 \u0645\u06cc\u200c\u0634\u0648\u062f. \u0627\u06cc\u0646 \u062f\u0627\u062f\u0647\u200c\u0647\u0627 \u0628\u062f\u0648\u0646 \u0631\u0636\u0627\u06cc\u062a \u0635\u0631\u06cc\u062d \u0634\u0645\u0627 \u0628\u0647 \u0627\u0634\u062e\u0627\u0635 \u062b\u0627\u0644\u062b \u0645\u0646\u062a\u0642\u0644 \u0646\u062e\u0648\u0627\u0647\u0646\u062f \u0634\u062f.<\/p><p>\u0644\u0637\u0641\u0627\u064b \u062a\u0648\u062c\u0647 \u062f\u0627\u0634\u062a\u0647 \u0628\u0627\u0634\u06cc\u062f \u06a9\u0647 \u0627\u0646\u062a\u0642\u0627\u0644 \u062f\u0627\u062f\u0647\u200c\u0647\u0627 \u0627\u0632 \u0637\u0631\u06cc\u0642 \u0627\u06cc\u0646\u062a\u0631\u0646\u062a (\u0645\u062b\u0644\u0627\u064b \u0647\u0646\u06af\u0627\u0645 \u0627\u0631\u062a\u0628\u0627\u0637 \u0627\u0632 \u0637\u0631\u06cc\u0642 \u0627\u06cc\u0645\u06cc\u0644) \u0645\u0645\u06a9\u0646 \u0627\u0633\u062a \u062f\u0631 \u0628\u0631\u0627\u0628\u0631 \u0646\u0642\u0636\u200c\u0647\u0627\u06cc \u0627\u0645\u0646\u06cc\u062a\u06cc \u0622\u0633\u06cc\u0628\u200c\u067e\u0630\u06cc\u0631 \u0628\u0627\u0634\u062f. \u0627\u0645\u06a9\u0627\u0646 \u062a\u0636\u0645\u06cc\u0646 \u062d\u0641\u0627\u0638\u062a \u06a9\u0627\u0645\u0644 \u0627\u0632 \u062f\u0627\u062f\u0647\u200c\u0647\u0627 \u062f\u0631 \u0628\u0631\u0627\u0628\u0631 \u062f\u0633\u062a\u0631\u0633\u06cc \u0627\u0634\u062e\u0627\u0635 \u062b\u0627\u0644\u062b \u0648\u062c\u0648\u062f \u0646\u062f\u0627\u0631\u062f.<\/p><p>\u0645\u0627 \u0635\u0631\u0627\u062d\u062a\u0627\u064b \u0628\u0627 \u0627\u0633\u062a\u0641\u0627\u062f\u0647\u0654 \u0627\u0634\u062e\u0627\u0635 \u062b\u0627\u0644\u062b \u0627\u0632 \u0627\u0637\u0644\u0627\u0639\u0627\u062a \u062a\u0645\u0627\u0633 \u0645\u0646\u062a\u0634\u0631\u0634\u062f\u0647 \u0645\u0637\u0627\u0628\u0642 \u0628\u0627 \u062a\u06a9\u0644\u06cc\u0641 \u0642\u0627\u0646\u0648\u0646\u06cc\u200c\u0645\u0627\u0646 \u0628\u0631\u0627\u06cc \u0627\u0631\u0627\u0626\u0647\u0654 \u0645\u0634\u062e\u0635\u0627\u062a (\u0627\u06cc\u0645\u067e\u0631\u0646\u062a)\u060c \u0628\u0647 \u0645\u0646\u0638\u0648\u0631 \u0627\u0631\u0633\u0627\u0644 \u062a\u0628\u0644\u06cc\u063a\u0627\u062a \u0648 \u0645\u0637\u0627\u0644\u0628 \u0627\u0637\u0644\u0627\u0639\u0627\u062a\u06cc \u0646\u0627\u062e\u0648\u0627\u0633\u062a\u0647\u060c \u0627\u0639\u062a\u0631\u0627\u0636 \u0645\u06cc\u200c\u06a9\u0646\u06cc\u0645.  \u0627\u067e\u0631\u0627\u062a\u0648\u0631\u0647\u0627\u06cc \u0627\u06cc\u0646 \u0648\u0628\u200c\u0633\u0627\u06cc\u062a \u0635\u0631\u0627\u062d\u062a\u0627\u064b \u062d\u0642 \u0627\u0642\u062f\u0627\u0645 \u0642\u0627\u0646\u0648\u0646\u06cc \u0631\u0627 \u062f\u0631 \u0635\u0648\u0631\u062a \u0627\u0631\u0633\u0627\u0644 \u0646\u0627\u062e\u0648\u0627\u0633\u062a\u0647\u0654 \u0645\u0637\u0627\u0644\u0628 \u062a\u0628\u0644\u06cc\u063a\u0627\u062a\u06cc\u060c \u0645\u0627\u0646\u0646\u062f \u0627\u06cc\u0645\u06cc\u0644\u200c\u0647\u0627\u06cc \u0627\u0633\u067e\u0645\u060c \u0628\u0631\u0627\u06cc \u062e\u0648\u062f \u0645\u062d\u0641\u0648\u0638 \u0645\u06cc\u200c\u062f\u0627\u0631\u0646\u062f.<\/p><p>\u0647\u0631 \u0628\u0627\u0632\u062f\u06cc\u062f \u0627\u0632 \u0648\u0628\u200c\u0633\u0627\u06cc\u062a \u0645\u0627 \u0648 \u0647\u0631 \u0628\u0627\u0631 \u062f\u0633\u062a\u0631\u0633\u06cc \u0628\u0647 \u06cc\u06a9 \u0641\u0627\u06cc\u0644 \u0630\u062e\u06cc\u0631\u0647\u200c\u0634\u062f\u0647 \u062f\u0631 \u0648\u0628\u200c\u0633\u0627\u06cc\u062a \u062b\u0628\u062a \u0645\u06cc\u200c\u0634\u0648\u062f (\u0644\u0627\u06af \u0633\u0631\u0648\u0631). \u0627\u06cc\u0646 \u062f\u0627\u062f\u0647\u200c\u0647\u0627 \u0628\u0631\u0627\u06cc \u0627\u0647\u062f\u0627\u0641 \u0645\u0631\u062a\u0628\u0637 \u0628\u0627 \u0633\u06cc\u0633\u062a\u0645 \u062f\u0627\u062e\u0644\u06cc \u0648 \u0622\u0645\u0627\u0631\u06cc \u0630\u062e\u06cc\u0631\u0647 \u0645\u06cc\u200c\u0634\u0648\u0646\u062f. \u0627\u0637\u0644\u0627\u0639\u0627\u062a \u0632\u06cc\u0631 \u062b\u0628\u062a \u0645\u06cc\u200c\u0634\u0648\u062f: \u0646\u0627\u0645 \u0641\u0627\u06cc\u0644\u06cc \u06a9\u0647 \u0628\u0647 \u0622\u0646 \u062f\u0633\u062a\u0631\u0633\u06cc \u067e\u06cc\u062f\u0627 \u0634\u062f\u0647\u060c \u062a\u0627\u0631\u06cc\u062e \u0648 \u0632\u0645\u0627\u0646 \u062f\u0633\u062a\u0631\u0633\u06cc\u060c \u062d\u062c\u0645 \u062f\u0627\u062f\u0647\u200c\u0647\u0627\u06cc \u0645\u0646\u062a\u0642\u0644\u200c\u0634\u062f\u0647\u060c \u0627\u0637\u0644\u0627\u0639 \u0627\u0632 \u0645\u0648\u0641\u0642\u06cc\u062a \u062f\u0633\u062a\u0631\u0633\u06cc\u060c \u0645\u0631\u0648\u0631\u06af\u0631 \u0648\u0628 \u0648 \u0627\u0631\u062c\u0627\u0639\u200c\u062f\u0647\u0646\u062f\u0647. \u0639\u0644\u0627\u0648\u0647 \u0628\u0631 \u0627\u06cc\u0646\u060c \u0622\u062f\u0631\u0633\u200c\u0647\u0627\u06cc IP \u0631\u0627\u06cc\u0627\u0646\u0647\u200c\u0647\u0627\u06cc \u062f\u0631\u062e\u0648\u0627\u0633\u062a\u200c\u06a9\u0646\u0646\u062f\u0647 \u0646\u06cc\u0632 \u062b\u0628\u062a \u0645\u06cc\u200c\u0634\u0648\u0646\u062f. \u0644\u0637\u0641\u0627\u064b \u062a\u0648\u062c\u0647 \u062f\u0627\u0634\u062a\u0647 \u0628\u0627\u0634\u06cc\u062f \u06a9\u0647 \u062f\u0627\u062f\u0647\u200c\u0647\u0627\u06cc \u0644\u0627\u06af \u0633\u0631\u0648\u0631 \u0628\u0631\u0627\u06cc \u0627\u0645\u0646\u06cc\u062a \u0648 \u062d\u0641\u0627\u0638\u062a \u0627\u06cc\u0646 \u0648\u0628\u200c\u0633\u0627\u06cc\u062a \u06a9\u0627\u0645\u0644\u0627\u064b \u0636\u0631\u0648\u0631\u06cc \u0647\u0633\u062a\u0646\u062f.<\/p><p>\u0627\u0637\u0644\u0627\u0639\u0627\u062a \u0634\u062e\u0635\u06cc \u0628\u06cc\u0634\u062a\u0631 \u062a\u0646\u0647\u0627 \u062f\u0631 \u0635\u0648\u0631\u062a\u06cc \u062c\u0645\u0639\u200c\u0622\u0648\u0631\u06cc \u062e\u0648\u0627\u0647\u062f \u0634\u062f \u06a9\u0647 \u0634\u0645\u0627 \u062f\u0627\u0648\u0637\u0644\u0628\u0627\u0646\u0647 \u0622\u0646 \u0631\u0627 \u0627\u0631\u0627\u0626\u0647 \u062f\u0647\u06cc\u062f\u060c \u0628\u0631\u0627\u06cc \u0645\u062b\u0627\u0644 \u0647\u0646\u06af\u0627\u0645 \u0627\u0631\u0633\u0627\u0644 \u062f\u0631\u062e\u0648\u0627\u0633\u062a \u06cc\u0627 \u062b\u0628\u062a\u200c\u0646\u0627\u0645.<\/p><h5>\u0627\u0639\u062a\u0628\u0627\u0631 \u062a\u0635\u0627\u0648\u06cc\u0631<\/h5><p>\u0634\u0627\u062a\u0631\u0627\u0633\u062a\u0648\u06a9.\u06a9\u0627\u0645\u060c \u0627\u062f\u0648\u0628\u06cc \u0627\u0633\u062a\u0627\u06a9<\/p>\t\t\t\t\t\t\t\t<\/div>\n\t\t\t\t<\/div>\n\t\t\t\t\t<\/div>\n\t\t\t\t<\/div>\n\t\t<div class=\"elementor-element elementor-element-685af48 e-flex e-con-boxed e-con e-parent\" data-id=\"685af48\" data-element_type=\"container\" data-e-type=\"container\">\n\t\t\t\t\t<div class=\"e-con-inner\">\n\t\t\t\t<div class=\"elementor-element elementor-element-7eef40e elementor-widget elementor-widget-spacer\" data-id=\"7eef40e\" data-element_type=\"widget\" data-e-type=\"widget\" data-widget_type=\"spacer.default\">\n\t\t\t\t<div class=\"elementor-widget-container\">\n\t\t\t\t\t\t\t<div class=\"elementor-spacer\">\n\t\t\t<div class=\"elementor-spacer-inner\"><\/div>\n\t\t<\/div>\n\t\t\t\t\t\t<\/div>\n\t\t\t\t<\/div>\n\t\t\t\t\t<\/div>\n\t\t\t\t<\/div>\n\t\t<div class=\"elementor-element elementor-element-134eab67 e-flex e-con-boxed e-con e-parent\" data-id=\"134eab67\" data-element_type=\"container\" data-e-type=\"container\" data-settings=\"{&quot;background_background&quot;:&quot;classic&quot;}\">\n\t\t\t\t\t<div class=\"e-con-inner\">\n\t\t\t\t<div class=\"elementor-element elementor-element-6a7fd05e elementor-widget elementor-widget-heading\" data-id=\"6a7fd05e\" data-element_type=\"widget\" data-e-type=\"widget\" data-widget_type=\"heading.default\">\n\t\t\t\t<div class=\"elementor-widget-container\">\n\t\t\t\t\t<h2 class=\"elementor-heading-title elementor-size-default\">\u0622\u06cc\u0627 \u0633\u0624\u0627\u0644\u06cc \u062f\u0627\u0631\u06cc\u062f\u061f<\/h2>\t\t\t\t<\/div>\n\t\t\t\t<\/div>\n\t\t\t\t<div class=\"elementor-element elementor-element-6c39bab1 elementor-widget elementor-widget-heading\" data-id=\"6c39bab1\" data-element_type=\"widget\" data-e-type=\"widget\" data-widget_type=\"heading.default\">\n\t\t\t\t<div class=\"elementor-widget-container\">\n\t\t\t\t\t<h2 class=\"elementor-heading-title elementor-size-default\">\u0644\u0637\u0641\u0627\u064b \u0627\u0632 \u0637\u0631\u06cc\u0642 \u0627\u06cc\u0645\u06cc\u0644 \u0628\u0627 \u0645\u0627 \u062a\u0645\u0627\u0633 \u0628\u06af\u06cc\u0631\u06cc\u062f!<\/h2>\t\t\t\t<\/div>\n\t\t\t\t<\/div>\n\t\t\t\t<div class=\"elementor-element elementor-element-46f3013a elementor-widget-tablet__width-initial elementor-mobile-align-center elementor-widget__width-initial elementor-align-center elementor-widget elementor-widget-button\" data-id=\"46f3013a\" data-element_type=\"widget\" data-e-type=\"widget\" data-widget_type=\"button.default\">\n\t\t\t\t<div class=\"elementor-widget-container\">\n\t\t\t\t\t\t\t\t\t<div class=\"elementor-button-wrapper\">\n\t\t\t\t\t<a class=\"elementor-button elementor-button-link elementor-size-sm\" href=\"mailto:service@famed-test.de\">\n\t\t\t\t\t\t<span class=\"elementor-button-content-wrapper\">\n\t\t\t\t\t\t<span class=\"elementor-button-icon\">\n\t\t\t\t<svg aria-hidden=\"true\" class=\"e-font-icon-svg e-far-envelope\" viewbox=\"0 0 512 512\" xmlns=\"http:\/\/www.w3.org\/2000\/svg\"><path d=\"M464 64H48C21.49 64 0 85.49 0 112v288c0 26.51 21.49 48 48 48h416c26.51 0 48-21.49 48-48V112c0-26.51-21.49-48-48-48zm0 48v40.805c-22.422 18.259-58.168 46.651-134.587 106.49-16.841 13.247-50.201 45.072-73.413 44.701-23.208.375-56.579-31.459-73.413-44.701C106.18 199.465 70.425 171.067 48 152.805V112h416zM48 400V214.398c22.914 18.251 55.409 43.862 104.938 82.646 21.857 17.205 60.134 55.186 103.062 54.955 42.717.231 80.509-37.199 103.053-54.947 49.528-38.783 82.032-64.401 104.947-82.653V400H48z\"><\/path><\/svg>\t\t\t<\/span>\n\t\t\t\t\t\t\t\t\t<span class=\"elementor-button-text\">\u062a\u0645\u0627\u0633<\/span>\n\t\t\t\t\t<\/span>\n\t\t\t\t\t<\/a>\n\t\t\t\t<\/div>\n\t\t\t\t\t\t\t\t<\/div>\n\t\t\t\t<\/div>\n\t\t\t\t\t<\/div>\n\t\t\t\t<\/div>\n\t\t\t\t<\/div>","protected":false},"excerpt":{"rendered":"<p>Impressum digiFORT Gesundheit und Pflege GmbH Gesch\u00e4ftsf\u00fchrer: Holger StrehlauWilhelmsh\u00f6her Allee 28734131 Kassel Internet: famed-test.de | digifort-experts.de\u00a0 Verantwortlich f\u00fcr den Inhalt: Holger StrehlauSitz: Kassel HRB 18934Registergericht: Kassel Rechtliche Hinweise Links von anderen Internet-Angeboten auf diese Homepage oder ihre Unterseiten sind ohne weitere Informationen oder Anfragen erlaubt, sofern sie das Anliegen dieser Homepage unterst\u00fctzen und sie oder [&hellip;]<\/p>\n","protected":false},"author":3,"featured_media":0,"parent":0,"menu_order":0,"comment_status":"closed","ping_status":"closed","template":"elementor_header_footer","meta":{"inline_featured_image":false,"footnotes":""},"class_list":["post-1943","page","type-page","status-publish","hentry"],"jetpack_sharing_enabled":true,"_links":{"self":[{"href":"https:\/\/famed-test.de\/fa\/wp-json\/wp\/v2\/pages\/1943","targetHints":{"allow":["GET"]}}],"collection":[{"href":"https:\/\/famed-test.de\/fa\/wp-json\/wp\/v2\/pages"}],"about":[{"href":"https:\/\/famed-test.de\/fa\/wp-json\/wp\/v2\/types\/page"}],"author":[{"embeddable":true,"href":"https:\/\/famed-test.de\/fa\/wp-json\/wp\/v2\/users\/3"}],"replies":[{"embeddable":true,"href":"https:\/\/famed-test.de\/fa\/wp-json\/wp\/v2\/comments?post=1943"}],"version-history":[{"count":13,"href":"https:\/\/famed-test.de\/fa\/wp-json\/wp\/v2\/pages\/1943\/revisions"}],"predecessor-version":[{"id":3163,"href":"https:\/\/famed-test.de\/fa\/wp-json\/wp\/v2\/pages\/1943\/revisions\/3163"}],"wp:attachment":[{"href":"https:\/\/famed-test.de\/fa\/wp-json\/wp\/v2\/media?parent=1943"}],"curies":[{"name":"wp","href":"https:\/\/api.w.org\/{rel}","templated":true}]}}