{"id":990,"date":"2024-05-13T13:13:31","date_gmt":"2024-05-13T11:13:31","guid":{"rendered":"https:\/\/wp.famed-test.de\/?page_id=990"},"modified":"2026-03-03T14:19:24","modified_gmt":"2026-03-03T13:19:24","slug":"pruefungsablauf","status":"publish","type":"page","link":"https:\/\/famed-test.de\/en\/pruefungsablauf\/","title":{"rendered":"Exam process"},"content":{"rendered":"<div data-elementor-type=\"wp-post\" data-elementor-id=\"990\" class=\"elementor elementor-990\" data-elementor-post-type=\"page\">\n\t\t\t\t<div class=\"elementor-element elementor-element-ebbc62e e-flex e-con-boxed e-con e-parent\" data-id=\"ebbc62e\" data-element_type=\"container\" data-e-type=\"container\" data-settings=\"{&quot;background_background&quot;:&quot;classic&quot;,&quot;shape_divider_top&quot;:&quot;tilt&quot;,&quot;shape_divider_bottom&quot;:&quot;tilt&quot;}\">\n\t\t\t\t\t<div class=\"e-con-inner\">\n\t\t\t\t<div class=\"elementor-shape elementor-shape-top\" aria-hidden=\"true\" data-negative=\"false\">\n\t\t\t<svg xmlns=\"http:\/\/www.w3.org\/2000\/svg\" viewbox=\"0 0 1000 100\" preserveaspectratio=\"none\">\n\t<path class=\"elementor-shape-fill\" d=\"M0,6V0h1000v100L0,6z\"\/>\n<\/svg>\t\t<\/div>\n\t\t\t\t<div class=\"elementor-shape elementor-shape-bottom\" aria-hidden=\"true\" data-negative=\"false\">\n\t\t\t<svg xmlns=\"http:\/\/www.w3.org\/2000\/svg\" viewbox=\"0 0 1000 100\" preserveaspectratio=\"none\">\n\t<path class=\"elementor-shape-fill\" d=\"M0,6V0h1000v100L0,6z\"\/>\n<\/svg>\t\t<\/div>\n\t\t\t\t<div class=\"elementor-element elementor-element-19fa307 elementor-widget elementor-widget-spacer\" data-id=\"19fa307\" data-element_type=\"widget\" data-e-type=\"widget\" data-widget_type=\"spacer.default\">\n\t\t\t\t<div class=\"elementor-widget-container\">\n\t\t\t\t\t\t\t<div class=\"elementor-spacer\">\n\t\t\t<div class=\"elementor-spacer-inner\"><\/div>\n\t\t<\/div>\n\t\t\t\t\t\t<\/div>\n\t\t\t\t<\/div>\n\t\t\t\t<div class=\"elementor-element elementor-element-eda33a3 elementor-widget elementor-widget-heading\" data-id=\"eda33a3\" data-element_type=\"widget\" data-e-type=\"widget\" data-widget_type=\"heading.default\">\n\t\t\t\t<div class=\"elementor-widget-container\">\n\t\t\t\t\t<h2 class=\"elementor-heading-title elementor-size-default\">Exam process <\/h2>\t\t\t\t<\/div>\n\t\t\t\t<\/div>\n\t\t\t\t<div class=\"elementor-element elementor-element-5bb81d5 elementor-widget elementor-widget-spacer\" data-id=\"5bb81d5\" data-element_type=\"widget\" data-e-type=\"widget\" data-widget_type=\"spacer.default\">\n\t\t\t\t<div class=\"elementor-widget-container\">\n\t\t\t\t\t\t\t<div class=\"elementor-spacer\">\n\t\t\t<div class=\"elementor-spacer-inner\"><\/div>\n\t\t<\/div>\n\t\t\t\t\t\t<\/div>\n\t\t\t\t<\/div>\n\t\t\t\t\t<\/div>\n\t\t\t\t<\/div>\n\t\t<div class=\"elementor-element elementor-element-733e914 e-flex e-con-boxed e-con e-parent\" data-id=\"733e914\" data-element_type=\"container\" data-e-type=\"container\">\n\t\t\t\t\t<div class=\"e-con-inner\">\n\t\t<div class=\"elementor-element elementor-element-c28aec8 e-con-full e-flex e-con e-child\" data-id=\"c28aec8\" data-element_type=\"container\" data-e-type=\"container\">\n\t\t\t\t<div class=\"elementor-element elementor-element-6cddb3fb elementor-widget elementor-widget-text-editor\" data-id=\"6cddb3fb\" data-element_type=\"widget\" data-e-type=\"widget\" data-widget_type=\"text-editor.default\">\n\t\t\t\t<div class=\"elementor-widget-container\">\n\t\t\t\t\t\t\t\t\t<p>The examination format for recognition in Bavaria and Rhineland-Palatinate consists of a total of two oral examination stations and one written examination station. The order of the oral stations may vary. The examination always concludes with the written station. You will have a one-minute break between stations.<\/p><p>Apart from the examination situations mentioned above, there are no further examination components. For example, a vocabulary test or the translation of technical terms is not part of the examination.<\/p><p>To reflect professional practice as authentically as possible, the OSCE (Objective Structured Clinical Examination) format was chosen for FaMed. The cases covered differ both within and between the examination stations. All examination content is drawn from the subjects of General Medicine, Internal Medicine, or Surgery.<\/p>\t\t\t\t\t\t\t\t<\/div>\n\t\t\t\t<\/div>\n\t\t\t\t<\/div>\n\t\t<div class=\"elementor-element elementor-element-665d0fe6 e-con-full e-flex e-con e-child\" data-id=\"665d0fe6\" data-element_type=\"container\" data-e-type=\"container\">\n\t\t\t\t<div class=\"elementor-element elementor-element-aae743b elementor-widget__width-initial elementor-widget elementor-widget-image\" data-id=\"aae743b\" data-element_type=\"widget\" data-e-type=\"widget\" data-widget_type=\"image.default\">\n\t\t\t\t<div class=\"elementor-widget-container\">\n\t\t\t\t\t\t\t\t\t\t\t\t\t\t\t<img fetchpriority=\"high\" decoding=\"async\" width=\"800\" height=\"800\" src=\"https:\/\/famed-test.de\/wp-content\/uploads\/2024\/05\/Diabetes-rafiki.svg\" class=\"attachment-large size-large wp-image-904\" alt=\"\" \/>\t\t\t\t\t\t\t\t\t\t\t\t\t\t\t<\/div>\n\t\t\t\t<\/div>\n\t\t\t\t<\/div>\n\t\t\t\t\t<\/div>\n\t\t\t\t<\/div>\n\t\t<div class=\"elementor-element elementor-element-5bff083 e-flex e-con-boxed e-con e-parent\" data-id=\"5bff083\" data-element_type=\"container\" data-e-type=\"container\" data-settings=\"{&quot;background_background&quot;:&quot;classic&quot;}\">\n\t\t\t\t\t<div class=\"e-con-inner\">\n\t\t<div class=\"elementor-element elementor-element-ecce91c e-con-full e-flex e-con e-child\" data-id=\"ecce91c\" data-element_type=\"container\" data-e-type=\"container\">\n\t\t\t\t<div class=\"elementor-element elementor-element-c721fce elementor-widget elementor-widget-heading\" data-id=\"c721fce\" data-element_type=\"widget\" data-e-type=\"widget\" data-settings=\"{&quot;_animation&quot;:&quot;none&quot;}\" data-widget_type=\"heading.default\">\n\t\t\t\t<div class=\"elementor-widget-container\">\n\t\t\t\t\t<h2 class=\"elementor-heading-title elementor-size-default\">Details<\/h2>\t\t\t\t<\/div>\n\t\t\t\t<\/div>\n\t\t\t\t<div class=\"elementor-element elementor-element-1ca25a6 elementor-widget elementor-widget-text-editor\" data-id=\"1ca25a6\" data-element_type=\"widget\" data-e-type=\"widget\" data-settings=\"{&quot;_animation&quot;:&quot;none&quot;,&quot;_animation_delay&quot;:100}\" data-widget_type=\"text-editor.default\">\n\t\t\t\t<div class=\"elementor-widget-container\">\n\t\t\t\t\t\t\t\t\t<div class=\"faq-wrap\"><div class=\"faq-answer\"><p class=\"paragraph\">The order of the oral stations may vary. The exam always concludes with the written station. You will have 11 minutes for each of the oral stations, and 22 minutes for the written one. You will have a one-minute break between stations.<\/p><\/div><\/div>\t\t\t\t\t\t\t\t<\/div>\n\t\t\t\t<\/div>\n\t\t\t\t<div class=\"elementor-element elementor-element-cb964e2 elementor-widget elementor-widget-image\" data-id=\"cb964e2\" data-element_type=\"widget\" data-e-type=\"widget\" data-settings=\"{&quot;_animation&quot;:&quot;none&quot;,&quot;_animation_delay&quot;:300}\" data-widget_type=\"image.default\">\n\t\t\t\t<div class=\"elementor-widget-container\">\n\t\t\t\t\t\t\t\t\t\t\t\t\t\t\t<img decoding=\"async\" width=\"4192\" height=\"1401\" src=\"https:\/\/famed-test.de\/wp-content\/uploads\/2024\/07\/Pruefungsablauf-Bayern-scaled.png\" class=\"attachment-full size-full wp-image-1905\" alt=\"Organigram zum Ablauf von Sprachpr\u00fcfungen\" \/>\t\t\t\t\t\t\t\t\t\t\t\t\t\t\t<\/div>\n\t\t\t\t<\/div>\n\t\t\t\t<\/div>\n\t\t\t\t\t<\/div>\n\t\t\t\t<\/div>\n\t\t<div class=\"elementor-element elementor-element-09427b7 e-flex e-con-boxed e-con e-parent\" data-id=\"09427b7\" data-element_type=\"container\" data-e-type=\"container\" data-settings=\"{&quot;background_background&quot;:&quot;classic&quot;}\">\n\t\t\t\t\t<div class=\"e-con-inner\">\n\t\t<div class=\"elementor-element elementor-element-9279b4a e-con-full e-flex e-con e-child\" data-id=\"9279b4a\" data-element_type=\"container\" data-e-type=\"container\">\n\t\t\t\t<div class=\"elementor-element elementor-element-d4a0aee elementor-widget__width-initial elementor-widget elementor-widget-image\" data-id=\"d4a0aee\" data-element_type=\"widget\" data-e-type=\"widget\" data-widget_type=\"image.default\">\n\t\t\t\t<div class=\"elementor-widget-container\">\n\t\t\t\t\t\t\t\t\t\t\t\t\t\t\t<img decoding=\"async\" width=\"800\" height=\"800\" src=\"https:\/\/famed-test.de\/wp-content\/uploads\/2024\/05\/Learning-languages-rafiki.svg\" class=\"attachment-large size-large wp-image-917\" alt=\"\" \/>\t\t\t\t\t\t\t\t\t\t\t\t\t\t\t<\/div>\n\t\t\t\t<\/div>\n\t\t\t\t<\/div>\n\t\t<div class=\"elementor-element elementor-element-0306392 e-con-full e-flex e-con e-child\" data-id=\"0306392\" data-element_type=\"container\" data-e-type=\"container\">\n\t\t\t\t<div class=\"elementor-element elementor-element-6b342df elementor-widget elementor-widget-heading\" data-id=\"6b342df\" data-element_type=\"widget\" data-e-type=\"widget\" data-widget_type=\"heading.default\">\n\t\t\t\t<div class=\"elementor-widget-container\">\n\t\t\t\t\t<h2 class=\"elementor-heading-title elementor-size-default\">Oral exam stations<\/h2>\t\t\t\t<\/div>\n\t\t\t\t<\/div>\n\t\t\t\t<div class=\"elementor-element elementor-element-32250db elementor-widget elementor-widget-text-editor\" data-id=\"32250db\" data-element_type=\"widget\" data-e-type=\"widget\" data-widget_type=\"text-editor.default\">\n\t\t\t\t<div class=\"elementor-widget-container\">\n\t\t\t\t\t\t\t\t\t<p>Doctor-Patient Communication (23 minutes including reading time)<\/p>\t\t\t\t\t\t\t\t<\/div>\n\t\t\t\t<\/div>\n\t\t\t\t<div class=\"elementor-element elementor-element-9a91bd7 elementor-widget elementor-widget-text-editor\" data-id=\"9a91bd7\" data-element_type=\"widget\" data-e-type=\"widget\" data-widget_type=\"text-editor.default\">\n\t\t\t\t<div class=\"elementor-widget-container\">\n\t\t\t\t\t\t\t\t\t<p>The medical-patient communication examination station includes a medical history interview and an informed consent interview, where the cases do not have to relate to each other. In this examination station, it is particularly important to use plain language and to formulate all statements clearly and comprehensibly, so that misunderstandings can be avoided.<\/p>\t\t\t\t\t\t\t\t<\/div>\n\t\t\t\t<\/div>\n\t\t\t\t<div class=\"elementor-element elementor-element-2c59850 elementor-widget elementor-widget-text-editor\" data-id=\"2c59850\" data-element_type=\"widget\" data-e-type=\"widget\" data-widget_type=\"text-editor.default\">\n\t\t\t\t<div class=\"elementor-widget-container\">\n\t\t\t\t\t\t\t\t\t<p><strong>Anamnesis interview<\/strong><\/p><p>The exam candidate should elicit the information necessary for a medical history from the patient within the framework of an anamnesis interview, allow them space to report their complaints, and create a respectful conversational atmosphere.<\/p>\t\t\t\t\t\t\t\t<\/div>\n\t\t\t\t<\/div>\n\t\t\t\t<div class=\"elementor-element elementor-element-8c2d4a7 elementor-widget elementor-widget-text-editor\" data-id=\"8c2d4a7\" data-element_type=\"widget\" data-e-type=\"widget\" data-widget_type=\"text-editor.default\">\n\t\t\t\t<div class=\"elementor-widget-container\">\n\t\t\t\t\t\t\t\t\t<p><strong>Pre-operative consultation<\/strong><br \/><br \/><br \/><\/p><p>The candidate should explain the procedure of an upcoming operation, the risks of the intervention, and perioperative management measures to the patient. The focus here is on the use of lay language (everyday expressions instead of medical jargon), and ensuring that the patient has understood all the information. <span data-teams=\"true\">as well as expressing empathy for concerns and questions<\/span>. Important: Prior to the information and consent discussion, all information that can be used to conduct the information and consent discussion will be displayed. No specialist knowledge will be tested.<\/p>\t\t\t\t\t\t\t\t<\/div>\n\t\t\t\t<\/div>\n\t\t\t\t<div class=\"elementor-element elementor-element-ce5bdd5 elementor-widget elementor-widget-spacer\" data-id=\"ce5bdd5\" data-element_type=\"widget\" data-e-type=\"widget\" data-widget_type=\"spacer.default\">\n\t\t\t\t<div class=\"elementor-widget-container\">\n\t\t\t\t\t\t\t<div class=\"elementor-spacer\">\n\t\t\t<div class=\"elementor-spacer-inner\"><\/div>\n\t\t<\/div>\n\t\t\t\t\t\t<\/div>\n\t\t\t\t<\/div>\n\t\t\t\t<div class=\"elementor-element elementor-element-b63f5a0 elementor-widget elementor-widget-text-editor\" data-id=\"b63f5a0\" data-element_type=\"widget\" data-e-type=\"widget\" data-widget_type=\"text-editor.default\">\n\t\t\t\t<div class=\"elementor-widget-container\">\n\t\t\t\t\t\t\t\t\t<p>Doctor-to-doctor communication (23 minutes including reading time)<\/p>\t\t\t\t\t\t\t\t<\/div>\n\t\t\t\t<\/div>\n\t\t\t\t<div class=\"elementor-element elementor-element-df8a53a elementor-widget elementor-widget-text-editor\" data-id=\"df8a53a\" data-element_type=\"widget\" data-e-type=\"widget\" data-widget_type=\"text-editor.default\">\n\t\t\t\t<div class=\"elementor-widget-container\">\n\t\t\t\t\t\t\t\t\t<p>The doctor-to-doctor communication examination station consists of two patient presentations. When communicating between doctors, care must be taken to use appropriate professional language and to express yourself as concisely and succinctly as possible. Linguistic errors that could lead to misunderstandings and, consequently, treatment errors must be strictly avoided.<\/p>\t\t\t\t\t\t\t\t<\/div>\n\t\t\t\t<\/div>\n\t\t\t\t<div class=\"elementor-element elementor-element-45ce0b2 elementor-widget elementor-widget-text-editor\" data-id=\"45ce0b2\" data-element_type=\"widget\" data-e-type=\"widget\" data-widget_type=\"text-editor.default\">\n\t\t\t\t<div class=\"elementor-widget-container\">\n\t\t\t\t\t\t\t\t\t<p><strong>Patient introductions<\/strong><br \/><br \/><br \/><span class=\"TextRun SCXW169243213 BCX0\" lang=\"DE-DE\" xml:lang=\"DE-DE\" data-contrast=\"auto\"><span class=\"NormalTextRun SCXW169243213 BCX0\">In the patient introductions <\/span><\/span><span class=\"TextRun SCXW169243213 BCX0\" lang=\"DE-DE\" xml:lang=\"DE-DE\" data-contrast=\"auto\"><span class=\"NormalTextRun SCXW169243213 BCX0\">should <\/span><\/span><span class=\"TextRun SCXW169243213 BCX0\" lang=\"DE-DE\" xml:lang=\"DE-DE\" data-contrast=\"auto\"><span class=\"NormalTextRun SCXW169243213 BCX0\">the candidate communicating with colleagues using specialist terminology and idioms (here: <\/span><\/span><span class=\"TextRun SCXW169243213 BCX0\" lang=\"DE-DE\" xml:lang=\"DE-DE\" data-contrast=\"auto\"><span class=\"NormalTextRun SCXW169243213 BCX0\">Chief Physician<\/span><\/span><span class=\"TextRun SCXW169243213 BCX0\" lang=\"DE-DE\" xml:lang=\"DE-DE\" data-contrast=\"auto\"><span class=\"NormalTextRun SCXW169243213 BCX0\">to prove. <\/span><\/span><\/p><p><span class=\"TextRun SCXW169243213 BCX0\" lang=\"DE-DE\" xml:lang=\"DE-DE\" data-contrast=\"auto\"><span class=\"NormalTextRun SCXW169243213 BCX0\">As well as the dissemination of information <\/span><\/span><span class=\"TextRun SCXW169243213 BCX0\" lang=\"DE-DE\" xml:lang=\"DE-DE\" data-contrast=\"auto\"><span class=\"NormalTextRun SCXW169243213 BCX0\">Replies to <\/span><span class=\"NormalTextRun SCXW169243213 BCX0\">Follow-up questions <\/span><\/span><span class=\"TextRun SCXW169243213 BCX0\" lang=\"DE-DE\" xml:lang=\"DE-DE\" data-contrast=\"auto\"><span class=\"NormalTextRun SCXW169243213 BCX0\">The requirements should be formulated concisely and precisely. Important: All information that can be used to perform patient simulations must be included. No specialist knowledge will be tested.<\/span><\/span><span class=\"EOP SCXW169243213 BCX0\" data-ccp-props=\"{}\">\u00a0<\/span><\/p>\t\t\t\t\t\t\t\t<\/div>\n\t\t\t\t<\/div>\n\t\t\t\t<\/div>\n\t\t\t\t\t<\/div>\n\t\t\t\t<\/div>\n\t\t<div class=\"elementor-element elementor-element-6abbf94 e-flex e-con-boxed e-con e-parent\" data-id=\"6abbf94\" data-element_type=\"container\" data-e-type=\"container\" data-settings=\"{&quot;background_background&quot;:&quot;classic&quot;}\">\n\t\t\t\t\t<div class=\"e-con-inner\">\n\t\t<div class=\"elementor-element elementor-element-1cead5c e-con-full e-flex e-con e-child\" data-id=\"1cead5c\" data-element_type=\"container\" data-e-type=\"container\">\n\t\t\t\t<div class=\"elementor-element elementor-element-2c2e401 elementor-widget elementor-widget-heading\" data-id=\"2c2e401\" data-element_type=\"widget\" data-e-type=\"widget\" data-widget_type=\"heading.default\">\n\t\t\t\t<div class=\"elementor-widget-container\">\n\t\t\t\t\t<h2 class=\"elementor-heading-title elementor-size-default\">Written examination station<\/h2>\t\t\t\t<\/div>\n\t\t\t\t<\/div>\n\t\t\t\t<div class=\"elementor-element elementor-element-550442c elementor-widget elementor-widget-text-editor\" data-id=\"550442c\" data-element_type=\"widget\" data-e-type=\"widget\" data-widget_type=\"text-editor.default\">\n\t\t\t\t<div class=\"elementor-widget-container\">\n\t\t\t\t\t\t\t\t\t<p>(22 minutes including video time)\u00a0<\/p>\t\t\t\t\t\t\t\t<\/div>\n\t\t\t\t<\/div>\n\t\t\t\t<div class=\"elementor-element elementor-element-a73f1fb elementor-widget elementor-widget-text-editor\" data-id=\"a73f1fb\" data-element_type=\"widget\" data-e-type=\"widget\" data-widget_type=\"text-editor.default\">\n\t\t\t\t<div class=\"elementor-widget-container\">\n\t\t\t\t\t\t\t\t\t<p>Based on a short video, which can also be paused, the candidate will write the patient history section of a medical report.<\/p>\t\t\t\t\t\t\t\t<\/div>\n\t\t\t\t<\/div>\n\t\t\t\t<div class=\"elementor-element elementor-element-1f94f9d elementor-widget elementor-widget-text-editor\" data-id=\"1f94f9d\" data-element_type=\"widget\" data-e-type=\"widget\" data-widget_type=\"text-editor.default\">\n\t\t\t\t<div class=\"elementor-widget-container\">\n\t\t\t\t\t\t\t\t\t<p><b>History section of a doctor's letter<\/b><br \/><br \/><\/p><p>When drafting the doctor's letter, care must be taken to ensure that all patient information appearing in the video is correctly phrased according to medical terminology standards.<\/p><p>These include: <br \/><br \/><\/p><ul><li>Name, perhaps age, weight, height<\/li><li>Current complaints<\/li><li>Pre-existing conditions and medications<\/li><li>Nicotine and alcohol consumption<\/li><li>Family and social history<\/li><li>Possible travel history<\/li><\/ul><p><br \/>The doctor's letter should be written in full sentences. When quoting patient statements, the subjunctive (Konjunktiv I) should be used where appropriate.<\/p>\t\t\t\t\t\t\t\t<\/div>\n\t\t\t\t<\/div>\n\t\t\t\t<\/div>\n\t\t<div class=\"elementor-element elementor-element-053cd1b e-con-full e-flex e-con e-child\" data-id=\"053cd1b\" data-element_type=\"container\" data-e-type=\"container\">\n\t\t\t\t<div class=\"elementor-element elementor-element-c025455 elementor-widget__width-initial elementor-widget elementor-widget-image\" data-id=\"c025455\" data-element_type=\"widget\" data-e-type=\"widget\" data-widget_type=\"image.default\">\n\t\t\t\t<div class=\"elementor-widget-container\">\n\t\t\t\t\t\t\t\t\t\t\t\t\t\t\t<img loading=\"lazy\" decoding=\"async\" width=\"800\" height=\"800\" src=\"https:\/\/famed-test.de\/wp-content\/uploads\/2024\/05\/Online-Doctor-rafiki.svg\" class=\"attachment-large size-large wp-image-923\" alt=\"\" \/>\t\t\t\t\t\t\t\t\t\t\t\t\t\t\t<\/div>\n\t\t\t\t<\/div>\n\t\t\t\t<\/div>\n\t\t\t\t\t<\/div>\n\t\t\t\t<\/div>\n\t\t\t\t<\/div>","protected":false},"excerpt":{"rendered":"<p>Pr\u00fcfungsablauf Das Pr\u00fcfungsformat f\u00fcr die Anerkennung in Bayern und Rheinland-Pfalz besteht aus insgesamt zwei m\u00fcndlichen Pr\u00fcfungsstationen und einer schriftlichen Pr\u00fcfungsstation. Die Reihenfolge der m\u00fcndlichen Stationen kann variieren. Die Pr\u00fcfung schlie\u00dft immer mit der schriftlichen Station ab. Zwischen den Stationen haben Sie eine Minute Pause. Bis auf die oben genannten Pr\u00fcfungssituationen gibt es keine weiteren Pr\u00fcfungsteile. [&hellip;]<\/p>\n","protected":false},"author":3,"featured_media":0,"parent":0,"menu_order":0,"comment_status":"closed","ping_status":"closed","template":"elementor_header_footer","meta":{"inline_featured_image":false,"footnotes":""},"class_list":["post-990","page","type-page","status-publish","hentry"],"jetpack_sharing_enabled":true,"_links":{"self":[{"href":"https:\/\/famed-test.de\/en\/wp-json\/wp\/v2\/pages\/990","targetHints":{"allow":["GET"]}}],"collection":[{"href":"https:\/\/famed-test.de\/en\/wp-json\/wp\/v2\/pages"}],"about":[{"href":"https:\/\/famed-test.de\/en\/wp-json\/wp\/v2\/types\/page"}],"author":[{"embeddable":true,"href":"https:\/\/famed-test.de\/en\/wp-json\/wp\/v2\/users\/3"}],"replies":[{"embeddable":true,"href":"https:\/\/famed-test.de\/en\/wp-json\/wp\/v2\/comments?post=990"}],"version-history":[{"count":94,"href":"https:\/\/famed-test.de\/en\/wp-json\/wp\/v2\/pages\/990\/revisions"}],"predecessor-version":[{"id":3303,"href":"https:\/\/famed-test.de\/en\/wp-json\/wp\/v2\/pages\/990\/revisions\/3303"}],"wp:attachment":[{"href":"https:\/\/famed-test.de\/en\/wp-json\/wp\/v2\/media?parent=990"}],"curies":[{"name":"wp","href":"https:\/\/api.w.org\/{rel}","templated":true}]}}