{"id":1943,"date":"2024-07-10T08:17:48","date_gmt":"2024-07-10T06:17:48","guid":{"rendered":"https:\/\/famed-test.de\/?page_id=1943"},"modified":"2025-11-24T13:09:08","modified_gmt":"2025-11-24T12:09:08","slug":"impressum","status":"publish","type":"page","link":"https:\/\/famed-test.de\/en\/impressum\/","title":{"rendered":"Imprint"},"content":{"rendered":"<div data-elementor-type=\"wp-page\" data-elementor-id=\"1943\" class=\"elementor elementor-1943\" data-elementor-post-type=\"page\">\n\t\t\t\t<div class=\"elementor-element elementor-element-3803afa8 e-flex e-con-boxed e-con e-parent\" data-id=\"3803afa8\" data-element_type=\"container\" data-e-type=\"container\" data-settings=\"{&quot;background_background&quot;:&quot;classic&quot;,&quot;shape_divider_bottom&quot;:&quot;tilt&quot;}\">\n\t\t\t\t\t<div class=\"e-con-inner\">\n\t\t\t\t<div class=\"elementor-shape elementor-shape-bottom\" aria-hidden=\"true\" data-negative=\"false\">\n\t\t\t<svg xmlns=\"http:\/\/www.w3.org\/2000\/svg\" viewbox=\"0 0 1000 100\" preserveaspectratio=\"none\">\n\t<path class=\"elementor-shape-fill\" d=\"M0,6V0h1000v100L0,6z\"\/>\n<\/svg>\t\t<\/div>\n\t\t\t\t<div class=\"elementor-element elementor-element-79c7d4b9 elementor-widget elementor-widget-heading\" data-id=\"79c7d4b9\" data-element_type=\"widget\" data-e-type=\"widget\" data-widget_type=\"heading.default\">\n\t\t\t\t<div class=\"elementor-widget-container\">\n\t\t\t\t\t<h2 class=\"elementor-heading-title elementor-size-default\">Imprint<\/h2>\t\t\t\t<\/div>\n\t\t\t\t<\/div>\n\t\t\t\t\t<\/div>\n\t\t\t\t<\/div>\n\t\t<div class=\"elementor-element elementor-element-76ad28c7 e-flex e-con-boxed e-con e-parent\" data-id=\"76ad28c7\" data-element_type=\"container\" data-e-type=\"container\">\n\t\t\t\t\t<div class=\"e-con-inner\">\n\t\t\t\t<div class=\"elementor-element elementor-element-1872e8c2 elementor-widget elementor-widget-spacer\" data-id=\"1872e8c2\" data-element_type=\"widget\" data-e-type=\"widget\" data-widget_type=\"spacer.default\">\n\t\t\t\t<div class=\"elementor-widget-container\">\n\t\t\t\t\t\t\t<div class=\"elementor-spacer\">\n\t\t\t<div class=\"elementor-spacer-inner\"><\/div>\n\t\t<\/div>\n\t\t\t\t\t\t<\/div>\n\t\t\t\t<\/div>\n\t\t\t\t\t<\/div>\n\t\t\t\t<\/div>\n\t\t<div class=\"elementor-element elementor-element-d64edb6 e-flex e-con-boxed e-con e-parent\" data-id=\"d64edb6\" data-element_type=\"container\" data-e-type=\"container\">\n\t\t\t\t\t<div class=\"e-con-inner\">\n\t\t\t\t<div class=\"elementor-element elementor-element-9d4173d elementor-widget elementor-widget-text-editor\" data-id=\"9d4173d\" data-element_type=\"widget\" data-e-type=\"widget\" data-widget_type=\"text-editor.default\">\n\t\t\t\t<div class=\"elementor-widget-container\">\n\t\t\t\t\t\t\t\t\t<h3>digiFORT Health and Care Ltd<\/h3><p>Managing Director: Holger Strehlau<br \/>Wilhelmsh\u00f6her Allee 287<br \/>34131 Kassel<\/p><p>Internet: famed-test.de | digifort-experts.de\u00a0<\/p><p>Responsible for content: Holger Strehlau<br \/>Registered office: Kassel HRB 18934<br \/>Commercial Register: Kassel<\/p><h5>Legal Notice<\/h5><p>Links from other internet sites to this homepage or its subpages are permitted without further information or request, provided they support the purpose of this homepage and display it or one of its subpages in the entire current or a new browser window. Calls within a frame, which thus make the linked page of this website appear as part of a foreign internet site, are not permitted.<\/p><h3>Disclaimer<\/h3><h5>Links<\/h5><p>Links leading from this homepage to other internet pages are a courtesy to the internet user. Despite careful content checks, we accept no liability for the content of external links. The operators of the linked pages are solely responsible for their content.<br \/>Contents<br \/>The content of our pages has been compiled with the utmost care. However, we cannot guarantee the accuracy, completeness, or up-to-dateness of the content. As a service provider, we are responsible for our own content on these pages according to general laws, as per \u00a7 7 paragraph 1 of the German Telemedia Act (TMG). However, according to \u00a7\u00a7 8 to 10 of the TMG, we are not obliged as a service provider to monitor transmitted or stored third-party information, or to investigate circumstances that indicate unlawful activity. Obligations to remove or block the use of information under general laws remain unaffected by this. However, liability in this regard is only possible from the time knowledge of a specific infringement of rights is obtained. Should we become aware of corresponding infringements of rights, we will remove this content immediately.<\/p><h5>Data protection<\/h5><p>The use of our website is generally possible without providing personal data. Where personal data (such as name, address, or e-mail addresses) is collected on our pages, this is done, as far as possible, on a voluntary basis. This data will not be disclosed to third parties without your express consent.<\/p><p>We would like to point out that data transmission on the internet (e.g. in email communication) may have security vulnerabilities. Complete protection of data against third-party access is not possible.<\/p><p>The use of contact details published within the scope of the imprint obligation by third parties for the sending of unsolicited advertising and information materials is hereby expressly objected to. The operators of the pages expressly reserve the right to take legal action in the event of unsolicited sending of advertising information, for example by spam emails.<\/p><p>Every access to our homepage and every retrieval of a file stored on the homepage are logged (server log). The storage serves internal system-related and statistical purposes. The following are logged: Name of the retrieved file, date and time of retrieval, amount of data transferred, message about successful retrieval, web browser, and referrer. Additionally, the IP addresses of the requesting computers are logged. Please understand that server log data is absolutely essential for the security and protection of this web presence.<\/p><p>Further personal data will only be collected if you voluntarily provide it, for example, as part of an enquiry or registration.<\/p><h5>Image references<\/h5><p>shutterstock.com, Adobe Stock<\/p>\t\t\t\t\t\t\t\t<\/div>\n\t\t\t\t<\/div>\n\t\t\t\t\t<\/div>\n\t\t\t\t<\/div>\n\t\t<div class=\"elementor-element elementor-element-685af48 e-flex e-con-boxed e-con e-parent\" data-id=\"685af48\" data-element_type=\"container\" data-e-type=\"container\">\n\t\t\t\t\t<div class=\"e-con-inner\">\n\t\t\t\t<div class=\"elementor-element elementor-element-7eef40e elementor-widget elementor-widget-spacer\" data-id=\"7eef40e\" data-element_type=\"widget\" data-e-type=\"widget\" data-widget_type=\"spacer.default\">\n\t\t\t\t<div class=\"elementor-widget-container\">\n\t\t\t\t\t\t\t<div class=\"elementor-spacer\">\n\t\t\t<div class=\"elementor-spacer-inner\"><\/div>\n\t\t<\/div>\n\t\t\t\t\t\t<\/div>\n\t\t\t\t<\/div>\n\t\t\t\t\t<\/div>\n\t\t\t\t<\/div>\n\t\t<div class=\"elementor-element elementor-element-134eab67 e-flex e-con-boxed e-con e-parent\" data-id=\"134eab67\" data-element_type=\"container\" data-e-type=\"container\" data-settings=\"{&quot;background_background&quot;:&quot;classic&quot;}\">\n\t\t\t\t\t<div class=\"e-con-inner\">\n\t\t\t\t<div class=\"elementor-element elementor-element-6a7fd05e elementor-widget elementor-widget-heading\" data-id=\"6a7fd05e\" data-element_type=\"widget\" data-e-type=\"widget\" data-widget_type=\"heading.default\">\n\t\t\t\t<div class=\"elementor-widget-container\">\n\t\t\t\t\t<h2 class=\"elementor-heading-title elementor-size-default\">Do you have questions?<\/h2>\t\t\t\t<\/div>\n\t\t\t\t<\/div>\n\t\t\t\t<div class=\"elementor-element elementor-element-6c39bab1 elementor-widget elementor-widget-heading\" data-id=\"6c39bab1\" data-element_type=\"widget\" data-e-type=\"widget\" data-widget_type=\"heading.default\">\n\t\t\t\t<div class=\"elementor-widget-container\">\n\t\t\t\t\t<h2 class=\"elementor-heading-title elementor-size-default\">Email us!<\/h2>\t\t\t\t<\/div>\n\t\t\t\t<\/div>\n\t\t\t\t<div class=\"elementor-element elementor-element-46f3013a elementor-widget-tablet__width-initial elementor-mobile-align-center elementor-widget__width-initial elementor-align-center elementor-widget elementor-widget-button\" data-id=\"46f3013a\" data-element_type=\"widget\" data-e-type=\"widget\" data-widget_type=\"button.default\">\n\t\t\t\t<div class=\"elementor-widget-container\">\n\t\t\t\t\t\t\t\t\t<div class=\"elementor-button-wrapper\">\n\t\t\t\t\t<a class=\"elementor-button elementor-button-link elementor-size-sm\" href=\"mailto:service@famed-test.de\">\n\t\t\t\t\t\t<span class=\"elementor-button-content-wrapper\">\n\t\t\t\t\t\t<span class=\"elementor-button-icon\">\n\t\t\t\t<svg aria-hidden=\"true\" class=\"e-font-icon-svg e-far-envelope\" viewbox=\"0 0 512 512\" xmlns=\"http:\/\/www.w3.org\/2000\/svg\"><path d=\"M464 64H48C21.49 64 0 85.49 0 112v288c0 26.51 21.49 48 48 48h416c26.51 0 48-21.49 48-48V112c0-26.51-21.49-48-48-48zm0 48v40.805c-22.422 18.259-58.168 46.651-134.587 106.49-16.841 13.247-50.201 45.072-73.413 44.701-23.208.375-56.579-31.459-73.413-44.701C106.18 199.465 70.425 171.067 48 152.805V112h416zM48 400V214.398c22.914 18.251 55.409 43.862 104.938 82.646 21.857 17.205 60.134 55.186 103.062 54.955 42.717.231 80.509-37.199 103.053-54.947 49.528-38.783 82.032-64.401 104.947-82.653V400H48z\"><\/path><\/svg>\t\t\t<\/span>\n\t\t\t\t\t\t\t\t\t<span class=\"elementor-button-text\">Contact us<\/span>\n\t\t\t\t\t<\/span>\n\t\t\t\t\t<\/a>\n\t\t\t\t<\/div>\n\t\t\t\t\t\t\t\t<\/div>\n\t\t\t\t<\/div>\n\t\t\t\t\t<\/div>\n\t\t\t\t<\/div>\n\t\t\t\t<\/div>","protected":false},"excerpt":{"rendered":"<p>Impressum digiFORT Gesundheit und Pflege GmbH Gesch\u00e4ftsf\u00fchrer: Holger StrehlauWilhelmsh\u00f6her Allee 28734131 Kassel Internet: famed-test.de | digifort-experts.de\u00a0 Verantwortlich f\u00fcr den Inhalt: Holger StrehlauSitz: Kassel HRB 18934Registergericht: Kassel Rechtliche Hinweise Links von anderen Internet-Angeboten auf diese Homepage oder ihre Unterseiten sind ohne weitere Informationen oder Anfragen erlaubt, sofern sie das Anliegen dieser Homepage unterst\u00fctzen und sie oder [&hellip;]<\/p>\n","protected":false},"author":3,"featured_media":0,"parent":0,"menu_order":0,"comment_status":"closed","ping_status":"closed","template":"elementor_header_footer","meta":{"inline_featured_image":false,"footnotes":""},"class_list":["post-1943","page","type-page","status-publish","hentry"],"jetpack_sharing_enabled":true,"_links":{"self":[{"href":"https:\/\/famed-test.de\/en\/wp-json\/wp\/v2\/pages\/1943","targetHints":{"allow":["GET"]}}],"collection":[{"href":"https:\/\/famed-test.de\/en\/wp-json\/wp\/v2\/pages"}],"about":[{"href":"https:\/\/famed-test.de\/en\/wp-json\/wp\/v2\/types\/page"}],"author":[{"embeddable":true,"href":"https:\/\/famed-test.de\/en\/wp-json\/wp\/v2\/users\/3"}],"replies":[{"embeddable":true,"href":"https:\/\/famed-test.de\/en\/wp-json\/wp\/v2\/comments?post=1943"}],"version-history":[{"count":13,"href":"https:\/\/famed-test.de\/en\/wp-json\/wp\/v2\/pages\/1943\/revisions"}],"predecessor-version":[{"id":3163,"href":"https:\/\/famed-test.de\/en\/wp-json\/wp\/v2\/pages\/1943\/revisions\/3163"}],"wp:attachment":[{"href":"https:\/\/famed-test.de\/en\/wp-json\/wp\/v2\/media?parent=1943"}],"curies":[{"name":"wp","href":"https:\/\/api.w.org\/{rel}","templated":true}]}}