{"id":1705,"date":"2024-06-26T09:28:55","date_gmt":"2024-06-26T07:28:55","guid":{"rendered":"https:\/\/wp.famed-test.de\/?page_id=1705"},"modified":"2026-03-18T15:02:17","modified_gmt":"2026-03-18T14:02:17","slug":"pruefungsergebnis","status":"publish","type":"page","link":"https:\/\/famed-test.de\/en\/pruefungsergebnis\/","title":{"rendered":"Exam result"},"content":{"rendered":"<div data-elementor-type=\"wp-page\" data-elementor-id=\"1705\" class=\"elementor elementor-1705\" data-elementor-post-type=\"page\">\n\t\t\t\t<div class=\"elementor-element elementor-element-3d28968a e-flex e-con-boxed e-con e-parent\" data-id=\"3d28968a\" data-element_type=\"container\" data-e-type=\"container\" data-settings=\"{&quot;background_background&quot;:&quot;classic&quot;,&quot;shape_divider_bottom&quot;:&quot;tilt&quot;}\">\n\t\t\t\t\t<div class=\"e-con-inner\">\n\t\t\t\t<div class=\"elementor-shape elementor-shape-bottom\" aria-hidden=\"true\" data-negative=\"false\">\n\t\t\t<svg xmlns=\"http:\/\/www.w3.org\/2000\/svg\" viewbox=\"0 0 1000 100\" preserveaspectratio=\"none\">\n\t<path class=\"elementor-shape-fill\" d=\"M0,6V0h1000v100L0,6z\"\/>\n<\/svg>\t\t<\/div>\n\t\t\t\t<div class=\"elementor-element elementor-element-1807372a elementor-widget elementor-widget-heading\" data-id=\"1807372a\" data-element_type=\"widget\" data-e-type=\"widget\" data-widget_type=\"heading.default\">\n\t\t\t\t<div class=\"elementor-widget-container\">\n\t\t\t\t\t<h2 class=\"elementor-heading-title elementor-size-default\">Exam result<\/h2>\t\t\t\t<\/div>\n\t\t\t\t<\/div>\n\t\t\t\t\t<\/div>\n\t\t\t\t<\/div>\n\t\t<div class=\"elementor-element elementor-element-5b5facb e-flex e-con-boxed e-con e-parent\" data-id=\"5b5facb\" data-element_type=\"container\" data-e-type=\"container\" data-settings=\"{&quot;background_background&quot;:&quot;classic&quot;}\">\n\t\t\t\t\t<div class=\"e-con-inner\">\n\t\t<div class=\"elementor-element elementor-element-63e51ea e-con-full e-flex e-con e-child\" data-id=\"63e51ea\" data-element_type=\"container\" data-e-type=\"container\" data-settings=\"{&quot;animation&quot;:&quot;none&quot;}\">\n\t\t\t\t<div class=\"elementor-element elementor-element-32768a1 elementor-widget__width-initial elementor-widget elementor-widget-image\" data-id=\"32768a1\" data-element_type=\"widget\" data-e-type=\"widget\" data-widget_type=\"image.default\">\n\t\t\t\t<div class=\"elementor-widget-container\">\n\t\t\t\t\t\t\t\t\t\t\t\t\t\t\t<img fetchpriority=\"high\" decoding=\"async\" width=\"800\" height=\"800\" src=\"https:\/\/famed-test.de\/wp-content\/uploads\/2024\/05\/Group-video-rafiki.svg\" class=\"attachment-large size-large wp-image-915\" alt=\"\" \/>\t\t\t\t\t\t\t\t\t\t\t\t\t\t\t<\/div>\n\t\t\t\t<\/div>\n\t\t\t\t<\/div>\n\t\t<div class=\"elementor-element elementor-element-2d5cd11 e-con-full e-flex e-con e-child\" data-id=\"2d5cd11\" data-element_type=\"container\" data-e-type=\"container\" data-settings=\"{&quot;animation&quot;:&quot;none&quot;}\">\n\t\t\t\t<div class=\"elementor-element elementor-element-f4f1224 elementor-widget elementor-widget-text-editor\" data-id=\"f4f1224\" data-element_type=\"widget\" data-e-type=\"widget\" data-widget_type=\"text-editor.default\">\n\t\t\t\t<div class=\"elementor-widget-container\">\n\t\t\t\t\t\t\t\t\t<p>The overall result is derived from the average score achieved at all three examination stations. To pass the examination, at least 60 % of the maximum achievable points must be scored.<\/p><p>The minimum score at each examination station is 60 %. Should a score of less than 60 achieved at any examination station, the entire examination will be considered failed, and we reserve the right to cancel the assessment of the examination.<\/p><p>Should you not pass, we offer participants the opportunity for a one-time, binding, and free 15-minute follow-up discussion via live video conference. These discussions are carefully prepared. Your supervising language teachers are also welcome to participate in the discussions. In this discussion, we will address error patterns and explain how participants can improve to pass the exam. A further follow-up discussion can take place no earlier than six months after the last appointment. It should be noted that the exam does not involve a purely knowledge-based assessment, but rather tests language proficiency. This means that errors cannot be corrected by rote learning. Effective learning progress is achieved by continuously building, practising, and applying language proficiency.<\/p><p>The assessment of examination performance is carried out by an independent assessment team consisting of a certified doctor and a DaF (German as a Foreign Language) expert. The assessment usually takes place within 2 to 4 weeks after the examination day. The result will be sent electronically via e-mail from service@famed-test.de. Please ensure that the e-mail is not classified as spam.<\/p><p>We kindly ask that you refrain from making enquiries about the status of the results evaluation.<\/p><p>Upon passing the exam, participants will receive their certificate as a forgery-proof digital certificate shortly after the results are sent out, in a separate email. There will be no additional postal delivery. To apply for recognition, the certificate must be printed on both sides and sent by post to the respective service office.<\/p>\t\t\t\t\t\t\t\t<\/div>\n\t\t\t\t<\/div>\n\t\t\t\t<\/div>\n\t\t\t\t<div class=\"elementor-element elementor-element-5bb8c93 elementor-widget elementor-widget-spacer\" data-id=\"5bb8c93\" data-element_type=\"widget\" data-e-type=\"widget\" data-widget_type=\"spacer.default\">\n\t\t\t\t<div class=\"elementor-widget-container\">\n\t\t\t\t\t\t\t<div class=\"elementor-spacer\">\n\t\t\t<div class=\"elementor-spacer-inner\"><\/div>\n\t\t<\/div>\n\t\t\t\t\t\t<\/div>\n\t\t\t\t<\/div>\n\t\t\t\t\t<\/div>\n\t\t\t\t<\/div>\n\t\t<div class=\"elementor-element elementor-element-654117ad e-flex e-con-boxed e-con e-parent\" data-id=\"654117ad\" data-element_type=\"container\" data-e-type=\"container\" data-settings=\"{&quot;background_background&quot;:&quot;classic&quot;}\">\n\t\t\t\t\t<div class=\"e-con-inner\">\n\t\t\t\t<div class=\"elementor-element elementor-element-6503e43b elementor-widget elementor-widget-heading\" data-id=\"6503e43b\" data-element_type=\"widget\" data-e-type=\"widget\" data-widget_type=\"heading.default\">\n\t\t\t\t<div class=\"elementor-widget-container\">\n\t\t\t\t\t<h2 class=\"elementor-heading-title elementor-size-default\">Do you have questions?<\/h2>\t\t\t\t<\/div>\n\t\t\t\t<\/div>\n\t\t\t\t<div class=\"elementor-element elementor-element-8ffe361 elementor-widget elementor-widget-heading\" data-id=\"8ffe361\" data-element_type=\"widget\" data-e-type=\"widget\" data-widget_type=\"heading.default\">\n\t\t\t\t<div class=\"elementor-widget-container\">\n\t\t\t\t\t<h2 class=\"elementor-heading-title elementor-size-default\">Email us!<\/h2>\t\t\t\t<\/div>\n\t\t\t\t<\/div>\n\t\t\t\t<div class=\"elementor-element elementor-element-53040725 elementor-widget-tablet__width-initial elementor-mobile-align-center elementor-widget__width-initial elementor-align-center elementor-widget elementor-widget-button\" data-id=\"53040725\" data-element_type=\"widget\" data-e-type=\"widget\" data-widget_type=\"button.default\">\n\t\t\t\t<div class=\"elementor-widget-container\">\n\t\t\t\t\t\t\t\t\t<div class=\"elementor-button-wrapper\">\n\t\t\t\t\t<a class=\"elementor-button elementor-button-link elementor-size-sm\" href=\"mailto:service@famed-test.de\">\n\t\t\t\t\t\t<span class=\"elementor-button-content-wrapper\">\n\t\t\t\t\t\t<span class=\"elementor-button-icon\">\n\t\t\t\t<svg aria-hidden=\"true\" class=\"e-font-icon-svg e-far-envelope\" viewbox=\"0 0 512 512\" xmlns=\"http:\/\/www.w3.org\/2000\/svg\"><path d=\"M464 64H48C21.49 64 0 85.49 0 112v288c0 26.51 21.49 48 48 48h416c26.51 0 48-21.49 48-48V112c0-26.51-21.49-48-48-48zm0 48v40.805c-22.422 18.259-58.168 46.651-134.587 106.49-16.841 13.247-50.201 45.072-73.413 44.701-23.208.375-56.579-31.459-73.413-44.701C106.18 199.465 70.425 171.067 48 152.805V112h416zM48 400V214.398c22.914 18.251 55.409 43.862 104.938 82.646 21.857 17.205 60.134 55.186 103.062 54.955 42.717.231 80.509-37.199 103.053-54.947 49.528-38.783 82.032-64.401 104.947-82.653V400H48z\"><\/path><\/svg>\t\t\t<\/span>\n\t\t\t\t\t\t\t\t\t<span class=\"elementor-button-text\">Contact us<\/span>\n\t\t\t\t\t<\/span>\n\t\t\t\t\t<\/a>\n\t\t\t\t<\/div>\n\t\t\t\t\t\t\t\t<\/div>\n\t\t\t\t<\/div>\n\t\t\t\t\t<\/div>\n\t\t\t\t<\/div>\n\t\t\t\t<\/div>","protected":false},"excerpt":{"rendered":"<p>Pr\u00fcfungsergebnis Das Gesamtergebnis ergibt sich aus dem Durchschnittswert aller in den drei Pr\u00fcfungsstationen erreichten Punkte. Um die Pr\u00fcfung zu bestehen, m\u00fcssen mindestens 60 % der maximal erreichbaren Punkte erzielt werden. Die Mindestpunktzahl liegt bei jeder Pr\u00fcfungsstation bei 60 %. Sollte in einer Pr\u00fcfungsstation weniger als 60 % erreicht werden, gilt die gesamte Pr\u00fcfung als nicht [&hellip;]<\/p>\n","protected":false},"author":3,"featured_media":0,"parent":0,"menu_order":0,"comment_status":"closed","ping_status":"closed","template":"elementor_header_footer","meta":{"inline_featured_image":false,"footnotes":""},"class_list":["post-1705","page","type-page","status-publish","hentry"],"jetpack_sharing_enabled":true,"_links":{"self":[{"href":"https:\/\/famed-test.de\/en\/wp-json\/wp\/v2\/pages\/1705","targetHints":{"allow":["GET"]}}],"collection":[{"href":"https:\/\/famed-test.de\/en\/wp-json\/wp\/v2\/pages"}],"about":[{"href":"https:\/\/famed-test.de\/en\/wp-json\/wp\/v2\/types\/page"}],"author":[{"embeddable":true,"href":"https:\/\/famed-test.de\/en\/wp-json\/wp\/v2\/users\/3"}],"replies":[{"embeddable":true,"href":"https:\/\/famed-test.de\/en\/wp-json\/wp\/v2\/comments?post=1705"}],"version-history":[{"count":34,"href":"https:\/\/famed-test.de\/en\/wp-json\/wp\/v2\/pages\/1705\/revisions"}],"predecessor-version":[{"id":3373,"href":"https:\/\/famed-test.de\/en\/wp-json\/wp\/v2\/pages\/1705\/revisions\/3373"}],"wp:attachment":[{"href":"https:\/\/famed-test.de\/en\/wp-json\/wp\/v2\/media?parent=1705"}],"curies":[{"name":"wp","href":"https:\/\/api.w.org\/{rel}","templated":true}]}}