{"id":2271,"date":"2024-09-25T09:50:42","date_gmt":"2024-09-25T07:50:42","guid":{"rendered":"https:\/\/famed-test.de\/?page_id=2271"},"modified":"2026-02-04T16:50:12","modified_gmt":"2026-02-04T15:50:12","slug":"uebungstest","status":"publish","type":"page","link":"https:\/\/famed-test.de\/ar\/uebungstest\/","title":{"rendered":"FaMed-\u00dcbungstest"},"content":{"rendered":"<div data-elementor-type=\"wp-post\" data-elementor-id=\"2271\" class=\"elementor elementor-2271\" data-elementor-post-type=\"page\">\n\t\t\t\t<div class=\"elementor-element elementor-element-ebbc62e e-flex e-con-boxed e-con e-parent\" data-id=\"ebbc62e\" data-element_type=\"container\" data-e-type=\"container\" data-settings=\"{&quot;background_background&quot;:&quot;classic&quot;,&quot;shape_divider_top&quot;:&quot;tilt&quot;,&quot;shape_divider_bottom&quot;:&quot;tilt&quot;}\">\n\t\t\t\t\t<div class=\"e-con-inner\">\n\t\t\t\t<div class=\"elementor-shape elementor-shape-top\" aria-hidden=\"true\" data-negative=\"false\">\n\t\t\t<svg xmlns=\"http:\/\/www.w3.org\/2000\/svg\" viewbox=\"0 0 1000 100\" preserveaspectratio=\"none\">\n\t<path class=\"elementor-shape-fill\" d=\"M0,6V0h1000v100L0,6z\"\/>\n<\/svg>\t\t<\/div>\n\t\t\t\t<div class=\"elementor-shape elementor-shape-bottom\" aria-hidden=\"true\" data-negative=\"false\">\n\t\t\t<svg xmlns=\"http:\/\/www.w3.org\/2000\/svg\" viewbox=\"0 0 1000 100\" preserveaspectratio=\"none\">\n\t<path class=\"elementor-shape-fill\" d=\"M0,6V0h1000v100L0,6z\"\/>\n<\/svg>\t\t<\/div>\n\t\t\t\t<div class=\"elementor-element elementor-element-19fa307 elementor-widget elementor-widget-spacer\" data-id=\"19fa307\" data-element_type=\"widget\" data-e-type=\"widget\" data-widget_type=\"spacer.default\">\n\t\t\t\t<div class=\"elementor-widget-container\">\n\t\t\t\t\t\t\t<div class=\"elementor-spacer\">\n\t\t\t<div class=\"elementor-spacer-inner\"><\/div>\n\t\t<\/div>\n\t\t\t\t\t\t<\/div>\n\t\t\t\t<\/div>\n\t\t\t\t<div class=\"elementor-element elementor-element-eda33a3 elementor-widget elementor-widget-heading\" data-id=\"eda33a3\" data-element_type=\"widget\" data-e-type=\"widget\" data-widget_type=\"heading.default\">\n\t\t\t\t<div class=\"elementor-widget-container\">\n\t\t\t\t\t<h2 class=\"elementor-heading-title elementor-size-default\">\u0641\u0627\u0645\u064a\u062f- \u0627\u062e\u062a\u0628\u0627\u0631 \u062a\u062f\u0631\u064a\u0628\u064a \u0637\u0628 \u0628\u0634\u0631\u064a<\/h2>\t\t\t\t<\/div>\n\t\t\t\t<\/div>\n\t\t\t\t<div class=\"elementor-element elementor-element-5bb81d5 elementor-widget elementor-widget-spacer\" data-id=\"5bb81d5\" data-element_type=\"widget\" data-e-type=\"widget\" data-widget_type=\"spacer.default\">\n\t\t\t\t<div class=\"elementor-widget-container\">\n\t\t\t\t\t\t\t<div class=\"elementor-spacer\">\n\t\t\t<div class=\"elementor-spacer-inner\"><\/div>\n\t\t<\/div>\n\t\t\t\t\t\t<\/div>\n\t\t\t\t<\/div>\n\t\t\t\t\t<\/div>\n\t\t\t\t<\/div>\n\t\t<div class=\"elementor-element elementor-element-733e914 e-flex e-con-boxed e-con e-parent\" data-id=\"733e914\" data-element_type=\"container\" data-e-type=\"container\">\n\t\t\t\t\t<div class=\"e-con-inner\">\n\t\t<div class=\"elementor-element elementor-element-c28aec8 e-con-full e-flex e-con e-child\" data-id=\"c28aec8\" data-element_type=\"container\" data-e-type=\"container\">\n\t\t\t\t<div class=\"elementor-element elementor-element-6cddb3fb elementor-widget elementor-widget-text-editor\" data-id=\"6cddb3fb\" data-element_type=\"widget\" data-e-type=\"widget\" data-widget_type=\"text-editor.default\">\n\t\t\t\t<div class=\"elementor-widget-container\">\n\t\t\t\t\t\t\t\t\t<p>\u0644\u0645\u0633\u0627\u0639\u062f\u062a\u0643 \u0641\u064a \u0627\u0644\u0627\u0633\u062a\u0639\u062f\u0627\u062f \u0628\u0634\u0643\u0644 \u0623\u0641\u0636\u0644 \u0644\u0627\u0645\u062a\u062d\u0627\u0646 FaMed\u060c \u0642\u0645\u0646\u0627 \u0628\u062a\u062c\u0645\u064a\u0639 \u0627\u062e\u062a\u0628\u0627\u0631 \u062a\u062f\u0631\u064a\u0628\u064a \u062e\u0627\u0635 \u0628\u0640 FaMed. \u0633\u064a\u0633\u0645\u062d \u0644\u0643 \u0647\u0630\u0627 \u0628\u0645\u062d\u0627\u0643\u0627\u0629 \u0645\u0633\u0627\u0631 \u0627\u0645\u062a\u062d\u0627\u0646 \u062d\u0642\u064a\u0642\u064a.<\/p><p>\u0627\u0644\u0648\u0642\u062a \u0627\u0644\u0645\u0646\u0627\u0633\u0628 \u0644\u0627\u062e\u062a\u0628\u0627\u0631 FaMed \u0627\u0644\u062a\u062f\u0631\u064a\u0628\u064a \u0647\u0648 \u0639\u0646\u062f\u0645\u0627 \u062a\u0643\u0648\u0646 \u0642\u062f \u0628\u0644\u063a\u062a \u0628\u0627\u0644\u0641\u0639\u0644 \u0645\u0633\u062a\u0648\u0649 C1 \u0648\u062a\u0633\u062a\u0639\u062f \u0627\u0644\u0622\u0646 \u0628\u0634\u0643\u0644 \u062e\u0627\u0635 \u0644\u0644\u0627\u0645\u062a\u062d\u0627\u0646<em>\u0648\u0636\u0639<\/em> \u064a\u0631\u064a\u062f \u0627\u0644\u0627\u0633\u062a\u0639\u062f\u0627\u062f. \u064a\u0645\u0643\u0646 \u0623\u0646 \u064a\u0633\u0627\u0639\u062f\u0643 \u0627\u0644\u0627\u062e\u062a\u0628\u0627\u0631 \u0627\u0644\u062a\u062f\u0631\u064a\u0628\u064a \u0641\u064a \u0627\u0644\u0625\u062c\u0627\u0628\u0629 \u0639\u0644\u0649 \u0627\u0644\u0623\u0633\u0626\u0644\u0629 \u0627\u0644\u062a\u0627\u0644\u064a\u0629 \u0642\u0628\u0644 \u0627\u062e\u062a\u0628\u0627\u0631 FaMed \u0627\u0644\u0641\u0639\u0644\u064a:<\/p><ul><li>\u0647\u0644 \u0623\u0641\u0647\u0645 \u062c\u0645\u064a\u0639 \u0627\u0644\u0645\u0647\u0627\u0645\u061f<\/li><li>\u0647\u0644 \u0633\u0623\u062a\u0645\u0643\u0646 \u0645\u0646 \u062a\u0642\u062f\u064a\u0645 \u0643\u0644 \u0627\u0644\u0645\u0639\u0644\u0648\u0645\u0627\u062a \u0641\u064a \u0627\u0644\u0648\u0642\u062a \u0627\u0644\u0645\u062d\u062f\u062f\u061f<\/li><li>\u0647\u0644 \u0633\u062a\u064f\u0639\u062a\u0628\u0631 \u062a\u0639\u0644\u064a\u0642\u0627\u062a\u064a \u0633\u0644\u0633\u0629 \u0648\u0648\u0627\u0636\u062d\u0629 \u0648\u0645\u0646\u0638\u0645\u0629\u061f<\/li><li>\u0647\u0644 \u064a\u0645\u0643\u0646\u0646\u064a \u0627\u0644\u0625\u062c\u0627\u0628\u0629 \u0639\u0644\u0649 \u0627\u0644\u0623\u0633\u0626\u0644\u0629 \u0627\u0644\u0627\u0633\u062a\u0641\u0633\u0627\u0631\u064a\u0629 \u0627\u0644\u0645\u0641\u0627\u062c\u0626\u0629 \u0628\u062f\u0642\u0629\u061f<\/li><\/ul>\t\t\t\t\t\t\t\t<\/div>\n\t\t\t\t<\/div>\n\t\t\t\t<\/div>\n\t\t<div class=\"elementor-element elementor-element-665d0fe6 e-con-full e-flex e-con e-child\" data-id=\"665d0fe6\" data-element_type=\"container\" data-e-type=\"container\">\n\t\t\t\t<div class=\"elementor-element elementor-element-aae743b elementor-widget__width-initial elementor-widget elementor-widget-image\" data-id=\"aae743b\" data-element_type=\"widget\" data-e-type=\"widget\" data-widget_type=\"image.default\">\n\t\t\t\t<div class=\"elementor-widget-container\">\n\t\t\t\t\t\t\t\t\t\t\t\t\t\t\t<img fetchpriority=\"high\" decoding=\"async\" width=\"800\" height=\"800\" src=\"https:\/\/famed-test.de\/wp-content\/uploads\/2024\/05\/Diabetes-rafiki.svg\" class=\"attachment-large size-large wp-image-904\" alt=\"\" \/>\t\t\t\t\t\t\t\t\t\t\t\t\t\t\t<\/div>\n\t\t\t\t<\/div>\n\t\t\t\t<\/div>\n\t\t\t\t\t<\/div>\n\t\t\t\t<\/div>\n\t\t<div class=\"elementor-element elementor-element-5bff083 e-flex e-con-boxed e-con e-parent\" data-id=\"5bff083\" data-element_type=\"container\" data-e-type=\"container\" data-settings=\"{&quot;background_background&quot;:&quot;classic&quot;}\">\n\t\t\t\t\t<div class=\"e-con-inner\">\n\t\t<div class=\"elementor-element elementor-element-ecce91c e-con-full e-flex e-con e-child\" data-id=\"ecce91c\" data-element_type=\"container\" data-e-type=\"container\">\n\t\t\t\t<div class=\"elementor-element elementor-element-c721fce elementor-invisible elementor-widget elementor-widget-heading\" data-id=\"c721fce\" data-element_type=\"widget\" data-e-type=\"widget\" data-settings=\"{&quot;_animation&quot;:&quot;fadeInUp&quot;}\" data-widget_type=\"heading.default\">\n\t\t\t\t<div class=\"elementor-widget-container\">\n\t\t\t\t\t<h2 class=\"elementor-heading-title elementor-size-default\">\u0627\u062e\u062a\u0628\u0627\u0631 \u062a\u062f\u0631\u064a\u0628\u064a \u0637\u0628 \u0628\u0634\u0631\u064a<\/h2>\t\t\t\t<\/div>\n\t\t\t\t<\/div>\n\t\t\t\t<div class=\"elementor-element elementor-element-c47adce elementor-widget elementor-widget-pdfjs-viewer\" data-id=\"c47adce\" data-element_type=\"widget\" data-e-type=\"widget\" data-widget_type=\"pdfjs-viewer.default\">\n\t\t\t\t<div class=\"elementor-widget-container\">\n\t\t\t\t\t<iframe width=\"\" height=\"800\" src=\"https:\/\/famed-test.de\/wp-content\/plugins\/pdfjs-viewer-for-elementor\/\/assets\/js\/pdfjs\/web\/viewer.html?file=https:\/\/famed-test.de\/wp-content\/uploads\/2024\/09\/FaMed-Uebungstest.pdf\"><\/iframe>\t\t\t\t<\/div>\n\t\t\t\t<\/div>\n\t\t\t\t<\/div>\n\t\t\t\t\t<\/div>\n\t\t\t\t<\/div>\n\t\t\t\t<\/div>","protected":false},"excerpt":{"rendered":"<p>FaMed-\u00dcbungstest Humanmedizin Damit Sie sich besser auf die FaMed-Pr\u00fcfung vorbereiten k\u00f6nnen, haben wir f\u00fcr Sie einen FaMed-\u00dcbungstest zusammengestellt. So k\u00f6nnen Sie einen authentischen Pr\u00fcfungsablauf simulieren. Ein sinnvoller Zeitpunkt f\u00fcr den FaMed-\u00dcbungstest ist dann, wenn Sie bereits das C1-Niveau erreicht haben und Sie sich nun spezifisch auf die Pr\u00fcfungssituation vorbereiten wollen. Der \u00dcbungstest kann Ihnen helfen, [&hellip;]<\/p>\n","protected":false},"author":3,"featured_media":0,"parent":0,"menu_order":0,"comment_status":"closed","ping_status":"closed","template":"elementor_header_footer","meta":{"inline_featured_image":false,"footnotes":""},"class_list":["post-2271","page","type-page","status-publish","hentry"],"jetpack_sharing_enabled":true,"_links":{"self":[{"href":"https:\/\/famed-test.de\/ar\/wp-json\/wp\/v2\/pages\/2271","targetHints":{"allow":["GET"]}}],"collection":[{"href":"https:\/\/famed-test.de\/ar\/wp-json\/wp\/v2\/pages"}],"about":[{"href":"https:\/\/famed-test.de\/ar\/wp-json\/wp\/v2\/types\/page"}],"author":[{"embeddable":true,"href":"https:\/\/famed-test.de\/ar\/wp-json\/wp\/v2\/users\/3"}],"replies":[{"embeddable":true,"href":"https:\/\/famed-test.de\/ar\/wp-json\/wp\/v2\/comments?post=2271"}],"version-history":[{"count":21,"href":"https:\/\/famed-test.de\/ar\/wp-json\/wp\/v2\/pages\/2271\/revisions"}],"predecessor-version":[{"id":3237,"href":"https:\/\/famed-test.de\/ar\/wp-json\/wp\/v2\/pages\/2271\/revisions\/3237"}],"wp:attachment":[{"href":"https:\/\/famed-test.de\/ar\/wp-json\/wp\/v2\/media?parent=2271"}],"curies":[{"name":"wp","href":"https:\/\/api.w.org\/{rel}","templated":true}]}}